{"id":81659,"date":"2024-10-15T15:59:42","date_gmt":"2024-10-15T13:59:42","guid":{"rendered":"https:\/\/www.mariodoni.it\/made-to-order\/"},"modified":"2025-07-21T09:34:58","modified_gmt":"2025-07-21T07:34:58","slug":"made-to-order","status":"publish","type":"page","link":"https:\/\/www.mariodoni.it\/en\/made-to-order\/","title":{"rendered":"Made To Order"},"content":{"rendered":"\t\t<div data-elementor-type=\"wp-page\" data-elementor-id=\"81659\" class=\"elementor elementor-81659 elementor-21465\" data-elementor-post-type=\"page\">\n\t\t\t\t\t\t<div class=\"elementor-section elementor-top-section elementor-element elementor-element-59f8b29 elementor-section-stretched elementor-section-content-middle elementor-section-boxed elementor-section-height-default elementor-section-height-default\" data-id=\"59f8b29\" data-element_type=\"section\" data-e-type=\"section\" data-settings=\"{&quot;stretch_section&quot;:&quot;section-stretched&quot;,&quot;background_background&quot;:&quot;classic&quot;}\">\n\t\t\t\t\t\t<div class=\"elementor-container elementor-column-gap-no\">\n\t\t\t\t\t<div class=\"elementor-column elementor-col-50 elementor-top-column elementor-element elementor-element-8538a9e\" data-id=\"8538a9e\" data-element_type=\"column\" data-e-type=\"column\">\n\t\t\t<div class=\"elementor-widget-wrap elementor-element-populated\">\n\t\t\t\t\t\t<div class=\"elementor-element elementor-element-1cc5b92 elementor-widget elementor-widget-heading\" data-id=\"1cc5b92\" data-element_type=\"widget\" data-e-type=\"widget\" data-widget_type=\"heading.default\">\n\t\t\t\t<div class=\"elementor-widget-container\">\n\t\t\t\t\t<h1 class=\"elementor-heading-title elementor-size-default\"><span style=\"font-weight:normal\"><span style=\"font-size: 20pt;font-family: Montserrat, sans-serif;background-color: transparent;font-weight: 600;font-style: normal;font-variant: normal\">MADE TO ORDER<\/span><\/span><\/h1>\t\t\t\t<\/div>\n\t\t\t\t<\/div>\n\t\t\t\t<div class=\"elementor-element elementor-element-aa6667d elementor-widget__width-initial elementor-widget elementor-widget-text-editor\" data-id=\"aa6667d\" data-element_type=\"widget\" data-e-type=\"widget\" data-widget_type=\"text-editor.default\">\n\t\t\t\t<div class=\"elementor-widget-container\">\n\t\t\t\t\t\t\t\t\t<p><b>Sandali su misura: un&#8217;esperienza unica per i tuoi piedi<\/b><\/p><p><span style=\"font-weight: 400;\">Hai mai sognato un paio di sandali che fossero perfetti per te, in ogni singolo dettaglio? Che si adattino ad un tuo desiderio e rispecchiano il tuo stile personale? Con i nostri sandali, questo sogno diventa realt\u00e0!<\/span><\/p><p>\u00a0<\/p>\t\t\t\t\t\t\t\t<\/div>\n\t\t\t\t<\/div>\n\t\t\t\t\t<\/div>\n\t\t<\/div>\n\t\t\t\t<div class=\"elementor-column elementor-col-50 elementor-top-column elementor-element elementor-element-355f797\" data-id=\"355f797\" data-element_type=\"column\" data-e-type=\"column\">\n\t\t\t<div class=\"elementor-widget-wrap elementor-element-populated\">\n\t\t\t\t\t\t<div class=\"elementor-element elementor-element-42c6616 elementor-widget elementor-widget-image\" data-id=\"42c6616\" data-element_type=\"widget\" data-e-type=\"widget\" data-widget_type=\"image.default\">\n\t\t\t\t<div class=\"elementor-widget-container\">\n\t\t\t\t\t\t\t\t\t\t\t\t\t\t\t<img fetchpriority=\"high\" decoding=\"async\" width=\"503\" height=\"542\" src=\"https:\/\/www.mariodoni.it\/wp-content\/uploads\/2024\/10\/about-us.png\" class=\"attachment-large size-large wp-image-21308\" alt=\"\" \/>\t\t\t\t\t\t\t\t\t\t\t\t\t\t\t<\/div>\n\t\t\t\t<\/div>\n\t\t\t\t\t<\/div>\n\t\t<\/div>\n\t\t\t\t\t<\/div>\n\t\t<\/div>\n\t\t\t\t<div class=\"elementor-section elementor-top-section elementor-element elementor-element-e743376 elementor-section-stretched elementor-section-full_width elementor-section-content-middle elementor-section-height-default elementor-section-height-default\" data-id=\"e743376\" data-element_type=\"section\" data-e-type=\"section\" data-settings=\"{&quot;stretch_section&quot;:&quot;section-stretched&quot;,&quot;background_background&quot;:&quot;classic&quot;}\">\n\t\t\t\t\t\t<div class=\"elementor-container elementor-column-gap-no\">\n\t\t\t\t\t<div class=\"elementor-column elementor-col-50 elementor-top-column elementor-element elementor-element-7a3bda1 elementor-invisible\" data-id=\"7a3bda1\" data-element_type=\"column\" data-e-type=\"column\" data-settings=\"{&quot;background_background&quot;:&quot;classic&quot;,&quot;animation&quot;:&quot;fadeInLeft&quot;,&quot;animation_delay&quot;:400}\">\n\t\t\t<div class=\"elementor-widget-wrap elementor-element-populated\">\n\t\t\t\t\t\t<div class=\"elementor-element elementor-element-6fbb0c2 elementor-invisible elementor-widget elementor-widget-spacer\" data-id=\"6fbb0c2\" data-element_type=\"widget\" data-e-type=\"widget\" data-settings=\"{&quot;_animation&quot;:&quot;fadeInUp&quot;}\" data-widget_type=\"spacer.default\">\n\t\t\t\t<div class=\"elementor-widget-container\">\n\t\t\t\t\t\t\t<div class=\"elementor-spacer\">\n\t\t\t<div class=\"elementor-spacer-inner\"><\/div>\n\t\t<\/div>\n\t\t\t\t\t\t<\/div>\n\t\t\t\t<\/div>\n\t\t\t\t\t<\/div>\n\t\t<\/div>\n\t\t\t\t<div class=\"elementor-column elementor-col-50 elementor-top-column elementor-element elementor-element-cc5a4d4\" data-id=\"cc5a4d4\" data-element_type=\"column\" data-e-type=\"column\">\n\t\t\t<div class=\"elementor-widget-wrap elementor-element-populated\">\n\t\t\t\t\t\t<div class=\"elementor-element elementor-element-f718766 elementor-widget__width-initial elementor-invisible elementor-widget elementor-widget-text-editor\" data-id=\"f718766\" data-element_type=\"widget\" data-e-type=\"widget\" data-settings=\"{&quot;_animation&quot;:&quot;fadeInUp&quot;,&quot;_animation_delay&quot;:500}\" data-widget_type=\"text-editor.default\">\n\t\t\t\t<div class=\"elementor-widget-container\">\n\t\t\t\t\t\t\t\t\t<p><b>Perch\u00e9 scegliere il &#8220;made to order&#8221;?<\/b><\/p><ul><li style=\"font-weight: 400;\" aria-level=\"1\"><b>Unicit\u00e0:<\/b><span style=\"font-weight: 400;\"> Ogni paio di sandali \u00e8 un pezzo unico, creato appositamente per te. Dalle dimensioni alla scelta dei materiali, ogni dettaglio \u00e8 personalizzabile per soddisfare le tue preferenze.<\/span><\/li><li style=\"font-weight: 400;\" aria-level=\"1\"><b>Comfort:<\/b><span style=\"font-weight: 400;\"> Dimenticati dei fastidi causati da calzature poco comode. I nostri sandali sono realizzati in base alle tue esigenze per garantire il massimo comfort ad ogni passo.<\/span><\/li><li style=\"font-weight: 400;\" aria-level=\"1\"><b>Qualit\u00e0:<\/b><span style=\"font-weight: 400;\"> Utilizziamo solo materiali di alta qualit\u00e0, selezionati con cura per offrirti un prodotto durevole e resistente nel tempo.<\/span><\/li><li style=\"font-weight: 400;\" aria-level=\"1\"><b>Sostenibilit\u00e0:<\/b><span style=\"font-weight: 400;\"> Scegliendo un prodotto &#8220;made to order&#8221;, riduci gli sprechi e contribuisci a un consumo pi\u00f9 responsabile.<\/span><\/li><li style=\"font-weight: 400;\" aria-level=\"1\"><b>Personalizzazione:<\/b><span style=\"font-weight: 400;\"> Dai libero sfogo alla tua creativit\u00e0! Scegli il colore, il materiale, le decorazioni e crea un paio di sandali che ti rappresentino al meglio.<\/span><\/li><\/ul>\t\t\t\t\t\t\t\t<\/div>\n\t\t\t\t<\/div>\n\t\t\t\t\t<\/div>\n\t\t<\/div>\n\t\t\t\t\t<\/div>\n\t\t<\/div>\n\t\t\t\t<div class=\"elementor-section elementor-top-section elementor-element elementor-element-f7e5365 elementor-section-stretched elementor-section-full_width elementor-section-content-middle elementor-section-height-default elementor-section-height-default\" data-id=\"f7e5365\" data-element_type=\"section\" data-e-type=\"section\" data-settings=\"{&quot;stretch_section&quot;:&quot;section-stretched&quot;,&quot;background_background&quot;:&quot;classic&quot;}\">\n\t\t\t\t\t\t<div class=\"elementor-container elementor-column-gap-no\">\n\t\t\t\t\t<div class=\"elementor-column elementor-col-50 elementor-top-column elementor-element elementor-element-b1a6eb2 elementor-invisible\" data-id=\"b1a6eb2\" data-element_type=\"column\" data-e-type=\"column\" data-settings=\"{&quot;animation&quot;:&quot;fadeInLeft&quot;,&quot;animation_delay&quot;:400}\">\n\t\t\t<div class=\"elementor-widget-wrap elementor-element-populated\">\n\t\t\t\t\t\t<div class=\"elementor-element elementor-element-7a54744 elementor-widget__width-initial elementor-invisible elementor-widget elementor-widget-text-editor\" data-id=\"7a54744\" data-element_type=\"widget\" data-e-type=\"widget\" data-settings=\"{&quot;_animation&quot;:&quot;fadeInUp&quot;,&quot;_animation_delay&quot;:500}\" data-widget_type=\"text-editor.default\">\n\t\t\t\t<div class=\"elementor-widget-container\">\n\t\t\t\t\t\t\t\t\t<p><b>Come funziona il processo di creazione?<\/b><\/p><ol><li style=\"font-weight: 400;\" aria-level=\"1\"><b>Personalizzazione:<\/b><span style=\"font-weight: 400;\"> Dal nostro configuratore puoi scegliere tra una vasta gamma di stili, colori, materiali e combinazioni per creare il tuo modello ideale.<\/span><\/li><li style=\"font-weight: 400;\" aria-level=\"1\"><b>Realizzazione:<\/b><span style=\"font-weight: 400;\"> Realizzeremo a mano i tuoi sandali, seguendo le tue indicazioni.\u00a0<\/span><\/li><li style=\"font-weight: 400;\" aria-level=\"1\"><b>Consegna:<\/b><span style=\"font-weight: 400;\"> Riceverai i tuoi sandali unici direttamente a casa tua, pronti per essere indossati!<\/span><\/li><\/ol>\t\t\t\t\t\t\t\t<\/div>\n\t\t\t\t<\/div>\n\t\t\t\t\t<\/div>\n\t\t<\/div>\n\t\t\t\t<div class=\"elementor-column elementor-col-50 elementor-top-column elementor-element elementor-element-52c7f47\" data-id=\"52c7f47\" data-element_type=\"column\" data-e-type=\"column\" data-settings=\"{&quot;background_background&quot;:&quot;classic&quot;}\">\n\t\t\t<div class=\"elementor-widget-wrap\">\n\t\t\t\t\t\t\t<\/div>\n\t\t<\/div>\n\t\t\t\t\t<\/div>\n\t\t<\/div>\n\t\t<div class=\"elementor-element elementor-element-1614d4a e-flex e-con-boxed e-con e-parent\" data-id=\"1614d4a\" data-element_type=\"container\" data-e-type=\"container\">\n\t\t\t\t\t<div class=\"e-con-inner\">\n\t\t\t\t<div class=\"elementor-element elementor-element-58ed37f elementor-widget elementor-widget-text-editor\" data-id=\"58ed37f\" data-element_type=\"widget\" data-e-type=\"widget\" data-widget_type=\"text-editor.default\">\n\t\t\t\t<div class=\"elementor-widget-container\">\n\t\t\t\t\t\t\t\t\t<p><b>Perch\u00e9 i nostri sandali sono speciali?<\/b><\/p><ul><li style=\"font-weight: 400;\" aria-level=\"1\"><b>Artigianalit\u00e0:<\/b><span style=\"font-weight: 400;\"> Ogni paio di sandali \u00e8 realizzato a mano interamente da noi nel nostro laboratorio.\u00a0<\/span><\/li><li style=\"font-weight: 400;\" aria-level=\"1\"><b>Possibilit\u00e0 di Personalizzare:<\/b><span style=\"font-weight: 400;\"> Ogni modello ha oltre 3.000 varianti, puoi modificarlo come preferisci, penseremo noi a realizzarlo per te.<\/span><\/li><li style=\"font-weight: 400;\" aria-level=\"1\"><b>Assistenza personalizzata:<\/b><span style=\"font-weight: 400;\"> Siamo sempre a tua disposizione per assisterti in ogni fase del processo di creazione, dal momento della scelta del modello fino alla consegna.<\/span><\/li><\/ul><p><b>Indossa un pezzo unico, fatto apposta per te.<\/b><\/p><p><span style=\"font-weight: 400;\">I nostri sandali &#8220;made to order&#8221; sono molto pi\u00f9 di una semplice calzatura. Sono un&#8217;espressione della tua personalit\u00e0, un simbolo del tuo stile unico e inconfondibile.<\/span><\/p><ol><li><b> Personalizzazione: Un sandalo, infinite possibilit\u00e0<\/b><\/li><\/ol><p><span style=\"font-weight: 400;\">La nostra missione \u00e8 chiara: creare sandali unici, che escano dagli schemi. E quale modo migliore per farlo se non coinvolgendo direttamente chi li indosser\u00e0? La personalizzazione \u00e8 al centro del nostro lavoro. Dalle scelte dei materiali, ai colori, fino alle finiture, ogni dettaglio pu\u00f2 essere adattato alle tue esigenze e ai tuoi gusti. Immaginiamo un sandalo come un pezzo unico, dove ogni sfumatura \u00e8 un tocco personale. Che tu preferisca un look classico o uno pi\u00f9 audace, troverai la possibilit\u00e0 di creare un sandalo che ti rispecchi completamente.<\/span><\/p><ol start=\"2\"><li><b> Made in Italy, cuore toscano<\/b><\/li><\/ol><p><span style=\"font-weight: 400;\">I nostri sandali sono il frutto di un&#8217;antica tradizione artigianale, tramandata di generazione in generazione che coinvolge con noi tutto il territorio. Ogni paio \u00e8 interamente realizzato a mano, in Toscana, utilizzando esclusivamente materiali di prima qualit\u00e0, rigorosamente selezionati. La Toscana, con la sua terra ricca di storia e bellezza, \u00e8 la culla del nostro lavoro. I paesaggi mozzafiato, i borghi caratteristici e l&#8217;aria pura ispirano la nostra creativit\u00e0 e si riflettono nei nostri prodotti. Scegliendo un nostro sandalo, porti con te un pezzo di Toscana, un simbolo di eccellenza e stile italiano.<\/span><\/p><ol start=\"3\"><li><b> Mani e sorrisi: L&#8217;anima dell&#8217;artigianato<\/b><\/li><\/ol><p><span style=\"font-weight: 400;\">Dietro ogni nostro sandalo c&#8217;\u00e8 la passione e l&#8217;abilit\u00e0 di mani esperte. Lavoriamo tutti con cura, dedizione e divertimento, si c\u2019\u00e8 anche tanto divertimento, trasformando semplici pezzi di pelle (per\u00f2 lavorare la pelle al vegetale non \u00e8 mai semplice) in vere e proprie opere uniche. Ma non \u00e8 solo la manualit\u00e0 a fare la differenza. \u00c8 anche il sorriso con cui seguiamo il lavoro per ogni cliente, la disponibilit\u00e0 a ascoltare le sue richieste e la soddisfazione di vederlo indossare un sandalo creato su misura( le foto per il contest che ci inviate sono sempre stupende per noi).<\/span><\/p><ol start=\"4\"><li><b> Colori, fantasia, unicit\u00e0: Un arcobaleno ai tuoi piedi<\/b><\/li><\/ol><p><span style=\"font-weight: 400;\">I colori sono la nostra prerogativa e la vostra fonte di ispirazione. Utilizziamo una vasta gamma di tinte per creare abbinamenti originali e sorprendenti. Ogni stagione vi regala nuove tavolozze, nuove tendenze, nuove possibilit\u00e0 di esprimere la vostra creativit\u00e0. Noi non seguiamo le mode del momento. Amiamo che sperimentate, create abbinamenti inaspettati, per dare vita a fantasie uniche. I nostri sandali sono come arcobaleni ai tuoi piedi, capaci di illuminare ogni tuo passo.<\/span><\/p><ol start=\"5\"><li><b> Tempo: Un investimento nel futuro<\/b><\/li><\/ol><p><span style=\"font-weight: 400;\">Creare un sandalo artigianale richiede tempo. Tempo per la conciatura del cuoio e della pelle, per studiare un design, per cucire o rifinire ogni punto con cura. Ma il tempo \u00e8 anche un investimento nel futuro. Un sandalo realizzato a mano per te \u00e8 destinato a durare nel tempo, a diventare un compagno fedele delle tue avventure. Scegliere un nostro sandalo significa scegliere la qualit\u00e0, l&#8217;unicit\u00e0 e la sostenibilit\u00e0. Un investimento nel tuo benessere e in quello del pianeta<\/span><\/p>\t\t\t\t\t\t\t\t<\/div>\n\t\t\t\t<\/div>\n\t\t\t\t\t<\/div>\n\t\t\t\t<\/div>\n\t\t\t\t<\/div>\n\t\t","protected":false},"excerpt":{"rendered":"<p>MADE TO ORDER Sandali su misura: un&#8217;esperienza unica per i tuoi piedi Hai mai sognato un paio di sandali che fossero perfetti per te, in ogni singolo dettaglio? Che si adattino ad un tuo desiderio e rispecchiano [&hellip;]<\/p>\n","protected":false},"author":1,"featured_media":0,"parent":0,"menu_order":0,"comment_status":"closed","ping_status":"closed","template":"","meta":{"footnotes":""},"class_list":["post-81659","page","type-page","status-publish","hentry"],"_links":{"self":[{"href":"https:\/\/www.mariodoni.it\/en\/wp-json\/wp\/v2\/pages\/81659","targetHints":{"allow":["GET"]}}],"collection":[{"href":"https:\/\/www.mariodoni.it\/en\/wp-json\/wp\/v2\/pages"}],"about":[{"href":"https:\/\/www.mariodoni.it\/en\/wp-json\/wp\/v2\/types\/page"}],"author":[{"embeddable":true,"href":"https:\/\/www.mariodoni.it\/en\/wp-json\/wp\/v2\/users\/1"}],"replies":[{"embeddable":true,"href":"https:\/\/www.mariodoni.it\/en\/wp-json\/wp\/v2\/comments?post=81659"}],"version-history":[{"count":0,"href":"https:\/\/www.mariodoni.it\/en\/wp-json\/wp\/v2\/pages\/81659\/revisions"}],"wp:attachment":[{"href":"https:\/\/www.mariodoni.it\/en\/wp-json\/wp\/v2\/media?parent=81659"}],"curies":[{"name":"wp","href":"https:\/\/api.w.org\/{rel}","templated":true}]}}