{"id":91089,"date":"2025-10-19T11:31:38","date_gmt":"2025-10-19T09:31:38","guid":{"rendered":"https:\/\/www.mariodoni.it\/?post_type=product&#038;p=91089"},"modified":"2025-11-05T09:11:59","modified_gmt":"2025-11-05T08:11:59","slug":"lederohrringe-mod-fuoco-3","status":"publish","type":"product","link":"https:\/\/www.mariodoni.it\/de\/prodotto\/lederohrringe-mod-fuoco-3\/","title":{"rendered":"Lederohrringe Mod. Fuoco 3"},"content":{"rendered":"<h2>Lederohrringe Handgefertigte pflanzlich gegerbte Mod. Fuoco 3<\/h2>\n<p>Diese neue Linie begann als Herausforderung, um zu sehen, was wir schaffen konnten. Doch dann entwickelte sie sich zu einem Crescendo aus Ideen, Spa\u00df und Zusammenarbeit beim Finden und Testen neuer L\u00f6sungen.<\/p>\n<p>So entstand die Lederschmucklinie, und ganz in Mario Donis Tradition werden alle Produkte handgefertigt.<\/p>\n<p>F\u00fcr die Herstellung verwenden wir echtes pflanzlich gegerbtes Leder, ein typisches Leder aus der Toskana.<\/p>\n<p>Wie immer, aber in diesem Fall mit einem besonderen Twist, bem\u00fchen wir uns, jedes St\u00fcck Leder zu verwenden, um den Verbrauch zu optimieren und die Umweltvertr\u00e4glichkeit zu f\u00f6rdern. Wir streben danach, sch\u00f6ne und einzigartige Produkte zu schaffen.<\/p>\n<p>Jedes St\u00fcck wird von Hand gefertigt und gef\u00e4rbt, sodass kein St\u00fcck dem anderen gleicht. Jede Halskette ist ein Unikat, ganz im Sinne der Tradition \u201eMade in Italy\u201c.<\/p>\n<p>Alle Produkte sind in einer gro\u00dfen Farbpalette individualisierbar.<\/p>\n","protected":false},"excerpt":{"rendered":"<p><strong>Ohrringe Modell<\/strong>: Fuoco 3<\/p>\n<p><strong>Material<\/strong>: Echtes pflanzlich gegerbtes Leder<\/p>\n<p><strong>H\u00e4ngel\u00e4nge<\/strong>: 6,5 cm<\/p>\n<p><strong>Farbe<\/strong>: Red<\/p>\n<p><em>Verf\u00fcgbar in 12 Tagen + Lieferfrist<\/em><\/p>\n","protected":false},"featured_media":91141,"comment_status":"closed","ping_status":"closed","template":"","meta":[],"product_brand":[],"product_cat":[4168],"product_tag":[],"class_list":{"0":"post-91089","1":"product","2":"type-product","3":"status-publish","4":"has-post-thumbnail","6":"product_cat-lederschmuck","8":"first","9":"instock","10":"taxable","11":"shipping-taxable","12":"purchasable","13":"product-type-variable"},"_links":{"self":[{"href":"https:\/\/www.mariodoni.it\/de\/wp-json\/wp\/v2\/product\/91089","targetHints":{"allow":["GET"]}}],"collection":[{"href":"https:\/\/www.mariodoni.it\/de\/wp-json\/wp\/v2\/product"}],"about":[{"href":"https:\/\/www.mariodoni.it\/de\/wp-json\/wp\/v2\/types\/product"}],"replies":[{"embeddable":true,"href":"https:\/\/www.mariodoni.it\/de\/wp-json\/wp\/v2\/comments?post=91089"}],"wp:featuredmedia":[{"embeddable":true,"href":"https:\/\/www.mariodoni.it\/de\/wp-json\/wp\/v2\/media\/91141"}],"wp:attachment":[{"href":"https:\/\/www.mariodoni.it\/de\/wp-json\/wp\/v2\/media?parent=91089"}],"wp:term":[{"taxonomy":"product_brand","embeddable":true,"href":"https:\/\/www.mariodoni.it\/de\/wp-json\/wp\/v2\/product_brand?post=91089"},{"taxonomy":"product_cat","embeddable":true,"href":"https:\/\/www.mariodoni.it\/de\/wp-json\/wp\/v2\/product_cat?post=91089"},{"taxonomy":"product_tag","embeddable":true,"href":"https:\/\/www.mariodoni.it\/de\/wp-json\/wp\/v2\/product_tag?post=91089"}],"curies":[{"name":"wp","href":"https:\/\/api.w.org\/{rel}","templated":true}]}}