{"id":90810,"date":"2025-10-19T10:49:58","date_gmt":"2025-10-19T08:49:58","guid":{"rendered":"https:\/\/www.mariodoni.it\/?post_type=product&#038;p=90810"},"modified":"2025-11-05T09:11:35","modified_gmt":"2025-11-05T08:11:35","slug":"lederkette-mod-fuoco-3-dore","status":"publish","type":"product","link":"https:\/\/www.mariodoni.it\/de\/prodotto\/lederkette-mod-fuoco-3-dore\/","title":{"rendered":"Lederkette Mod. Fuoco 3 Dor\u00e8"},"content":{"rendered":"<h2>Lederkette Handgefertigte Mod. Fuoco 3 Dor\u00e8<\/h2>\n<p>Diese neue Lederschmucklinie begann als Herausforderung, um zu sehen, was wir schaffen konnten. Doch dann entwickelte sie sich zu einem Crescendo aus Ideen, Spa\u00df und Zusammenarbeit beim Ausprobieren neuer L\u00f6sungen.<\/p>\n<p>So entstand diese Lederaccessoire-Linie, und ganz in Mario Donis Tradition werden alle Produkte handgefertigt.<\/p>\n<p>F\u00fcr die Herstellung verwenden wir echtes pflanzlich gegerbtes Leder, ein charakteristisches Leder aus der toskanischen Gerberei.<\/p>\n<p>Wie immer, aber in diesem Fall besonders, bem\u00fchen wir uns, jedes St\u00fcck Leder zu verwenden, um den Verbrauch zu optimieren und die Umweltvertr\u00e4glichkeit zu f\u00f6rdern. Wir streben danach, wundersch\u00f6ne und einzigartige Produkte zu schaffen.<\/p>\n<p>Jedes St\u00fcck wird von Hand gefertigt und gef\u00e4rbt, insbesondere die Vergoldung, die komplett handgefertigt ist und daher nie gleich ist. So ist jede Halskette ein Unikat, ganz im Sinne der Tradition \u201eMade in Italy\u201c.<\/p>\n<p>Jedes Produkt ist in einer gro\u00dfen Farbpalette individualisierbar.<\/p>\n","protected":false},"excerpt":{"rendered":"<p><strong>Halskette Modell<\/strong>: Fuoco 3 Dor\u00e8<\/p>\n<p><strong>Material<\/strong>: Echtes pflanzlich gegerbtes Leder<\/p>\n<p><strong>Anh\u00e4ngerl\u00e4nge<\/strong>: 15 cm<\/p>\n<p><strong>Farbe<\/strong>: Taubengrau<\/p>\n<p>&nbsp;<\/p>\n<p><em>Verf\u00fcgbar in 12 Tagen + Lieferfrist<\/em><\/p>\n","protected":false},"featured_media":90910,"comment_status":"closed","ping_status":"closed","template":"","meta":[],"product_brand":[],"product_cat":[4168],"product_tag":[],"class_list":{"0":"post-90810","1":"product","2":"type-product","3":"status-publish","4":"has-post-thumbnail","6":"product_cat-lederschmuck","8":"first","9":"instock","10":"taxable","11":"shipping-taxable","12":"purchasable","13":"product-type-variable"},"_links":{"self":[{"href":"https:\/\/www.mariodoni.it\/de\/wp-json\/wp\/v2\/product\/90810","targetHints":{"allow":["GET"]}}],"collection":[{"href":"https:\/\/www.mariodoni.it\/de\/wp-json\/wp\/v2\/product"}],"about":[{"href":"https:\/\/www.mariodoni.it\/de\/wp-json\/wp\/v2\/types\/product"}],"replies":[{"embeddable":true,"href":"https:\/\/www.mariodoni.it\/de\/wp-json\/wp\/v2\/comments?post=90810"}],"wp:featuredmedia":[{"embeddable":true,"href":"https:\/\/www.mariodoni.it\/de\/wp-json\/wp\/v2\/media\/90910"}],"wp:attachment":[{"href":"https:\/\/www.mariodoni.it\/de\/wp-json\/wp\/v2\/media?parent=90810"}],"wp:term":[{"taxonomy":"product_brand","embeddable":true,"href":"https:\/\/www.mariodoni.it\/de\/wp-json\/wp\/v2\/product_brand?post=90810"},{"taxonomy":"product_cat","embeddable":true,"href":"https:\/\/www.mariodoni.it\/de\/wp-json\/wp\/v2\/product_cat?post=90810"},{"taxonomy":"product_tag","embeddable":true,"href":"https:\/\/www.mariodoni.it\/de\/wp-json\/wp\/v2\/product_tag?post=90810"}],"curies":[{"name":"wp","href":"https:\/\/api.w.org\/{rel}","templated":true}]}}