{"id":90258,"date":"2025-10-09T14:34:43","date_gmt":"2025-10-09T12:34:43","guid":{"rendered":"https:\/\/www.mariodoni.it\/?post_type=product&#038;p=90258"},"modified":"2025-11-05T09:10:15","modified_gmt":"2025-11-05T08:10:15","slug":"halskette-aus-pflanzlich-gegerbtem-leder-mod-prima","status":"publish","type":"product","link":"https:\/\/www.mariodoni.it\/de\/prodotto\/halskette-aus-pflanzlich-gegerbtem-leder-mod-prima\/","title":{"rendered":"Halskette aus pflanzlich gegerbtem Leder Mod. Prima"},"content":{"rendered":"<h2>Halskette Handgefertigte aus echtem pflanzlich gegerbtem Leder, Mod. Prima<\/h2>\n<p>Diese neue Linie begann als Herausforderung, um zu sehen, was wir schaffen konnten. Doch dann entwickelte sie sich zu einem Crescendo aus Ideen, Spa\u00df und Zusammenarbeit beim Finden und Testen neuer L\u00f6sungen.<\/p>\n<p>So entstand diese neue Lederschmucklinie, und ganz in Mario Donis Tradition werden alle Produkte handgefertigt.<\/p>\n<p>F\u00fcr die Herstellung verwenden wir echtes pflanzlich gegerbtes Leder, ein typisches Leder aus der toskanischen Gerbung.<\/p>\n<p>Wie immer, aber in diesem Fall auf besondere Weise, versuchen wir, jedes St\u00fcck Leder zu verwenden, um den Verbrauch zu optimieren und die \u00f6kologische Nachhaltigkeit zu f\u00f6rdern. Wir streben danach, sch\u00f6ne und einzigartige Produkte zu schaffen.<\/p>\n<p>Jedes St\u00fcck wird von Hand gefertigt und gef\u00e4rbt, sodass kein St\u00fcck dem anderen gleicht. So ist jede Halskette ein Unikat, ganz im Sinne der Tradition \u201eMade in Italy\u201c.<\/p>\n<p>Wie immer ist jedes Produkt in einer gro\u00dfen Farbpalette individualisierbar.<\/p>\n","protected":false},"excerpt":{"rendered":"<p><strong>Halskette Modell<\/strong>: Prima<\/p>\n<p><strong>Material<\/strong>: Echtes pflanzlich gegerbtes Leder<\/p>\n<p><strong>Ma\u00dfe<\/strong>: 26 x 17 cm<\/p>\n<p><strong>Farbe<\/strong>: Beige<\/p>\n<p><em>Verf\u00fcgbar in 12 Tagen + Lieferfrist<\/em><\/p>\n","protected":false},"featured_media":90270,"comment_status":"closed","ping_status":"closed","template":"","meta":[],"product_brand":[],"product_cat":[4168],"product_tag":[],"class_list":{"0":"post-90258","1":"product","2":"type-product","3":"status-publish","4":"has-post-thumbnail","6":"product_cat-lederschmuck","8":"first","9":"instock","10":"taxable","11":"shipping-taxable","12":"purchasable","13":"product-type-variable"},"_links":{"self":[{"href":"https:\/\/www.mariodoni.it\/de\/wp-json\/wp\/v2\/product\/90258","targetHints":{"allow":["GET"]}}],"collection":[{"href":"https:\/\/www.mariodoni.it\/de\/wp-json\/wp\/v2\/product"}],"about":[{"href":"https:\/\/www.mariodoni.it\/de\/wp-json\/wp\/v2\/types\/product"}],"replies":[{"embeddable":true,"href":"https:\/\/www.mariodoni.it\/de\/wp-json\/wp\/v2\/comments?post=90258"}],"wp:featuredmedia":[{"embeddable":true,"href":"https:\/\/www.mariodoni.it\/de\/wp-json\/wp\/v2\/media\/90270"}],"wp:attachment":[{"href":"https:\/\/www.mariodoni.it\/de\/wp-json\/wp\/v2\/media?parent=90258"}],"wp:term":[{"taxonomy":"product_brand","embeddable":true,"href":"https:\/\/www.mariodoni.it\/de\/wp-json\/wp\/v2\/product_brand?post=90258"},{"taxonomy":"product_cat","embeddable":true,"href":"https:\/\/www.mariodoni.it\/de\/wp-json\/wp\/v2\/product_cat?post=90258"},{"taxonomy":"product_tag","embeddable":true,"href":"https:\/\/www.mariodoni.it\/de\/wp-json\/wp\/v2\/product_tag?post=90258"}],"curies":[{"name":"wp","href":"https:\/\/api.w.org\/{rel}","templated":true}]}}