{"id":89830,"date":"2025-08-29T17:31:22","date_gmt":"2025-08-29T15:31:22","guid":{"rendered":"https:\/\/www.mariodoni.it\/?post_type=product&#038;p=89830"},"modified":"2025-11-21T12:38:45","modified_gmt":"2025-11-21T11:38:45","slug":"magisches-portemonnaie","status":"publish","type":"product","link":"https:\/\/www.mariodoni.it\/de\/prodotto\/magisches-portemonnaie\/","title":{"rendered":"&#8222;Magisches\u201c Portemonnaie"},"content":{"rendered":"<p><strong>Was ist ein &#8222;magisches\u201c Portemonnaie?<\/strong><\/p>\n<p>Es ist ein Etui f\u00fcr Geldscheine, Visitenkarten, Quittungen \u2013 ein kleines Multitalent. Aber vor allem ist es ein Spiel \u2026 ein bisschen Magie.<\/p>\n<p>Legen Sie die Geldscheine \u00fcbereinander, drehen Sie das Portemonnaie um, und sie passen perfekt zusammen. Drehen Sie es erneut um, und sie ver\u00e4ndern ihre Position \u2013 wie von Zauberhand.<\/p>\n<p>Es ist nicht nur ein Spiel; es ist leicht, klein und passt \u00fcberall hin. Sie k\u00f6nnen es f\u00fcr alles verwenden, was Sie m\u00f6chten, und Ihre Freunde damit verbl\u00fcffen.<\/p>\n<p>Komplett aus Leder und pflanzlich gegerbtem Leder gefertigt und komplett von Hand verarbeitet, ist es ein St\u00fcck traditioneller Handwerkskunst.<\/p>\n<p>Sie erhalten es in fast 20 Farben. W\u00e4hlen Sie Ihre Lieblingsfarbe, und wir fertigen es f\u00fcr Sie an.<\/p>\n<p>Auf Wunsch personalisieren wir es auch gerne mit Ihrem Namen oder einem Spruch Ihrer Wahl \u2026 kontaktieren Sie uns einfach!<\/p>\n<p><iframe title=\"Come funziona il Portafoglio Magico | Artigianato toscano Mario Doni\" width=\"1200\" height=\"675\" src=\"https:\/\/www.youtube.com\/embed\/_-f5Qy1gwU0?feature=oembed\" frameborder=\"0\" allow=\"accelerometer; autoplay; clipboard-write; encrypted-media; gyroscope; picture-in-picture; web-share\" referrerpolicy=\"strict-origin-when-cross-origin\" allowfullscreen><\/iframe><\/p>\n<p>&nbsp;<\/p>\n","protected":false},"excerpt":{"rendered":"<p><strong>Modell: <\/strong>Magisches\u00a0Geldb\u00f6rse<\/p>\n<p><strong>Struktur: <\/strong>Leather<\/p>\n<p><strong>Ma\u00dfe:<\/strong> 8 x 8 cm geschlossen, 8 x 16 cm ge\u00f6ffnet<\/p>\n<p><strong>Material:<\/strong> Echtes pflanzlich gegerbtes Leder<\/p>\n<p><strong>Farbe:<\/strong> Dark Blue<\/p>\n<p><em>Verf\u00fcgbar in 12 Tagen + Lieferfrist<\/em><\/p>\n","protected":false},"featured_media":91726,"comment_status":"closed","ping_status":"closed","template":"","meta":[],"product_brand":[],"product_cat":[3508,3157],"product_tag":[],"class_list":{"0":"post-89830","1":"product","2":"type-product","3":"status-publish","4":"has-post-thumbnail","6":"product_cat-mod-beatrice-de","7":"product_cat-geldborsen-und-schlusselanhanger-de","8":"pa_colore-amaranth-de","9":"pa_colore-antique-brown-de","10":"pa_colore-beige-de","11":"pa_colore-black-de","12":"pa_colore-blue-cobalt-de","13":"pa_colore-bottle-green-de","14":"pa_colore-cacao-de","15":"pa_colore-dark-brown-de","16":"pa_colore-gold-de","17":"pa_colore-leather-de","18":"pa_colore-lilac-de","19":"pa_colore-natural-de","20":"pa_colore-night-blue-de","21":"pa_colore-orange-de","22":"pa_colore-pink-de","23":"pa_colore-red-de","24":"pa_colore-silver-de","25":"pa_colore-stierkampf","26":"pa_colore-taupe-de","27":"pa_colore-turquoise-de","28":"pa_colore-turtledove","29":"pa_colore-violet-de","30":"pa_colore-white-de","31":"pa_colore-yellow-mustard-de","33":"first","34":"instock","35":"taxable","36":"shipping-taxable","37":"purchasable","38":"product-type-variable"},"_links":{"self":[{"href":"https:\/\/www.mariodoni.it\/de\/wp-json\/wp\/v2\/product\/89830","targetHints":{"allow":["GET"]}}],"collection":[{"href":"https:\/\/www.mariodoni.it\/de\/wp-json\/wp\/v2\/product"}],"about":[{"href":"https:\/\/www.mariodoni.it\/de\/wp-json\/wp\/v2\/types\/product"}],"replies":[{"embeddable":true,"href":"https:\/\/www.mariodoni.it\/de\/wp-json\/wp\/v2\/comments?post=89830"}],"wp:featuredmedia":[{"embeddable":true,"href":"https:\/\/www.mariodoni.it\/de\/wp-json\/wp\/v2\/media\/91726"}],"wp:attachment":[{"href":"https:\/\/www.mariodoni.it\/de\/wp-json\/wp\/v2\/media?parent=89830"}],"wp:term":[{"taxonomy":"product_brand","embeddable":true,"href":"https:\/\/www.mariodoni.it\/de\/wp-json\/wp\/v2\/product_brand?post=89830"},{"taxonomy":"product_cat","embeddable":true,"href":"https:\/\/www.mariodoni.it\/de\/wp-json\/wp\/v2\/product_cat?post=89830"},{"taxonomy":"product_tag","embeddable":true,"href":"https:\/\/www.mariodoni.it\/de\/wp-json\/wp\/v2\/product_tag?post=89830"}],"curies":[{"name":"wp","href":"https:\/\/api.w.org\/{rel}","templated":true}]}}