{"id":89822,"date":"2025-08-29T15:18:47","date_gmt":"2025-08-29T13:18:47","guid":{"rendered":"https:\/\/www.mariodoni.it\/?post_type=product&#038;p=89822"},"modified":"2025-11-21T16:49:13","modified_gmt":"2025-11-21T15:49:13","slug":"echtledertasche-handgefertigte-modell-intreccio","status":"publish","type":"product","link":"https:\/\/www.mariodoni.it\/de\/prodotto\/echtledertasche-handgefertigte-modell-intreccio\/","title":{"rendered":"Echtledertasche Handgefertigte, Modell Intreccio"},"content":{"rendered":"<h2>Handgefertigte Echtledertasche, Modell Intreccio<\/h2>\n<p>Auf unserer kontinuierlichen Suche nach handwerklichen Lederprodukten haben wir die neuen \u201eIntreccio\u201c-Taschen kreiert.<\/p>\n<p>Eine Tasche, die durch das pr\u00e4zise Weben zahlreicher kleiner, handgef\u00e4rbter Lederst\u00fccke entsteht.<\/p>\n<p>Das Modell \u201eIntreccio\u201c l\u00e4sst ein heute fast ausgestorbenes, typisch toskanisches Handwerksverfahren wieder aufleben.<\/p>\n<p>F\u00fcr die Herstellung verwenden wir pflanzlich gegerbtes Leder, ein typisches Merkmal der toskanischen Gerberei: Die Eins\u00e4tze werden aus kleinen Lederresten geschnitten, die bei der Herstellung von Sandalen oder G\u00fcrteln \u00fcbrig bleiben, sodass fast alles recycelt werden kann.<\/p>\n<p>Jeder Einsatz wird von Hand geflochten, wodurch einzigartige geometrische Muster mit einem raffinierten, dezenten Look entstehen.<\/p>\n<p>Die F\u00e4rbung erfolgt vollst\u00e4ndig von Hand, wodurch unverwechselbare Schattierungen und Farbt\u00f6ne entstehen, die jede Tasche zu einem Unikat machen.<\/p>\n<p>Jedes St\u00fcck wird von Hand gefertigt, gen\u00e4ht und gef\u00e4rbt. So ist jedes St\u00fcck ein Unikat und unverwechselbar \u2013 ganz im Sinne der italienischen Tradition.<\/p>\n","protected":false},"excerpt":{"rendered":"<p><strong>Taschenmodell<\/strong>: Intreccio<\/p>\n<p><strong>Material<\/strong>: Echtes pflanzlich gegerbtes Leder<\/p>\n<p><strong>Struktur<\/strong>: Innentasche<\/p>\n<p><strong>Ma\u00dfe<\/strong>: 20 x 12 x H 21 cm<\/p>\n<p><strong>Farbe<\/strong>: <span class=\"HwtZe\" lang=\"en\"><span class=\"jCAhz ChMk0b\"><span class=\"ryNqvb\">Dark Blue<\/span><\/span><\/span><\/p>\n<p>Verf\u00fcgbar in 12 Tage + Lieferzeit<\/p>\n","protected":false},"featured_media":91732,"comment_status":"closed","ping_status":"closed","template":"","meta":[],"product_brand":[],"product_cat":[4173,3157],"product_tag":[],"class_list":{"0":"post-89822","1":"product","2":"type-product","3":"status-publish","4":"has-post-thumbnail","6":"product_cat-geflochtene-handtaschen-de","7":"product_cat-geldborsen-und-schlusselanhanger-de","8":"pa_colore-amaranth-de","9":"pa_colore-antique-brown-de","10":"pa_colore-beige-de","11":"pa_colore-black-de","12":"pa_colore-blue-cobalt-de","13":"pa_colore-bottle-green-de","14":"pa_colore-cacao-de","15":"pa_colore-dark-brown-de","16":"pa_colore-leather-de","17":"pa_colore-lilac-de","18":"pa_colore-natural-de","19":"pa_colore-night-blue-de","20":"pa_colore-orange-de","21":"pa_colore-pink-de","22":"pa_colore-red-de","23":"pa_colore-stierkampf","24":"pa_colore-taupe-de","25":"pa_colore-turquoise-de","26":"pa_colore-turtledove","27":"pa_colore-violet-de","28":"pa_colore-white-de","29":"pa_colore-yellow-mustard-de","31":"first","32":"instock","33":"taxable","34":"shipping-taxable","35":"purchasable","36":"product-type-variable"},"_links":{"self":[{"href":"https:\/\/www.mariodoni.it\/de\/wp-json\/wp\/v2\/product\/89822","targetHints":{"allow":["GET"]}}],"collection":[{"href":"https:\/\/www.mariodoni.it\/de\/wp-json\/wp\/v2\/product"}],"about":[{"href":"https:\/\/www.mariodoni.it\/de\/wp-json\/wp\/v2\/types\/product"}],"replies":[{"embeddable":true,"href":"https:\/\/www.mariodoni.it\/de\/wp-json\/wp\/v2\/comments?post=89822"}],"wp:featuredmedia":[{"embeddable":true,"href":"https:\/\/www.mariodoni.it\/de\/wp-json\/wp\/v2\/media\/91732"}],"wp:attachment":[{"href":"https:\/\/www.mariodoni.it\/de\/wp-json\/wp\/v2\/media?parent=89822"}],"wp:term":[{"taxonomy":"product_brand","embeddable":true,"href":"https:\/\/www.mariodoni.it\/de\/wp-json\/wp\/v2\/product_brand?post=89822"},{"taxonomy":"product_cat","embeddable":true,"href":"https:\/\/www.mariodoni.it\/de\/wp-json\/wp\/v2\/product_cat?post=89822"},{"taxonomy":"product_tag","embeddable":true,"href":"https:\/\/www.mariodoni.it\/de\/wp-json\/wp\/v2\/product_tag?post=89822"}],"curies":[{"name":"wp","href":"https:\/\/api.w.org\/{rel}","templated":true}]}}