{"id":89811,"date":"2025-08-28T12:36:38","date_gmt":"2025-08-28T10:36:38","guid":{"rendered":"https:\/\/www.mariodoni.it\/?post_type=product&#038;p=89811"},"modified":"2025-11-03T08:50:42","modified_gmt":"2025-11-03T07:50:42","slug":"handgefertigte-echtledertasche-mehrfarbiges-mod-intreccio","status":"publish","type":"product","link":"https:\/\/www.mariodoni.it\/de\/prodotto\/handgefertigte-echtledertasche-mehrfarbiges-mod-intreccio\/","title":{"rendered":"Handgefertigte Echtledertasche, mehrfarbiges Mod. Intreccio"},"content":{"rendered":"<h2>Handgefertigte Echtledertasche, Mod. Intreccio multicolor<\/h2>\n<p>Im Rahmen unserer st\u00e4ndigen Suche nach handgefertigten Lederprodukten haben wir die neuen \u201eIntreccio\u201c-Taschen kreiert.<\/p>\n<p>Eine Tasche, die durch das pr\u00e4zise Verweben vieler kleiner, handgef\u00e4rbter Lederst\u00fccke entsteht.<\/p>\n<p>Das Modell \u201eIntreccio\u201c l\u00e4sst einen fast vollst\u00e4ndig verloren gegangenen, typisch toskanischen Handwerksprozess wieder aufleben.<\/p>\n<p>F\u00fcr die Herstellung verwenden wir pflanzlich gegerbtes Leder, ein Merkmal der toskanischen Gerberei: Die Eins\u00e4tze werden aus kleinen Lederresten geschnitten, die bei der Produktion von Sandalen oder G\u00fcrteln anfallen, wodurch fast alles recycelt werden kann.<\/p>\n<p>Jeder Einsatz wird von Hand verwebt und erzeugt so einzigartige geometrische Muster mit einem raffinierten, dezenten Stil.<\/p>\n<p>Die F\u00e4rbung erfolgt vollst\u00e4ndig von Hand; bei diesem Modell werden mehrere Farben miteinander kombiniert.<\/p>\n<p>Dies verleiht jeder Tasche einzigartige Farbt\u00f6ne und macht sie zu einem Unikat.<\/p>\n<p>Jeder Artikel wird von Hand gefertigt, gen\u00e4ht und gef\u00e4rbt. So ist jedes St\u00fcck ein Unikat und unverwechselbar \u2013 ganz in der Tradition von \u201eMade in Italy\u201c.<\/p>\n","protected":false},"excerpt":{"rendered":"<p><strong>Taschenmodell<\/strong>: Mehrfarbiges Flechtmuster<\/p>\n<p><strong>Material<\/strong>: Echtes pflanzlich gegerbtes Leder<\/p>\n<p><strong>Aufbau<\/strong>: Innentasche<\/p>\n<p><strong>Ma\u00dfe<\/strong>: 20 x 12 x 21 cm (H)<\/p>\n<p><strong>Farbe<\/strong>: Braunt\u00f6ne<\/p>\n<p>Verf\u00fcgbar in 12 Tage + Lieferzeit<\/p>\n","protected":false},"featured_media":91729,"comment_status":"closed","ping_status":"closed","template":"","meta":[],"product_brand":[],"product_cat":[4173,3157],"product_tag":[],"class_list":{"0":"post-89811","1":"product","2":"type-product","3":"status-publish","4":"has-post-thumbnail","6":"product_cat-geflochtene-handtaschen-de","7":"product_cat-geldborsen-und-schlusselanhanger-de","9":"first","10":"instock","11":"taxable","12":"shipping-taxable","13":"purchasable","14":"product-type-variable"},"_links":{"self":[{"href":"https:\/\/www.mariodoni.it\/de\/wp-json\/wp\/v2\/product\/89811","targetHints":{"allow":["GET"]}}],"collection":[{"href":"https:\/\/www.mariodoni.it\/de\/wp-json\/wp\/v2\/product"}],"about":[{"href":"https:\/\/www.mariodoni.it\/de\/wp-json\/wp\/v2\/types\/product"}],"replies":[{"embeddable":true,"href":"https:\/\/www.mariodoni.it\/de\/wp-json\/wp\/v2\/comments?post=89811"}],"wp:featuredmedia":[{"embeddable":true,"href":"https:\/\/www.mariodoni.it\/de\/wp-json\/wp\/v2\/media\/91729"}],"wp:attachment":[{"href":"https:\/\/www.mariodoni.it\/de\/wp-json\/wp\/v2\/media?parent=89811"}],"wp:term":[{"taxonomy":"product_brand","embeddable":true,"href":"https:\/\/www.mariodoni.it\/de\/wp-json\/wp\/v2\/product_brand?post=89811"},{"taxonomy":"product_cat","embeddable":true,"href":"https:\/\/www.mariodoni.it\/de\/wp-json\/wp\/v2\/product_cat?post=89811"},{"taxonomy":"product_tag","embeddable":true,"href":"https:\/\/www.mariodoni.it\/de\/wp-json\/wp\/v2\/product_tag?post=89811"}],"curies":[{"name":"wp","href":"https:\/\/api.w.org\/{rel}","templated":true}]}}