{"id":89803,"date":"2025-08-28T12:18:26","date_gmt":"2025-08-28T10:18:26","guid":{"rendered":"https:\/\/www.mariodoni.it\/?post_type=product&#038;p=89803"},"modified":"2025-11-05T12:44:22","modified_gmt":"2025-11-05T11:44:22","slug":"handgefertigte-echtledertasche-legami-city","status":"publish","type":"product","link":"https:\/\/www.mariodoni.it\/de\/prodotto\/handgefertigte-echtledertasche-legami-city\/","title":{"rendered":"Handgefertigte Echtledertasche Legami City"},"content":{"rendered":"<h2>Gewebte Echtledertasche Legami City<\/h2>\n<p>Im Zuge unserer kontinuierlichen Suche nach handwerklichen Lederprodukten haben wir die neuen \u201eLegami\u201c-Taschen kreiert.<\/p>\n<p>Eine Tasche, die durch das Handweben einer pflanzlich gegerbten Lederschnur mit zahlreichen kleinen Lederst\u00fccken entsteht.<\/p>\n<p>Das Modell \u201eLegami\u201c l\u00e4sst ein heute fast ausgestorbenes, handwerkliches Verfahren toskanischer Kunsthandwerker wieder aufleben.<\/p>\n<p>F\u00fcr die Herstellung verwenden wir pflanzlich gegerbtes Leder, ein typisches Merkmal der toskanischen Gerberei: Die Eins\u00e4tze werden aus kleinen Lederresten geschnitten, die bei der Herstellung von Sandalen oder G\u00fcrteln \u00fcbrig bleiben, sodass fast das gesamte Material recycelt werden kann.<\/p>\n<p>Jeder Einsatz wird von Hand gewebt, wodurch einzigartige geometrische Muster mit einem raffinierten, dezenten Look entstehen.<\/p>\n<p>Die F\u00e4rbung erfolgt vollst\u00e4ndig von Hand, wodurch unverwechselbare Schattierungen und Farbt\u00f6ne entstehen, die jede Tasche zu einem Unikat machen.<\/p>\n<p>Jedes St\u00fcck wird von Hand zusammengesetzt, gen\u00e4ht und gef\u00e4rbt, sodass jedes St\u00fcck ein Unikat und unverwechselbar ist \u2013 ganz im Sinne der Tradition \u201eMade in Italy\u201c.<\/p>\n","protected":false},"excerpt":{"rendered":"<p><strong>Taschenmodell<\/strong>: Legami City<\/p>\n<p><strong>Material<\/strong>: Echtes pflanzlich gegerbtes Leder<\/p>\n<p><strong>Struktur<\/strong>: Innentasche<\/p>\n<p><strong>Ma\u00dfe<\/strong>: 22 x 13 x 18 cm<\/p>\n<p><strong>Farbe<\/strong>: T\u00fcrkis und Schwarz<\/p>\n<p>Verf\u00fcgbar in 12 Tage + Lieferzeit<\/p>\n","protected":false},"featured_media":91255,"comment_status":"closed","ping_status":"closed","template":"","meta":[],"product_brand":[],"product_cat":[4173,3157,3955],"product_tag":[],"class_list":{"0":"post-89803","1":"product","2":"type-product","3":"status-publish","4":"has-post-thumbnail","6":"product_cat-geflochtene-handtaschen-de","7":"product_cat-geldborsen-und-schlusselanhanger-de","8":"product_cat-tolfa-de","9":"pa_colore-amaranth-de","10":"pa_colore-antique-brown-de","11":"pa_colore-beige-de","12":"pa_colore-black-de","13":"pa_colore-blue-cobalt-de","14":"pa_colore-bottle-green-de","15":"pa_colore-cacao-de","16":"pa_colore-dark-brown-de","17":"pa_colore-leather-de","18":"pa_colore-lilac-de","19":"pa_colore-natural-de","20":"pa_colore-night-blue-de","21":"pa_colore-orange-de","22":"pa_colore-pink-de","23":"pa_colore-red-de","24":"pa_colore-stierkampf","25":"pa_colore-taupe-de","26":"pa_colore-turquoise-de","27":"pa_colore-turtledove","28":"pa_colore-violet-de","29":"pa_colore-white-de","30":"pa_colore-yellow-mustard-de","32":"first","33":"instock","34":"taxable","35":"shipping-taxable","36":"purchasable","37":"product-type-variable"},"_links":{"self":[{"href":"https:\/\/www.mariodoni.it\/de\/wp-json\/wp\/v2\/product\/89803","targetHints":{"allow":["GET"]}}],"collection":[{"href":"https:\/\/www.mariodoni.it\/de\/wp-json\/wp\/v2\/product"}],"about":[{"href":"https:\/\/www.mariodoni.it\/de\/wp-json\/wp\/v2\/types\/product"}],"replies":[{"embeddable":true,"href":"https:\/\/www.mariodoni.it\/de\/wp-json\/wp\/v2\/comments?post=89803"}],"wp:featuredmedia":[{"embeddable":true,"href":"https:\/\/www.mariodoni.it\/de\/wp-json\/wp\/v2\/media\/91255"}],"wp:attachment":[{"href":"https:\/\/www.mariodoni.it\/de\/wp-json\/wp\/v2\/media?parent=89803"}],"wp:term":[{"taxonomy":"product_brand","embeddable":true,"href":"https:\/\/www.mariodoni.it\/de\/wp-json\/wp\/v2\/product_brand?post=89803"},{"taxonomy":"product_cat","embeddable":true,"href":"https:\/\/www.mariodoni.it\/de\/wp-json\/wp\/v2\/product_cat?post=89803"},{"taxonomy":"product_tag","embeddable":true,"href":"https:\/\/www.mariodoni.it\/de\/wp-json\/wp\/v2\/product_tag?post=89803"}],"curies":[{"name":"wp","href":"https:\/\/api.w.org\/{rel}","templated":true}]}}