{"id":89745,"date":"2025-08-26T12:48:57","date_gmt":"2025-08-26T10:48:57","guid":{"rendered":"https:\/\/www.mariodoni.it\/?post_type=product&#038;p=89745"},"modified":"2025-11-03T08:42:44","modified_gmt":"2025-11-03T07:42:44","slug":"handgefertigte-tasche-aus-echtem-leder-mod-legami-eimerkrawatten","status":"publish","type":"product","link":"https:\/\/www.mariodoni.it\/de\/prodotto\/handgefertigte-tasche-aus-echtem-leder-mod-legami-eimerkrawatten\/","title":{"rendered":"Handgefertigte Tasche aus echtem Leder Mod. Legami  Eimerkrawatten"},"content":{"rendered":"<h2>Handgefertigte Tasche aus echtem Leder Mod. Legami Eimerkrawatten.<\/h2>\n<p>Im Rahmen unserer st\u00e4ndigen Suche nach handgefertigten Lederprodukten haben wir die neuen \u201eLegami\u201c-Taschen kreiert.<\/p>\n<p>Diese Taschen werden aus einem pflanzlich gegerbten Lederband und vielen kleinen Lederst\u00fccken von Hand geflochten.<\/p>\n<p>Die charakteristische \u201eLegami\u201c-Bucket-Form l\u00e4sst ein fast ausgestorbenes, traditionelles Handwerk toskanischer Kunsthandwerker wieder aufleben.<\/p>\n<p>F\u00fcr die Herstellung verwenden wir pflanzlich gegerbtes Leder, ein Merkmal der toskanischen Gerberei: Die Eins\u00e4tze werden aus kleinen Lederresten der Sandalen- und G\u00fcrtelproduktion geschnitten, wodurch nahezu alles recycelt werden kann.<\/p>\n<p>Jeder Einsatz wird von Hand verwebt und erzeugt so einzigartige geometrische Muster mit einer raffinierten, dezenten Optik.<\/p>\n<p>Die F\u00e4rbung erfolgt vollst\u00e4ndig von Hand, wodurch unverwechselbare Farbt\u00f6ne entstehen und jede Tasche zu einem Unikat wird.<\/p>\n<p>Jedes St\u00fcck wird von Hand montiert, gen\u00e4ht und gef\u00e4rbt, sodass jedes Exemplar einzigartig und unverwechselbar ist \u2013 ganz in der Tradition von \u201eMade in Italy\u201c.<\/p>\n","protected":false},"excerpt":{"rendered":"<p><strong>Taschenmodell<\/strong>: Legami Bucket Bag<\/p>\n<p><strong>Material<\/strong>: Echtes pflanzlich gegerbtes Leder<\/p>\n<p><strong>Aufteilung<\/strong>: Innentasche<\/p>\n<p><strong>Ma\u00dfe<\/strong>: 21 x 23 cm<\/p>\n<p><strong>Farbe<\/strong>: Leather<\/p>\n<p>Verf\u00fcgbar in 12 Tage + Lieferzeit<\/p>\n","protected":false},"featured_media":91277,"comment_status":"closed","ping_status":"closed","template":"","meta":[],"product_brand":[],"product_cat":[4173,3157,3955],"product_tag":[],"class_list":{"0":"post-89745","1":"product","2":"type-product","3":"status-publish","4":"has-post-thumbnail","6":"product_cat-geflochtene-handtaschen-de","7":"product_cat-geldborsen-und-schlusselanhanger-de","8":"product_cat-tolfa-de","9":"pa_colore-amaranth-de","10":"pa_colore-antique-brown-de","11":"pa_colore-beige-de","12":"pa_colore-black-de","13":"pa_colore-blue-cobalt-de","14":"pa_colore-bottle-green-de","15":"pa_colore-cacao-de","16":"pa_colore-dark-brown-de","17":"pa_colore-leather-de","18":"pa_colore-lilac-de","19":"pa_colore-natural-de","20":"pa_colore-night-blue-de","21":"pa_colore-orange-de","22":"pa_colore-pink-de","23":"pa_colore-red-de","24":"pa_colore-stierkampf","25":"pa_colore-taupe-de","26":"pa_colore-turquoise-de","27":"pa_colore-turtledove","28":"pa_colore-violet-de","29":"pa_colore-white-de","30":"pa_colore-yellow-mustard-de","32":"first","33":"instock","34":"taxable","35":"shipping-taxable","36":"purchasable","37":"product-type-variable"},"_links":{"self":[{"href":"https:\/\/www.mariodoni.it\/de\/wp-json\/wp\/v2\/product\/89745","targetHints":{"allow":["GET"]}}],"collection":[{"href":"https:\/\/www.mariodoni.it\/de\/wp-json\/wp\/v2\/product"}],"about":[{"href":"https:\/\/www.mariodoni.it\/de\/wp-json\/wp\/v2\/types\/product"}],"replies":[{"embeddable":true,"href":"https:\/\/www.mariodoni.it\/de\/wp-json\/wp\/v2\/comments?post=89745"}],"wp:featuredmedia":[{"embeddable":true,"href":"https:\/\/www.mariodoni.it\/de\/wp-json\/wp\/v2\/media\/91277"}],"wp:attachment":[{"href":"https:\/\/www.mariodoni.it\/de\/wp-json\/wp\/v2\/media?parent=89745"}],"wp:term":[{"taxonomy":"product_brand","embeddable":true,"href":"https:\/\/www.mariodoni.it\/de\/wp-json\/wp\/v2\/product_brand?post=89745"},{"taxonomy":"product_cat","embeddable":true,"href":"https:\/\/www.mariodoni.it\/de\/wp-json\/wp\/v2\/product_cat?post=89745"},{"taxonomy":"product_tag","embeddable":true,"href":"https:\/\/www.mariodoni.it\/de\/wp-json\/wp\/v2\/product_tag?post=89745"}],"curies":[{"name":"wp","href":"https:\/\/api.w.org\/{rel}","templated":true}]}}