{"id":84169,"date":"2025-03-21T16:47:50","date_gmt":"2025-03-21T15:47:50","guid":{"rendered":"https:\/\/www.mariodoni.it\/?post_type=product&#038;p=84169"},"modified":"2025-11-05T12:43:06","modified_gmt":"2025-11-05T11:43:06","slug":"clog-mit-niedrigem-absatz-aus-leder-und-holz-mod-federica","status":"publish","type":"product","link":"https:\/\/www.mariodoni.it\/de\/prodotto\/clog-mit-niedrigem-absatz-aus-leder-und-holz-mod-federica\/","title":{"rendered":"Federica Clog f\u00fcr Damen hergestellt f\u00fcr Ely"},"content":{"rendered":"<h2>Clog Federica aus pflanzlich gegerbtem Leder und Naturholz \u2013 toskanischer Komfort<\/h2>\n<p>Der Clog Federica wird in der Toskana handgefertigt und verbindet pflanzlich gegerbtes Leder mit hellem Naturholz. Mit flachem Absatz und feiner Handverarbeitung steht er f\u00fcr Leichtigkeit, Nat\u00fcrlichkeit und echte italienische Handwerkskunst.<\/p>\n<p>Clog mit niedrigem Absatz aus Leder und Holz &#8211; Mod. Federica, H\u00f6he 3 cm. Clogs aus Holz in bester toskanischer Handwerkstradition.<\/p>\n<p>Das Obermaterial aus echtem, pflanzlich gegerbtem Leder ist in einer gro\u00dfen Auswahl an Farben erh\u00e4ltlich und bringt Freude in Ihren Sommer.<\/p>\n<p>Die Montage der Komponenten erfolgt f\u00fcr jeden einzelnen Kunden unter Ber\u00fccksichtigung der gew\u00fcnschten Varianten und Modifikationen.<\/p>\n<p>Auch beim Clog mit niedrigem Absatz aus Leder und Holz &#8211; Mod. Federica wird die F\u00e4rbung von Hand am St\u00fcck vorgenommen und auch aus diesem Grund ist jeder Clog ein Unikat.<\/p>\n<p>Die Endbearbeitung erfolgt mit nat\u00fcrlichen Wachsen, Cremes und \u00d6len, die ein seidiges Gef\u00fchl und einen antiken Effekt verleihen.<\/p>\n","protected":false},"excerpt":{"rendered":"<p><strong>Modell:<\/strong> Federica<br \/>\n<strong>Clog Farbe:<\/strong> Natural<br \/>\n<strong>Absatz:<\/strong> 3 cm Holzclog<br \/>\n<strong>Obermaterial:<\/strong> Echtes pflanzliches Leder<br \/>\n<strong>Farbe:<\/strong> Natural<\/p>\n<p><em>Lieferbar in 7 Tagen + Lieferfrist<\/em><\/p>\n","protected":false},"featured_media":84175,"comment_status":"closed","ping_status":"closed","template":"","meta":[],"product_brand":[],"product_cat":[3602,3522,3534,3153],"product_tag":[],"class_list":{"0":"post-84169","1":"product","2":"type-product","3":"status-publish","4":"has-post-thumbnail","6":"product_cat-120-d-basic-clog-frau","7":"product_cat-003-farbe","8":"product_cat-050-fersenclog-3","9":"product_cat-clogs-fur-frauen-de","10":"pa_colore-amaranth-de","11":"pa_colore-antique-brown-de","12":"pa_colore-beige-de","13":"pa_colore-black-de","14":"pa_colore-blue-cobalt-de","15":"pa_colore-bottle-green-de","16":"pa_colore-cacao-de","17":"pa_colore-dark-brown-de","18":"pa_colore-gold-de","19":"pa_colore-leather-de","20":"pa_colore-lilac-de","21":"pa_colore-natural-de","22":"pa_colore-night-blue-de","23":"pa_colore-orange-de","24":"pa_colore-pink-de","25":"pa_colore-red-de","26":"pa_colore-silver-de","27":"pa_colore-stierkampf","28":"pa_colore-taupe-de","29":"pa_colore-turquoise-de","30":"pa_colore-turtledove","31":"pa_colore-violet-de","32":"pa_colore-white-de","33":"pa_colore-yellow-mustard-de","34":"pa_colore-zoccolo-black-de","35":"pa_colore-zoccolo-blue-de","36":"pa_colore-zoccolo-dark-brown-de","37":"pa_colore-zoccolo-green-de","38":"pa_colore-zoccolo-leather-de","39":"pa_colore-zoccolo-lilac-de","40":"pa_colore-zoccolo-natural-de","41":"pa_colore-zoccolo-orange-de","42":"pa_colore-zoccolo-red-de","43":"pa_colore-zoccolo-yellow-de","44":"pa_taglia-groesse-35","45":"pa_taglia-groesse-36","46":"pa_taglia-groesse-37","47":"pa_taglia-groesse-38","48":"pa_taglia-groesse-39","49":"pa_taglia-groesse-40","50":"pa_taglia-groesse-41","51":"pa_taglia-groesse-42","53":"first","54":"instock","55":"taxable","56":"shipping-taxable","57":"purchasable","58":"product-type-variable"},"_links":{"self":[{"href":"https:\/\/www.mariodoni.it\/de\/wp-json\/wp\/v2\/product\/84169","targetHints":{"allow":["GET"]}}],"collection":[{"href":"https:\/\/www.mariodoni.it\/de\/wp-json\/wp\/v2\/product"}],"about":[{"href":"https:\/\/www.mariodoni.it\/de\/wp-json\/wp\/v2\/types\/product"}],"replies":[{"embeddable":true,"href":"https:\/\/www.mariodoni.it\/de\/wp-json\/wp\/v2\/comments?post=84169"}],"wp:featuredmedia":[{"embeddable":true,"href":"https:\/\/www.mariodoni.it\/de\/wp-json\/wp\/v2\/media\/84175"}],"wp:attachment":[{"href":"https:\/\/www.mariodoni.it\/de\/wp-json\/wp\/v2\/media?parent=84169"}],"wp:term":[{"taxonomy":"product_brand","embeddable":true,"href":"https:\/\/www.mariodoni.it\/de\/wp-json\/wp\/v2\/product_brand?post=84169"},{"taxonomy":"product_cat","embeddable":true,"href":"https:\/\/www.mariodoni.it\/de\/wp-json\/wp\/v2\/product_cat?post=84169"},{"taxonomy":"product_tag","embeddable":true,"href":"https:\/\/www.mariodoni.it\/de\/wp-json\/wp\/v2\/product_tag?post=84169"}],"curies":[{"name":"wp","href":"https:\/\/api.w.org\/{rel}","templated":true}]}}