{"id":84156,"date":"2025-03-21T16:11:24","date_gmt":"2025-03-21T15:11:24","guid":{"rendered":"https:\/\/www.mariodoni.it\/?post_type=product&#038;p=84156"},"modified":"2025-11-05T12:40:16","modified_gmt":"2025-11-05T11:40:16","slug":"handgefertigter-herrenclog-aus-leder-und-holz-mod-thomas","status":"publish","type":"product","link":"https:\/\/www.mariodoni.it\/de\/prodotto\/handgefertigter-herrenclog-aus-leder-und-holz-mod-thomas\/","title":{"rendered":"Clogs Thomas Herr realisiert von Benny"},"content":{"rendered":"<h2>Herrenzoccolo Thomas aus pflanzlich gegerbtem Leder: toskanische Tradition und authentischer Stil<\/h2>\n<p>Der Herrenzoccolo Thomas wird in der Toskana aus nat\u00fcrlichem Holz und pflanzlich gegerbtem Leder handgefertigt. Jede Phase \u2013 vom F\u00e4rben bis zur Veredelung mit Wachsen und \u00d6len \u2013 folgt echter Handwerkskunst. Das Ergebnis ist ein einzigartiges St\u00fcck mit nat\u00fcrlichem Komfort und zeitloser Eleganz.<\/p>\n<p>Handgefertigter Herrenclog aus Leder und Holz &#8211; Mod. Thomas, H\u00f6he 3 cm. Clogs aus Holz nach bester toskanischer handwerklicher Tradition hergestellt.<\/p>\n<p>Oberleder aus echtem pflanzlich gegerbtem Leder in einer breiten Auswahl an Farben, damit Sie Freude an Ihren Sommer schenken<\/p>\n<p>Jede Verarbeitungsstufe der Sandale wird in unserer Werkstatt durchgef\u00fchrt, um das Produkt von der Wahl der Rohstoffe, jedem Verarbeitungsschritt bis hin zu der Endbearbeitung, Verpackung und Lieferung an den Kunden zu folgen.<\/p>\n<p>Die Verarbeitung der Sandale beginnt mit dem Schneiden des Leders f\u00fcr die Sohle, Einlegesohle und Absatz und folgt mit dem Schnitt des pflanzlich gegerbten Leders f\u00fcr das Oberleder.<\/p>\n<p>Die Montage der Komponenten wird f\u00fcr jeden Kunden unter Ber\u00fccksichtigung der gew\u00fcnschten \u00c4nderungen durchgef\u00fchrt.<\/p>\n<p>Auch bei den Handgefertigter Herrenclog aus Leder und Holz &#8211; Mod. Thomas erfolgt die Farbgebung per Hand am St\u00fcck und auch aus diesem Grund ist jeder Clog ein Unikat.<\/p>\n<p>Die Fertigstellung wird mit Wachsen, Cremes und nat\u00fcrlichen \u00d6len durchgef\u00fchrt, die dem Leder einen seidigen und Antik-Effekt geben.<\/p>\n","protected":false},"excerpt":{"rendered":"<p><strong>Modell:<\/strong> Thomas<br \/>\n<strong>Holzsandale Farbe:<\/strong> Natural<br \/>\n<strong>Ferse:<\/strong> Clogs\u00a0 Holzkeil 3 cm<\/p>\n<p><strong>Obermaterial:<\/strong> Echtes pflanzlich gegerbtes Leder<br \/>\n<strong>Farbe:\u00a0<\/strong>Leather<\/p>\n<p>Erh\u00e4ltlich in 7 Tagen + Lieferung<\/p>\n","protected":false},"featured_media":84135,"comment_status":"closed","ping_status":"closed","template":"","meta":[],"product_brand":[],"product_cat":[3588,3652,3522,3534,3155],"product_tag":[],"class_list":{"0":"post-84156","1":"product","2":"type-product","3":"status-publish","4":"has-post-thumbnail","6":"product_cat-102-u-gold-manner","7":"product_cat-mod-paul","8":"product_cat-003-farbe","9":"product_cat-050-fersenclog-3","10":"product_cat-herr-clogs-de","11":"pa_colore-amaranth-de","12":"pa_colore-antique-brown-de","13":"pa_colore-beige-de","14":"pa_colore-black-de","15":"pa_colore-blue-cobalt-de","16":"pa_colore-bottle-green-de","17":"pa_colore-cacao-de","18":"pa_colore-dark-brown-de","19":"pa_colore-gold-de","20":"pa_colore-leather-de","21":"pa_colore-lilac-de","22":"pa_colore-natural-de","23":"pa_colore-night-blue-de","24":"pa_colore-orange-de","25":"pa_colore-pink-de","26":"pa_colore-red-de","27":"pa_colore-silver-de","28":"pa_colore-stierkampf","29":"pa_colore-taupe-de","30":"pa_colore-turquoise-de","31":"pa_colore-turtledove","32":"pa_colore-violet-de","33":"pa_colore-white-de","34":"pa_colore-yellow-mustard-de","35":"pa_colore-zoccolo-black-de","36":"pa_colore-zoccolo-blue-de","37":"pa_colore-zoccolo-dark-brown-de","38":"pa_colore-zoccolo-green-de","39":"pa_colore-zoccolo-leather-de","40":"pa_colore-zoccolo-lilac-de","41":"pa_colore-zoccolo-natural-de","42":"pa_colore-zoccolo-orange-de","43":"pa_colore-zoccolo-red-de","44":"pa_colore-zoccolo-yellow-de","45":"pa_taglia-groesse-40","46":"pa_taglia-groesse-41","47":"pa_taglia-groesse-42","48":"pa_taglia-groesse-43","49":"pa_taglia-groesse-44","50":"pa_taglia-groesse-45","51":"pa_taglia-groesse-46","53":"first","54":"instock","55":"taxable","56":"shipping-taxable","57":"purchasable","58":"product-type-variable"},"_links":{"self":[{"href":"https:\/\/www.mariodoni.it\/de\/wp-json\/wp\/v2\/product\/84156","targetHints":{"allow":["GET"]}}],"collection":[{"href":"https:\/\/www.mariodoni.it\/de\/wp-json\/wp\/v2\/product"}],"about":[{"href":"https:\/\/www.mariodoni.it\/de\/wp-json\/wp\/v2\/types\/product"}],"replies":[{"embeddable":true,"href":"https:\/\/www.mariodoni.it\/de\/wp-json\/wp\/v2\/comments?post=84156"}],"wp:featuredmedia":[{"embeddable":true,"href":"https:\/\/www.mariodoni.it\/de\/wp-json\/wp\/v2\/media\/84135"}],"wp:attachment":[{"href":"https:\/\/www.mariodoni.it\/de\/wp-json\/wp\/v2\/media?parent=84156"}],"wp:term":[{"taxonomy":"product_brand","embeddable":true,"href":"https:\/\/www.mariodoni.it\/de\/wp-json\/wp\/v2\/product_brand?post=84156"},{"taxonomy":"product_cat","embeddable":true,"href":"https:\/\/www.mariodoni.it\/de\/wp-json\/wp\/v2\/product_cat?post=84156"},{"taxonomy":"product_tag","embeddable":true,"href":"https:\/\/www.mariodoni.it\/de\/wp-json\/wp\/v2\/product_tag?post=84156"}],"curies":[{"name":"wp","href":"https:\/\/api.w.org\/{rel}","templated":true}]}}