{"id":84039,"date":"2025-03-19T17:50:39","date_gmt":"2025-03-19T16:50:39","guid":{"rendered":"https:\/\/www.mariodoni.it\/?post_type=product&#038;p=84039"},"modified":"2025-11-05T12:47:20","modified_gmt":"2025-11-05T11:47:20","slug":"damen-holzclog-mit-niedrigem-absatz-mod-michela","status":"publish","type":"product","link":"https:\/\/www.mariodoni.it\/de\/prodotto\/damen-holzclog-mit-niedrigem-absatz-mod-michela\/","title":{"rendered":"Michela Clog f\u00fcr Damen hergestellt f\u00fcr Chiara"},"content":{"rendered":"<h2>Holzclog Michela aus pflanzlich gegerbtem Leder: toskanische Handwerkskunst und nat\u00fcrlicher Komfort<\/h2>\n<p>Der handgefertigte Michela-Clog aus der Toskana vereint pflanzlich gegerbtes Leder mit einem eleganten Holzabsatz. Jedes Paar wird individuell gef\u00e4rbt und mit nat\u00fcrlichen Wachsen veredelt \u2013 f\u00fcr ein einzigartiges, samtiges Finish und echten italienischen Stil.<\/p>\n<p>Damen Clogs mit niedrigem Absatz aus Holz &#8211; Mod. Michela H\u00f6he 7 cm. Clogs aus Holz in bester toskanischer Handwerkstradition.<\/p>\n<p>Das Obermaterial aus echtem, pflanzlich gegerbtem Leder ist in einer gro\u00dfen Auswahl an Farben erh\u00e4ltlich und bringt Freude in Ihren Sommer.<\/p>\n<p>Die Montage der Komponenten erfolgt f\u00fcr jeden einzelnen Kunden unter Ber\u00fccksichtigung der gew\u00fcnschten Varianten und Modifikationen.<\/p>\n<p>Auch f\u00fcr den Women&#8217;s Low Heel Clog in Wood &#8211; Mod. Michela wird die F\u00e4rbung von Hand vorgenommen, und auch daf\u00fcr ist jeder Clog ein Einzelst\u00fcck<\/p>\n<p>Die Endbearbeitung erfolgt mit nat\u00fcrlichen Wachsen, Cremes und \u00d6len, die ein seidiges Gef\u00fchl und einen antiken Effekt verleihen.<\/p>\n","protected":false},"excerpt":{"rendered":"<p><strong>Modell:<\/strong> Michela<br \/>\n<strong>Clog Farbe:<\/strong> Leder<br \/>\nAbsatz<strong>:<\/strong> 7 cm Holzclog<br \/>\nObermaterial<strong>:<\/strong> Echtes pflanzliches Leder<br \/>\n<strong>Farbe:<\/strong> Gold<\/p>\n<p><em>Lieferbar in 7 Tagen + Lieferfrist<\/em><\/p>\n","protected":false},"featured_media":84204,"comment_status":"closed","ping_status":"closed","template":"","meta":[],"product_brand":[],"product_cat":[3602,3640,3522,3535,3153],"product_tag":[],"class_list":{"0":"post-84039","1":"product","2":"type-product","3":"status-publish","4":"has-post-thumbnail","6":"product_cat-120-d-basic-clog-frau","7":"product_cat-mod-michela-de","8":"product_cat-003-farbe","9":"product_cat-052-fersenverstopfung-7","10":"product_cat-clogs-fur-frauen-de","11":"pa_altezza-tacco-wooden-clogs-heel-7-de","12":"pa_colore-amaranth-de","13":"pa_colore-antique-brown-de","14":"pa_colore-beige-de","15":"pa_colore-black-de","16":"pa_colore-blue-cobalt-de","17":"pa_colore-bottle-green-de","18":"pa_colore-cacao-de","19":"pa_colore-dark-brown-de","20":"pa_colore-gold-de","21":"pa_colore-leather-de","22":"pa_colore-lilac-de","23":"pa_colore-natural-de","24":"pa_colore-night-blue-de","25":"pa_colore-orange-de","26":"pa_colore-pink-de","27":"pa_colore-red-de","28":"pa_colore-silver-de","29":"pa_colore-stierkampf","30":"pa_colore-taupe-de","31":"pa_colore-turquoise-de","32":"pa_colore-turtledove","33":"pa_colore-violet-de","34":"pa_colore-white-de","35":"pa_colore-yellow-mustard-de","36":"pa_colore-zoccolo-black-de","37":"pa_colore-zoccolo-blue-de","38":"pa_colore-zoccolo-dark-brown-de","39":"pa_colore-zoccolo-green-de","40":"pa_colore-zoccolo-leather-de","41":"pa_colore-zoccolo-lilac-de","42":"pa_colore-zoccolo-natural-de","43":"pa_colore-zoccolo-orange-de","44":"pa_colore-zoccolo-red-de","45":"pa_colore-zoccolo-yellow-de","46":"pa_taglia-groesse-35","47":"pa_taglia-groesse-36","48":"pa_taglia-groesse-37","49":"pa_taglia-groesse-38","50":"pa_taglia-groesse-39","51":"pa_taglia-groesse-40","52":"pa_taglia-groesse-41","54":"first","55":"instock","56":"taxable","57":"shipping-taxable","58":"purchasable","59":"product-type-variable"},"_links":{"self":[{"href":"https:\/\/www.mariodoni.it\/de\/wp-json\/wp\/v2\/product\/84039","targetHints":{"allow":["GET"]}}],"collection":[{"href":"https:\/\/www.mariodoni.it\/de\/wp-json\/wp\/v2\/product"}],"about":[{"href":"https:\/\/www.mariodoni.it\/de\/wp-json\/wp\/v2\/types\/product"}],"replies":[{"embeddable":true,"href":"https:\/\/www.mariodoni.it\/de\/wp-json\/wp\/v2\/comments?post=84039"}],"wp:featuredmedia":[{"embeddable":true,"href":"https:\/\/www.mariodoni.it\/de\/wp-json\/wp\/v2\/media\/84204"}],"wp:attachment":[{"href":"https:\/\/www.mariodoni.it\/de\/wp-json\/wp\/v2\/media?parent=84039"}],"wp:term":[{"taxonomy":"product_brand","embeddable":true,"href":"https:\/\/www.mariodoni.it\/de\/wp-json\/wp\/v2\/product_brand?post=84039"},{"taxonomy":"product_cat","embeddable":true,"href":"https:\/\/www.mariodoni.it\/de\/wp-json\/wp\/v2\/product_cat?post=84039"},{"taxonomy":"product_tag","embeddable":true,"href":"https:\/\/www.mariodoni.it\/de\/wp-json\/wp\/v2\/product_tag?post=84039"}],"curies":[{"name":"wp","href":"https:\/\/api.w.org\/{rel}","templated":true}]}}