{"id":83665,"date":"2024-03-30T15:58:29","date_gmt":"2024-03-30T14:58:29","guid":{"rendered":"https:\/\/www.mariodoni.it\/prodotto\/beatrice-geldboerse\/"},"modified":"2025-11-05T12:55:53","modified_gmt":"2025-11-05T11:55:53","slug":"beatrice-damen-geldboerse-leder","status":"publish","type":"product","link":"https:\/\/www.mariodoni.it\/de\/prodotto\/beatrice-damen-geldboerse-leder\/","title":{"rendered":"Beatrice&#8216; Geldb\u00f6rse"},"content":{"rendered":"<h2>Beatrice Geldb\u00f6rse aus pflanzlich gegerbtem Leder \u2013 toskanische Handwerkskunst<\/h2>\n<p>Die Geldb\u00f6rse Beatrice wird in der Toskana von Hand gefertigt und besteht aus pflanzlich gegerbtem Leder. Sichtbare N\u00e4hte, sorgf\u00e4ltige Verarbeitung und ein zeitloses Design verleihen ihr nat\u00fcrliche Eleganz und best\u00e4ndige Qualit\u00e4t.<\/p>\n<p>Alle Lederwarenprodukte von Mario Doni, wie zum Beispiel das Beatrice Damen-Geldb\u00f6rse Leder, sind handgefertigte Produkte, die bewusst schlicht, aber einzigartig in ihrer Art, funktional und mit zeitlosem Design sind.<\/p>\n<p>F\u00fcr ihre Herstellung verwenden wir Vera Pelle al Vegetale, ein Leder, das f\u00fcr die toskanische Gerberei charakteristisch ist. Die deutlich sichtbaren, vollst\u00e4ndig von Hand gefertigten N\u00e4hte werden zu einem wertvollen Stilmittel.<\/p>\n<p>Zusammenbau, F\u00e4rben und N\u00e4hen erfolgen von Hand, sodass sich jedes St\u00fcck vom anderen unterscheidet und in seinem Stil einzigartig ist. Wie immer bieten wir die M\u00f6glichkeit zur Individualisierung mit einer gro\u00dfen Auswahl an Farben.<\/p>\n<p>In der Wahl der Namen zur Identifizierung unserer Lederwaren schwingt die ganze Liebe zu diesem Land mit, in der Tat werden die Namen der ber\u00fchmtesten literarischen K\u00fcnstler unseres Landes genannt.<\/p>\n<p>Die Beatrice Damen-Geldb\u00f6rse Leder besteht aus echtem Pflanzenleder.<\/p>\n<p>Innen super organisiert: acht F\u00e4cher f\u00fcr Karten, drei F\u00e4cher f\u00fcr Dokumente oder Geldscheine und ein M\u00fcnzfach.<\/p>\n","protected":false},"excerpt":{"rendered":"<p><strong>Modell:<\/strong>Beatrice Geldb\u00f6rse<\/p>\n<p><strong>Struktur: <\/strong>acht F\u00e4cher f\u00fcr Karten, drei F\u00e4cher f\u00fcr Dokumente oder Geldscheine und ein M\u00fcnzfach<\/p>\n<p><strong>Ma\u00dfe : <\/strong>Geschlossen : 11 cm x 18 cm \/ Offen : 23 cm x 18 cm<\/p>\n<p><strong>Material:<\/strong> Echtes pflanzliches Leder<strong><br \/>\n<\/strong><\/p>\n<p><strong>Farbe : <\/strong>Leder<\/p>\n<p><em>Verf\u00fcgbar in 12 Tagen + Lieferfrist<\/em><\/p>\n","protected":false},"featured_media":8285,"comment_status":"closed","ping_status":"closed","template":"","meta":[],"product_brand":[],"product_cat":[3508,3157],"product_tag":[],"class_list":{"0":"post-83665","1":"product","2":"type-product","3":"status-publish","4":"has-post-thumbnail","6":"product_cat-mod-beatrice-de","7":"product_cat-geldborsen-und-schlusselanhanger-de","8":"pa_colore-amaranth-de","9":"pa_colore-antique-brown-de","10":"pa_colore-beige-de","11":"pa_colore-black-de","12":"pa_colore-blue-cobalt-de","13":"pa_colore-bottle-green-de","14":"pa_colore-cacao-de","15":"pa_colore-dark-brown-de","16":"pa_colore-gold-de","17":"pa_colore-leather-de","18":"pa_colore-lilac-de","19":"pa_colore-natural-de","20":"pa_colore-night-blue-de","21":"pa_colore-orange-de","22":"pa_colore-pink-de","23":"pa_colore-red-de","24":"pa_colore-silver-de","25":"pa_colore-stierkampf","26":"pa_colore-taupe-de","27":"pa_colore-turquoise-de","28":"pa_colore-turtledove","29":"pa_colore-violet-de","30":"pa_colore-white-de","31":"pa_colore-yellow-mustard-de","33":"first","34":"instock","35":"taxable","36":"shipping-taxable","37":"purchasable","38":"product-type-variable"},"_links":{"self":[{"href":"https:\/\/www.mariodoni.it\/de\/wp-json\/wp\/v2\/product\/83665","targetHints":{"allow":["GET"]}}],"collection":[{"href":"https:\/\/www.mariodoni.it\/de\/wp-json\/wp\/v2\/product"}],"about":[{"href":"https:\/\/www.mariodoni.it\/de\/wp-json\/wp\/v2\/types\/product"}],"replies":[{"embeddable":true,"href":"https:\/\/www.mariodoni.it\/de\/wp-json\/wp\/v2\/comments?post=83665"}],"wp:featuredmedia":[{"embeddable":true,"href":"https:\/\/www.mariodoni.it\/de\/wp-json\/wp\/v2\/media\/8285"}],"wp:attachment":[{"href":"https:\/\/www.mariodoni.it\/de\/wp-json\/wp\/v2\/media?parent=83665"}],"wp:term":[{"taxonomy":"product_brand","embeddable":true,"href":"https:\/\/www.mariodoni.it\/de\/wp-json\/wp\/v2\/product_brand?post=83665"},{"taxonomy":"product_cat","embeddable":true,"href":"https:\/\/www.mariodoni.it\/de\/wp-json\/wp\/v2\/product_cat?post=83665"},{"taxonomy":"product_tag","embeddable":true,"href":"https:\/\/www.mariodoni.it\/de\/wp-json\/wp\/v2\/product_tag?post=83665"}],"curies":[{"name":"wp","href":"https:\/\/api.w.org\/{rel}","templated":true}]}}