{"id":14916,"date":"2023-09-08T13:14:20","date_gmt":"2023-09-08T11:14:20","guid":{"rendered":"https:\/\/www.mariodoni.it\/prodotto\/sandale-von-man-gladiator-mod-asciano-realisiert-von-philippe\/"},"modified":"2025-11-06T07:34:46","modified_gmt":"2025-11-06T06:34:46","slug":"sandale-von-man-gladiator-mod-asciano-realisiert-von-philippe","status":"publish","type":"product","link":"https:\/\/www.mariodoni.it\/de\/prodotto\/sandale-von-man-gladiator-mod-asciano-realisiert-von-philippe\/","title":{"rendered":"Sandale von man gladiator mod. Asciano realisiert von Philippe"},"content":{"rendered":"<h2>Herrengladiator-Sandalen aus pflanzlich gegerbtem Leder | Asciano<\/h2>\n<p>Jede Verarbeitungsstufe der Sandale wird in unserer Werkstatt durchgef\u00fchrt, um das Produkt von der Wahl der Rohstoffe, jedem Verarbeitungsschritt bis hin zu der Endbearbeitung, Verpackung und Lieferung an den Kunden zu folgen.<\/p>\n<p>Die Verarbeitung der Sandale beginnt mit dem Schneiden des Leders f\u00fcr die Sohle, Einlegesohle und Absatz und folgt mit dem Schnitt des pflanzlich gegerbten Leders f\u00fcr das Oberleder.<\/p>\n<p>Die Montage der Komponenten wird f\u00fcr jeden Kunden unter Ber\u00fccksichtigung der gew\u00fcnschten \u00c4nderungen durchgef\u00fchrt.<\/p>\n<p>Das F\u00e4rben erfolgt von Hand und das ist noch ein Grund, warum jede Sandale einzigartig ist.<\/p>\n<h3>Die Fertigstellung wird mit Wachsen, Cremes und nat\u00fcrlichen \u00d6len durchgef\u00fchrt, die dem Leder einen seidigen und Antik-Effekt geben.<\/h3>\n","protected":false},"excerpt":{"rendered":"<p>Herrensandale Modell Asciano aus Leder und Gummisohle. <strong>Gladiator-Sandalen mit Flip-Flops<\/strong> aus pflanzlich gegerbtem Leder, ma\u00dfgeschneidert f\u00fcr Sie von Mario Doni.<\/p>\n<p><strong>Modell:<\/strong> Asciano<br \/>\n<strong>Innensohle:<\/strong> Gef\u00fcttert mit echtem Leder Gem\u00fcse<br \/>\n<strong>Sohle:<\/strong> <span class=\"HwtZe\" lang=\"de\"><span class=\"jCAhz ChMk0b\"><span class=\"ryNqvb\">Gloxi-Vibram-Gummisohle<\/span><\/span><\/span><\/p>\n<p><strong>Obermaterial:<\/strong> naturgegebertes Leder<br \/>\n<strong>Farbe<\/strong>: Antique Brown<\/p>\n<p><strong><span id=\"result_box\" class=\"short_text\" lang=\"de\">Erh\u00e4ltlich in 7 Tagen + Lieferung<\/span><\/strong><\/p>\n","protected":false},"featured_media":10838,"comment_status":"closed","ping_status":"closed","template":"","meta":[],"product_brand":[],"product_cat":[3522,3531,3947,3137,3141,3147,4063],"product_tag":[],"class_list":{"0":"post-14916","1":"product","2":"type-product","3":"status-publish","4":"has-post-thumbnail","6":"product_cat-003-farbe","7":"product_cat-005-polsterung","8":"product_cat-104-u-top-uomo-de","9":"product_cat-flip-flops-de-2","10":"product_cat-gladiator-de-2","11":"product_cat-ledersandalen-fur-manner-de","12":"product_cat-mod-asciano-de","13":"pa_colore-amaranth-de","14":"pa_colore-antique-brown-de","15":"pa_colore-beige-de","16":"pa_colore-black-de","17":"pa_colore-blue-cobalt-de","18":"pa_colore-bottle-green-de","19":"pa_colore-cacao-de","20":"pa_colore-dark-brown-de","21":"pa_colore-gold-de","22":"pa_colore-leather-de","23":"pa_colore-lilac-de","24":"pa_colore-natural-de","25":"pa_colore-night-blue-de","26":"pa_colore-orange-de","27":"pa_colore-pink-de","28":"pa_colore-red-de","29":"pa_colore-silver-de","30":"pa_colore-stierkampf","31":"pa_colore-taupe-de","32":"pa_colore-turquoise-de","33":"pa_colore-turtledove","34":"pa_colore-violet-de","35":"pa_colore-white-de","36":"pa_colore-yellow-mustard-de","37":"pa_taglia-groesse-38","38":"pa_taglia-groesse-39","39":"pa_taglia-groesse-40","40":"pa_taglia-groesse-41","41":"pa_taglia-groesse-42","42":"pa_taglia-groesse-43","43":"pa_taglia-groesse-44","44":"pa_taglia-groesse-45","45":"pa_taglia-groesse-46","46":"pa_taglia-groesse-47","47":"pa_taglia-groesse-48","49":"first","50":"instock","51":"taxable","52":"shipping-taxable","53":"purchasable","54":"product-type-variable"},"_links":{"self":[{"href":"https:\/\/www.mariodoni.it\/de\/wp-json\/wp\/v2\/product\/14916","targetHints":{"allow":["GET"]}}],"collection":[{"href":"https:\/\/www.mariodoni.it\/de\/wp-json\/wp\/v2\/product"}],"about":[{"href":"https:\/\/www.mariodoni.it\/de\/wp-json\/wp\/v2\/types\/product"}],"replies":[{"embeddable":true,"href":"https:\/\/www.mariodoni.it\/de\/wp-json\/wp\/v2\/comments?post=14916"}],"wp:featuredmedia":[{"embeddable":true,"href":"https:\/\/www.mariodoni.it\/de\/wp-json\/wp\/v2\/media\/10838"}],"wp:attachment":[{"href":"https:\/\/www.mariodoni.it\/de\/wp-json\/wp\/v2\/media?parent=14916"}],"wp:term":[{"taxonomy":"product_brand","embeddable":true,"href":"https:\/\/www.mariodoni.it\/de\/wp-json\/wp\/v2\/product_brand?post=14916"},{"taxonomy":"product_cat","embeddable":true,"href":"https:\/\/www.mariodoni.it\/de\/wp-json\/wp\/v2\/product_cat?post=14916"},{"taxonomy":"product_tag","embeddable":true,"href":"https:\/\/www.mariodoni.it\/de\/wp-json\/wp\/v2\/product_tag?post=14916"}],"curies":[{"name":"wp","href":"https:\/\/api.w.org\/{rel}","templated":true}]}}