{"id":14904,"date":"2023-09-02T15:41:19","date_gmt":"2023-09-02T13:41:19","guid":{"rendered":"https:\/\/www.mariodoni.it\/prodotto\/hosentrager-man-leder-aus-fur-sie-gefertigte-von-mario-doni\/"},"modified":"2025-11-05T18:38:43","modified_gmt":"2025-11-05T17:38:43","slug":"hosentrager-man-leder-aus-fur-sie-gefertigte","status":"publish","type":"product","link":"https:\/\/www.mariodoni.it\/de\/prodotto\/hosentrager-man-leder-aus-fur-sie-gefertigte\/","title":{"rendered":"Hosentr\u00e4ger man leder aus f\u00fcr Sie gefertigte"},"content":{"rendered":"<h2>Handgefertigte Herren-Hosentr\u00e4ger aus pflanzlich gegerbtem Echtleder Made in Italy<\/h2>\n<p><span class=\"HwtZe\" lang=\"de\"><span class=\"jCAhz ChMk0b\"><span class=\"ryNqvb\">Herren-Hosentr\u00e4ger aus Leder.<br \/>\n<\/span><\/span><span class=\"jCAhz ChMk0b\"><span class=\"ryNqvb\">Alle Lederwaren von Mario Doni wie zum Beispiel Lederhosentr\u00e4ger f\u00fcr Herren sind handgefertigte Produkte, die bewusst schlicht, aber einzigartig in ihrer Art, funktional und mit zeitlosem Design sind.<br \/>\n<\/span><\/span><\/span><\/p>\n<p><span class=\"HwtZe\" lang=\"de\"><span class=\"jCAhz ChMk0b\"><span class=\"ryNqvb\">F\u00fcr die Herstellung von Herren-Lederhosentr\u00e4gern verwenden wir Vera Pelle al Vegetale, ein Leder, das f\u00fcr die toskanische Gerberei charakteristisch ist.<\/span><\/span><\/span><\/p>\n<p>Zusammenbau und F\u00e4rben erfolgen von Hand, sodass sich jedes St\u00fcck vom anderen unterscheidet und in seinem Stil einzigartig ist.<\/p>\n<h3>Wie immer bieten wir die M\u00f6glichkeit zur Individualisierung mit einer gro\u00dfen Farbauswahl.<\/h3>\n<p><iframe title=\"Video lavorazione Bretelle artigianali, realizzate a mano in vera pelle al vegetale.\" width=\"1200\" height=\"675\" src=\"https:\/\/www.youtube.com\/embed\/cq-1-GepErA?feature=oembed\" frameborder=\"0\" allow=\"accelerometer; autoplay; clipboard-write; encrypted-media; gyroscope; picture-in-picture; web-share\" referrerpolicy=\"strict-origin-when-cross-origin\" allowfullscreen><\/iframe><\/p>\n<p>&nbsp;<\/p>\n","protected":false},"excerpt":{"rendered":"<p><strong>Verstellbare Leder-Hosentr\u00e4ger f\u00fcr Damen und Herren<\/strong>, w\u00e4hlen Sie Ihre Lieblingsfarbe.<br \/>\nHandgefertigte Hosentr\u00e4ger aus Leder, individuell f\u00fcr Sie von Mario Doni.<\/p>\n<p>&nbsp;<\/p>\n<p>&nbsp;<\/p>\n<p><strong>Model:<\/strong>\u00a0Hosentr\u00e4ger<\/p>\n<p><strong>Material:<\/strong>\u00a0Pflanzlich Leder<\/p>\n<p><strong>Farbe:\u00a0<\/strong>Leather<\/p>\n<p><strong>Verf\u00fcgbar in 7 Tage + Lieferzeit<\/strong><\/p>\n","protected":false},"featured_media":10763,"comment_status":"closed","ping_status":"closed","template":"","meta":[],"product_brand":[],"product_cat":[3933],"product_tag":[],"class_list":{"0":"post-14904","1":"product","2":"type-product","3":"status-publish","4":"has-post-thumbnail","6":"product_cat-hosentrager","7":"pa_colore-amaranth-de","8":"pa_colore-antique-brown-de","9":"pa_colore-beige-de","10":"pa_colore-black-de","11":"pa_colore-blue-cobalt-de","12":"pa_colore-bottle-green-de","13":"pa_colore-cacao-de","14":"pa_colore-dark-brown-de","15":"pa_colore-gold-de","16":"pa_colore-leather-de","17":"pa_colore-lilac-de","18":"pa_colore-natural-de","19":"pa_colore-night-blue-de","20":"pa_colore-orange-de","21":"pa_colore-pink-de","22":"pa_colore-red-de","23":"pa_colore-silver-de","24":"pa_colore-stierkampf","25":"pa_colore-taupe-de","26":"pa_colore-turquoise-de","27":"pa_colore-turtledove","28":"pa_colore-violet-de","29":"pa_colore-white-de","30":"pa_colore-yellow-mustard-de","32":"first","33":"instock","34":"featured","35":"taxable","36":"shipping-taxable","37":"purchasable","38":"product-type-variable"},"_links":{"self":[{"href":"https:\/\/www.mariodoni.it\/de\/wp-json\/wp\/v2\/product\/14904","targetHints":{"allow":["GET"]}}],"collection":[{"href":"https:\/\/www.mariodoni.it\/de\/wp-json\/wp\/v2\/product"}],"about":[{"href":"https:\/\/www.mariodoni.it\/de\/wp-json\/wp\/v2\/types\/product"}],"replies":[{"embeddable":true,"href":"https:\/\/www.mariodoni.it\/de\/wp-json\/wp\/v2\/comments?post=14904"}],"wp:featuredmedia":[{"embeddable":true,"href":"https:\/\/www.mariodoni.it\/de\/wp-json\/wp\/v2\/media\/10763"}],"wp:attachment":[{"href":"https:\/\/www.mariodoni.it\/de\/wp-json\/wp\/v2\/media?parent=14904"}],"wp:term":[{"taxonomy":"product_brand","embeddable":true,"href":"https:\/\/www.mariodoni.it\/de\/wp-json\/wp\/v2\/product_brand?post=14904"},{"taxonomy":"product_cat","embeddable":true,"href":"https:\/\/www.mariodoni.it\/de\/wp-json\/wp\/v2\/product_cat?post=14904"},{"taxonomy":"product_tag","embeddable":true,"href":"https:\/\/www.mariodoni.it\/de\/wp-json\/wp\/v2\/product_tag?post=14904"}],"curies":[{"name":"wp","href":"https:\/\/api.w.org\/{rel}","templated":true}]}}