{"id":14838,"date":"2021-12-02T14:16:05","date_gmt":"2021-12-02T13:16:05","guid":{"rendered":"https:\/\/www.mariodoni.it\/prodotto\/sandale-arezzo-von-man-gladiator-antica-toscana-realisiert-fur-max\/"},"modified":"2025-11-06T19:20:33","modified_gmt":"2025-11-06T18:20:33","slug":"sandale-arezzo-von-man-gladiator-antica-toscana-realisiert-fur-max","status":"publish","type":"product","link":"https:\/\/www.mariodoni.it\/de\/prodotto\/sandale-arezzo-von-man-gladiator-antica-toscana-realisiert-fur-max\/","title":{"rendered":"Sandale Arezzo von Man gladiator Antica Toscana realisiert f\u00fcr Max"},"content":{"rendered":"<h2><span class=\"VIiyi\" lang=\"de\"><span class=\"JLqJ4b ChMk0b\" data-language-for-alternatives=\"de\" data-language-to-translate-into=\"it\" data-phrase-index=\"1\" data-number-of-phrases=\"6\">Gladiator Sandale f\u00fcr Herren mod. Arezzo.<br \/>\n<\/span><\/span><\/h2>\n<p><span class=\"VIiyi\" lang=\"de\"><span class=\"JLqJ4b ChMk0b\" data-language-for-alternatives=\"de\" data-language-to-translate-into=\"it\" data-phrase-index=\"2\" data-number-of-phrases=\"5\">Ma\u00dfgefertigte Sandalen aus flexiblem Leder und pflanzlich gegerbtem Leder.<\/span><\/span><\/p>\n<p>Es w\u00e4re einfacher gewesen, neue Modelle f\u00fcr unsere Ledersandalen zu kreieren, aber der Wunsch, sich einer neuen Herausforderung zu stellen, war gr\u00f6\u00dfer.<\/p>\n<p>Wie kann man eine l\u00e4ngere Lebensdauer der Sandale mit einem h\u00f6heren Tragekomfort verbinden, ohne zu verlieren, sondern unsere Tradition noch mehr zu suchen und zu verbessern?<\/p>\n<p>Dies ist der Ursprung der Antica Toscana Linie, eine R\u00fcckkehr zur Tradition der handgefertigten Sandale.<\/p>\n<p>Vor allem das Konzept der Langlebigkeit, verbunden mit dem Konzept einer zunehmend nachhaltigen Mode, ist die Seele dieses neuen Projekts, das wiederum von den Materialien unseres Territoriums und seinen Werten ausgeht, um einer Linie absolut authentischer Sandalen Leben einzuhauchen und au\u00dferhalb der Box.<\/p>\n<p>Das Leder, das wir f\u00fcr das Obermaterial gew\u00e4hlt haben, hat ein lebendigeres Aussehen, nicht die M\u00e4ngel werden noch mehr bemerkt, aber die Eigenschaften des Leders, die Farben, obwohl die gleichen wie unsere Produktion, haben einen w\u00e4rmeren Ton, \u00e4lter eigentlich.<\/p>\n<p>Es wurde deutlich weicher gemacht, daher passt es sich perfekt an den Fu\u00df an, f\u00fcr den Komfort, den wir erreichen wollten.<\/p>\n<p>Das Leder f\u00fcr die Sohle ist stattdessen h\u00f6her als unsere \u00fcblichen Sandalen. Beim Anblick wirkt es fester und aggressiver und wird durch die nat\u00fcrlichen Kanten betont und bewusst rau gelassen. Um es bequemer zu machen, bestehen sie aus flexiblem Leder, einem Material, das bereits in anderen Vorschl\u00e4gen enthalten ist und das, da es farblich st\u00e4rker gefettet ist, das Beste aus sich herausholt.<\/p>\n<p>Mit der Antica Toscana-Linie wird die Kombination aus Handwerkskunst und Materialien aus der Toskana verbessert, die uns immer ausgezeichnet hat. Diesmal wollten wir ihr jedoch eine moderne und innovative Interpretation geben. Wir hatten keine Angst, Risiken einzugehen und uns weiter voranzutreiben &#8230;<\/p>\n<p>Wir m\u00f6chten an die Sandalen unserer toskanischen Geschichte und Tradition erinnern und ihnen den Geschmack von Erfahrung und fernen Geschichten zur\u00fcckgeben, die nicht vergessen werden d\u00fcrfen.<\/p>\n<p>Diese Materialien k\u00f6nnen an alle Modelle angepasst werden.<\/p>\n","protected":false},"excerpt":{"rendered":"<p><strong>Modell:<\/strong> Arezzo (Antica Toscana)<br \/>\n<strong>Innensohle:<\/strong> naturgegebertes flex Leder 5 mm<br \/>\n<strong>Sohle:<\/strong> naturgegebertes flex leder 5 mm<\/p>\n<p><strong>Ferse:<\/strong> Naturegeberten leder\u00a0 5 mm<br \/>\n<strong>Obermaterial:<\/strong> naturgegebertes Leder &#8222;Antica Toscana&#8220;<br \/>\n<strong>Farbe<\/strong>: Cobalt Blue<\/p>\n<p><span id=\"result_box\" class=\"short_text\" lang=\"de\">Erh\u00e4ltlich in 7 Tagen + Lieferung<\/span><\/p>\n<p>https:\/\/youtu.be\/LXqep_8KYSQ<\/p>\n","protected":false},"featured_media":10436,"comment_status":"closed","ping_status":"closed","template":"","meta":[],"product_brand":[],"product_cat":[3588,3522,3532,4053,3137,3141,3147,4059],"product_tag":[],"class_list":{"0":"post-14838","1":"product","2":"type-product","3":"status-publish","4":"has-post-thumbnail","6":"product_cat-102-u-gold-manner","7":"product_cat-003-farbe","8":"product_cat-006-flex-leder","9":"product_cat-antica-toscana-sandali-uomo-artigianali-in-pelle-e-cuoio-realizzati-da-mario-doni-de","10":"product_cat-flip-flops-de-2","11":"product_cat-gladiator-de-2","12":"product_cat-ledersandalen-fur-manner-de","13":"product_cat-mod-arezzo-de","14":"pa_colore-amaranth-de","15":"pa_colore-antique-brown-de","16":"pa_colore-beige-de","17":"pa_colore-black-de","18":"pa_colore-blue-cobalt-de","19":"pa_colore-bottle-green-de","20":"pa_colore-cacao-de","21":"pa_colore-dark-brown-de","22":"pa_colore-leather-de","23":"pa_colore-lilac-de","24":"pa_colore-natural-de","25":"pa_colore-night-blue-de","26":"pa_colore-orange-de","27":"pa_colore-pink-de","28":"pa_colore-red-de","29":"pa_colore-stierkampf","30":"pa_colore-taupe-de","31":"pa_colore-turquoise-de","32":"pa_colore-turtledove","33":"pa_colore-violet-de","34":"pa_colore-yellow-mustard-de","35":"pa_taglia-groesse-38","36":"pa_taglia-groesse-39","37":"pa_taglia-groesse-40","38":"pa_taglia-groesse-41","39":"pa_taglia-groesse-42","40":"pa_taglia-groesse-43","41":"pa_taglia-groesse-44","42":"pa_taglia-groesse-45","43":"pa_taglia-groesse-46","44":"pa_taglia-groesse-47","45":"pa_taglia-groesse-48","47":"first","48":"instock","49":"taxable","50":"shipping-taxable","51":"purchasable","52":"product-type-variable"},"_links":{"self":[{"href":"https:\/\/www.mariodoni.it\/de\/wp-json\/wp\/v2\/product\/14838","targetHints":{"allow":["GET"]}}],"collection":[{"href":"https:\/\/www.mariodoni.it\/de\/wp-json\/wp\/v2\/product"}],"about":[{"href":"https:\/\/www.mariodoni.it\/de\/wp-json\/wp\/v2\/types\/product"}],"replies":[{"embeddable":true,"href":"https:\/\/www.mariodoni.it\/de\/wp-json\/wp\/v2\/comments?post=14838"}],"wp:featuredmedia":[{"embeddable":true,"href":"https:\/\/www.mariodoni.it\/de\/wp-json\/wp\/v2\/media\/10436"}],"wp:attachment":[{"href":"https:\/\/www.mariodoni.it\/de\/wp-json\/wp\/v2\/media?parent=14838"}],"wp:term":[{"taxonomy":"product_brand","embeddable":true,"href":"https:\/\/www.mariodoni.it\/de\/wp-json\/wp\/v2\/product_brand?post=14838"},{"taxonomy":"product_cat","embeddable":true,"href":"https:\/\/www.mariodoni.it\/de\/wp-json\/wp\/v2\/product_cat?post=14838"},{"taxonomy":"product_tag","embeddable":true,"href":"https:\/\/www.mariodoni.it\/de\/wp-json\/wp\/v2\/product_tag?post=14838"}],"curies":[{"name":"wp","href":"https:\/\/api.w.org\/{rel}","templated":true}]}}