{"id":14808,"date":"2021-01-08T15:29:25","date_gmt":"2021-01-08T14:29:25","guid":{"rendered":"https:\/\/www.mariodoni.it\/prodotto\/antischockabsatz-aus-leder\/"},"modified":"2025-11-05T22:50:50","modified_gmt":"2025-11-05T21:50:50","slug":"antischockabsatz-aus-leder","status":"publish","type":"product","link":"https:\/\/www.mariodoni.it\/de\/prodotto\/antischockabsatz-aus-leder\/","title":{"rendered":"Antischock Ferse aus Leder"},"content":{"rendered":"<h2 dir=\"ltr\" data-placeholder=\"Traduzione\">Antishock-Fersenkissen aus echtem Leder mit handwerklichem Komfort<\/h2>\n<p dir=\"ltr\" data-placeholder=\"Traduzione\">In der Toskana handgefertigt, vereint dieses Fersenkissen pflanzlich gegerbtes Leder mit einem Shock-Absorber-Einsatz, der Mikrotraumen reduziert. Traditionelles Handwerk und nat\u00fcrliche Materialien sorgen f\u00fcr anhaltenden Komfort und sanfte Unterst\u00fctzung nach italienischer Schuhmachertradition.<\/p>\n<p id=\"tw-target-text\" class=\"tw-data-text tw-text-large XcVN5d tw-ta\" dir=\"ltr\" data-placeholder=\"Traduzione\"><span lang=\"de\">Die Antishock-Ferse besteht aus echtem Naturleder und weichem Latex und enth\u00e4lt dank des Sto\u00dfd\u00e4mpfereinsatzes (unter der Ferse) Mikrotraumas, sch\u00fctzt das osteoartikul\u00e4re System und lindert Schwellungen und Erm\u00fcdungserscheinungen.<\/span><\/p>\n","protected":false},"excerpt":{"rendered":"<p><strong>Modell:<\/strong> Antischockabsatz aus Leder<\/p>\n<p><strong>\u00a0<\/strong>35\/36 &#8211; 37\/38 &#8211; 39\/41 &#8211; 42\/44 &#8211; 45\/47<\/p>\n<p>Erh\u00e4ltlich in 3\u00a0Tagen + Lieferung<\/p>\n","protected":false},"featured_media":10292,"comment_status":"closed","ping_status":"closed","template":"","meta":[],"product_brand":[],"product_cat":[2679],"product_tag":[],"class_list":{"0":"post-14808","1":"product","2":"type-product","3":"status-publish","4":"has-post-thumbnail","6":"product_cat-orthesen-und-einlegesohlen","7":"pa_taglia-solette-35-36-2","8":"pa_taglia-solette-37-38-3","9":"pa_taglia-solette-39-41-2","10":"pa_taglia-solette-42-44-3","11":"pa_taglia-solette-45-47-3","13":"first","14":"instock","15":"taxable","16":"shipping-taxable","17":"product-type-variable"},"_links":{"self":[{"href":"https:\/\/www.mariodoni.it\/de\/wp-json\/wp\/v2\/product\/14808","targetHints":{"allow":["GET"]}}],"collection":[{"href":"https:\/\/www.mariodoni.it\/de\/wp-json\/wp\/v2\/product"}],"about":[{"href":"https:\/\/www.mariodoni.it\/de\/wp-json\/wp\/v2\/types\/product"}],"replies":[{"embeddable":true,"href":"https:\/\/www.mariodoni.it\/de\/wp-json\/wp\/v2\/comments?post=14808"}],"wp:featuredmedia":[{"embeddable":true,"href":"https:\/\/www.mariodoni.it\/de\/wp-json\/wp\/v2\/media\/10292"}],"wp:attachment":[{"href":"https:\/\/www.mariodoni.it\/de\/wp-json\/wp\/v2\/media?parent=14808"}],"wp:term":[{"taxonomy":"product_brand","embeddable":true,"href":"https:\/\/www.mariodoni.it\/de\/wp-json\/wp\/v2\/product_brand?post=14808"},{"taxonomy":"product_cat","embeddable":true,"href":"https:\/\/www.mariodoni.it\/de\/wp-json\/wp\/v2\/product_cat?post=14808"},{"taxonomy":"product_tag","embeddable":true,"href":"https:\/\/www.mariodoni.it\/de\/wp-json\/wp\/v2\/product_tag?post=14808"}],"curies":[{"name":"wp","href":"https:\/\/api.w.org\/{rel}","templated":true}]}}