{"id":14802,"date":"2021-01-08T15:15:17","date_gmt":"2021-01-08T14:15:17","guid":{"rendered":"https:\/\/www.mariodoni.it\/prodotto\/halb-comfortable-fusbett-aus-leder\/"},"modified":"2025-11-05T22:52:53","modified_gmt":"2025-11-05T21:52:53","slug":"halb-comfortable-fusbett-aus-leder","status":"publish","type":"product","link":"https:\/\/www.mariodoni.it\/de\/prodotto\/halb-comfortable-fusbett-aus-leder\/","title":{"rendered":"Halb Comfortable Fu\u00dfbett aus Leder"},"content":{"rendered":"<h2 dir=\"ltr\" data-placeholder=\"Traduzione\">Confort Halbsohle aus echtem Leder \u2013 nat\u00fcrlicher Halt und handwerklicher Komfort<\/h2>\n<p dir=\"ltr\" data-placeholder=\"Traduzione\">Die Confort Halbsohle verbindet anatomisches Design mit der Atmungsaktivit\u00e4t von echtem Leder. Sie d\u00e4mpft jeden Schritt, st\u00fctzt das Fu\u00dfgew\u00f6lbe und sorgt f\u00fcr ein frisches, angenehmes Tragegef\u00fchl.<\/p>\n<p id=\"tw-target-text\" class=\"tw-data-text tw-text-large XcVN5d tw-ta\" dir=\"ltr\" data-placeholder=\"Traduzione\"><span lang=\"de\">Das Komfortfu\u00dfbett ist ideal f\u00fcr diejenigen, die viel Zeit auf ihren F\u00fc\u00dfen verbringen. <\/span><span lang=\"de\">Dank seiner Polyurethan-Kautschuk-Zusammensetzung kann es St\u00f6\u00dfe absorbieren und die anatomische Form unterst\u00fctzt den Plantarbogen und h\u00e4lt den Fu\u00df in der richtigen Position. <\/span><\/p>\n<p class=\"tw-data-text tw-text-large XcVN5d tw-ta\" dir=\"ltr\" data-placeholder=\"Traduzione\"><span lang=\"de\">Das echte Naturlederfutter garantiert eine hervorragende Atmungsaktivit\u00e4t und verleiht dem Fu\u00df ein hervorragendes Gef\u00fchl von Frische.<\/span><\/p>\n","protected":false},"excerpt":{"rendered":"<p><strong>Modell:<\/strong> Halb Comfortable Fu\u00dfbett aus Leder<\/p>\n<p>36\/37 &#8211; 38\/39 &#8211; 40\/41 &#8211; 42\/43 &#8211; 44\/46<\/p>\n<p>Erh\u00e4ltlich in 3\u00a0Tagen + Lieferung<\/p>\n","protected":false},"featured_media":10280,"comment_status":"closed","ping_status":"closed","template":"","meta":[],"product_brand":[],"product_cat":[2679],"product_tag":[],"class_list":{"0":"post-14802","1":"product","2":"type-product","3":"status-publish","4":"has-post-thumbnail","6":"product_cat-orthesen-und-einlegesohlen","7":"pa_taglia-solette-36-37-2","8":"pa_taglia-solette-38-39-3","9":"pa_taglia-solette-40-41-3","10":"pa_taglia-solette-42-43-2","11":"pa_taglia-solette-44-46-3","13":"first","14":"instock","15":"taxable","16":"shipping-taxable","17":"purchasable","18":"product-type-variable"},"_links":{"self":[{"href":"https:\/\/www.mariodoni.it\/de\/wp-json\/wp\/v2\/product\/14802","targetHints":{"allow":["GET"]}}],"collection":[{"href":"https:\/\/www.mariodoni.it\/de\/wp-json\/wp\/v2\/product"}],"about":[{"href":"https:\/\/www.mariodoni.it\/de\/wp-json\/wp\/v2\/types\/product"}],"replies":[{"embeddable":true,"href":"https:\/\/www.mariodoni.it\/de\/wp-json\/wp\/v2\/comments?post=14802"}],"wp:featuredmedia":[{"embeddable":true,"href":"https:\/\/www.mariodoni.it\/de\/wp-json\/wp\/v2\/media\/10280"}],"wp:attachment":[{"href":"https:\/\/www.mariodoni.it\/de\/wp-json\/wp\/v2\/media?parent=14802"}],"wp:term":[{"taxonomy":"product_brand","embeddable":true,"href":"https:\/\/www.mariodoni.it\/de\/wp-json\/wp\/v2\/product_brand?post=14802"},{"taxonomy":"product_cat","embeddable":true,"href":"https:\/\/www.mariodoni.it\/de\/wp-json\/wp\/v2\/product_cat?post=14802"},{"taxonomy":"product_tag","embeddable":true,"href":"https:\/\/www.mariodoni.it\/de\/wp-json\/wp\/v2\/product_tag?post=14802"}],"curies":[{"name":"wp","href":"https:\/\/api.w.org\/{rel}","templated":true}]}}