{"id":14796,"date":"2020-12-09T14:42:20","date_gmt":"2020-12-09T13:42:20","guid":{"rendered":"https:\/\/www.mariodoni.it\/prodotto\/leder-gurtel-mod-g24-3-5-cm\/"},"modified":"2025-11-06T19:14:17","modified_gmt":"2025-11-06T18:14:17","slug":"handgefertigter-herrenguertel-aus-echtem-leder","status":"publish","type":"product","link":"https:\/\/www.mariodoni.it\/de\/prodotto\/handgefertigter-herrenguertel-aus-echtem-leder\/","title":{"rendered":"Leder G\u00fcrtel mod. G24 3.5 cm"},"content":{"rendered":"<h2><span class=\"HwtZe\" lang=\"de\"><span class=\"jCAhz ChMk0b\"><span class=\"ryNqvb\">Handgefertigter Herreng\u00fcrtel aus echtem Leder mod.<\/span><\/span> <span class=\"jCAhz ChMk0b\"><span class=\"ryNqvb\">G24<\/span><\/span><\/span><\/h2>\n<p>Der Wunsch und die Leidenschaft, mit neuen Techniken zu experimentieren, haben uns dazu gebracht, neue G\u00fcrtel zu kreieren, unsere Tradition zu respektieren und unsere Philosophie der Handwerkskunst und der Aufmerksamkeit f\u00fcr Nachhaltigkeit fortzusetzen.<\/p>\n<p><span class=\"HwtZe\" lang=\"de\"><span class=\"jCAhz ChMk0b\"><span class=\"ryNqvb\">Auch f\u00fcr die <\/span><\/span><span class=\"jCAhz\"><span class=\"ryNqvb\">Handgefertigter Herreng\u00fcrtel aus echtem Leder mod.<\/span><\/span> <span class=\"jCAhz\"><span class=\"ryNqvb\">G24 <\/span><\/span><span class=\"jCAhz ChMk0b\"><span class=\"ryNqvb\">Wir verwenden weiterhin Materialien aus unserer Region, wie z. B. pflanzlich gegerbtes toskanisches Leder. Mit dem Wunsch, einzigartige St\u00fccke zu schaffen, die sich von den \u00fcblichen Mustern unterscheiden, hatten wir Spa\u00df daran, ein Produkt zu f\u00e4rben und hervorzuheben, das an sich schon einzigartig und besonders ist.<\/span><\/span><\/span><\/p>\n<p>Mit diesen G\u00fcrteln m\u00f6chte Mario Doni die Handwerkskunst der Farbgebung weiter verbessern, indem er jedes St\u00fcck einzeln bearbeitet, um weiterhin auf ethischere und nachhaltigere Weise zu produzieren.<\/p>\n<p>Nachhaltige Mode bedeutet f\u00fcr uns, das zu tun, was der Kunde ben\u00f6tigt, Materialverschwendung zu vermeiden und den Verbrauch zu senken, auch wenn dies l\u00e4ngere Produktionszeiten erfordert.<\/p>\n<p>Aus diesem Grund m\u00f6chten wir auch Produkte auf Bestellung f\u00fcr die Sammlung von G\u00fcrteln herstellen lassen, die nicht fertig sind, sondern auf besonderen Wunsch des Kunden hergestellt werden, der ein absolut personalisiertes und exklusives Produkt gem\u00e4\u00df der Tradition von Mario Doni erwerben kann.<\/p>\n","protected":false},"excerpt":{"rendered":"<p><strong>Leder G\u00fcrtel \u00a0<\/strong><\/p>\n<p><strong>Model:\u00a0<\/strong>G 24<\/p>\n<p><strong>Material:<\/strong>\u00a0Pflanzlich Leder<\/p>\n<p><strong>H\u00f6he:<\/strong> Cm 3.5<\/p>\n<p><strong>Farbe:<\/strong> Burn<\/p>\n<p>Erh\u00e4ltlich in 7 Tagen + Lieferung<\/p>\n","protected":false},"featured_media":10253,"comment_status":"closed","ping_status":"closed","template":"","meta":[],"product_brand":[],"product_cat":[3674,3159],"product_tag":[],"class_list":{"0":"post-14796","1":"product","2":"type-product","3":"status-publish","4":"has-post-thumbnail","6":"product_cat-gurtel-aus-pflanzlichem-leder","7":"product_cat-gurtel-de","8":"pa_altezza-cintura-cm-3-5-3","9":"pa_colore-cinture-cuoio-bordeaux-de","10":"pa_colore-cinture-cuoio-burnt-orange-de","11":"pa_colore-cinture-cuoio-cobalt-blue-de","12":"pa_colore-cinture-cuoio-dark-brown-de","13":"pa_colore-cinture-cuoio-dove-grey-de","14":"pa_colore-cinture-cuoio-gray-de","15":"pa_colore-cinture-cuoio-moss-green-de","16":"pa_colore-cinture-cuoio-navy-blue-de","17":"pa_colore-cinture-cuoio-orange-de","18":"pa_colore-cinture-cuoio-yellow-mustard-de","19":"pa_misura-110-2","20":"pa_misura-120-2","21":"pa_misura-130-2","23":"first","24":"instock","25":"taxable","26":"shipping-taxable","27":"purchasable","28":"product-type-variable"},"_links":{"self":[{"href":"https:\/\/www.mariodoni.it\/de\/wp-json\/wp\/v2\/product\/14796","targetHints":{"allow":["GET"]}}],"collection":[{"href":"https:\/\/www.mariodoni.it\/de\/wp-json\/wp\/v2\/product"}],"about":[{"href":"https:\/\/www.mariodoni.it\/de\/wp-json\/wp\/v2\/types\/product"}],"replies":[{"embeddable":true,"href":"https:\/\/www.mariodoni.it\/de\/wp-json\/wp\/v2\/comments?post=14796"}],"wp:featuredmedia":[{"embeddable":true,"href":"https:\/\/www.mariodoni.it\/de\/wp-json\/wp\/v2\/media\/10253"}],"wp:attachment":[{"href":"https:\/\/www.mariodoni.it\/de\/wp-json\/wp\/v2\/media?parent=14796"}],"wp:term":[{"taxonomy":"product_brand","embeddable":true,"href":"https:\/\/www.mariodoni.it\/de\/wp-json\/wp\/v2\/product_brand?post=14796"},{"taxonomy":"product_cat","embeddable":true,"href":"https:\/\/www.mariodoni.it\/de\/wp-json\/wp\/v2\/product_cat?post=14796"},{"taxonomy":"product_tag","embeddable":true,"href":"https:\/\/www.mariodoni.it\/de\/wp-json\/wp\/v2\/product_tag?post=14796"}],"curies":[{"name":"wp","href":"https:\/\/api.w.org\/{rel}","templated":true}]}}