{"id":14790,"date":"2020-12-09T14:38:16","date_gmt":"2020-12-09T13:38:16","guid":{"rendered":"https:\/\/www.mariodoni.it\/prodotto\/leder-gurtel-mod-rombi-3-5-cm\/"},"modified":"2025-11-03T18:00:36","modified_gmt":"2025-11-03T17:00:36","slug":"handgefertigter-lederguertel-fuer-herren-hoehe-35-cm","status":"publish","type":"product","link":"https:\/\/www.mariodoni.it\/de\/prodotto\/handgefertigter-lederguertel-fuer-herren-hoehe-35-cm\/","title":{"rendered":"Leder G\u00fcrtel mod. Rombi 3.5 cm"},"content":{"rendered":"<h2>Handgefertigter Lederg\u00fcrtel f\u00fcr Herren Mod. Rombi, H\u00f6he 3,5 cm<\/h2>\n<p>Der Wunsch und die Leidenschaft, mit neuen Techniken zu experimentieren, haben uns dazu gebracht, neue G\u00fcrtel zu kreieren, unsere Tradition zu respektieren und unsere Philosophie der Handwerkskunst und der Aufmerksamkeit f\u00fcr Nachhaltigkeit fortzusetzen.<\/p>\n<p>Wir verwendeten weiterhin Materialien aus unserem Gebiet wie toskanisches Leder, um einzigartige Produkte zu kreieren, und genossen es, ein wirklich einzigartiges und besonderes Produkt zu f\u00e4rben und hervorzuheben.<\/p>\n<p>Mit diesen G\u00fcrteln m\u00f6chte Mario Doni die Handwerkskunst der Farbgebung weiter verbessern, indem er jedes St\u00fcck einzeln bearbeitet, um weiterhin auf ethischere und nachhaltigere Weise zu produzieren.<\/p>\n<p>Nachhaltige Mode bedeutet f\u00fcr uns, das zu tun, was der Kunde ben\u00f6tigt, Materialverschwendung zu vermeiden und den Verbrauch zu senken, auch wenn dies l\u00e4ngere Produktionszeiten erfordert.<\/p>\n<p>Aus diesem Grund m\u00f6chten wir auch Produkte auf Bestellung f\u00fcr die Sammlung von G\u00fcrteln herstellen lassen, die nicht fertig sind, sondern auf besonderen Wunsch des Kunden hergestellt werden, der ein absolut personalisiertes und exklusives Produkt gem\u00e4\u00df der Tradition von Mario Doni erwerben kann.<\/p>\n<p>Wie alle unsere G\u00fcrtel ist auch der Handgefertigter Lederg\u00fcrtel f\u00fcr Herren Modell Rombi k\u00fcrzbar.<\/p>\n","protected":false},"excerpt":{"rendered":"<p><strong>Model:\u00a0<\/strong>Rombi<\/p>\n<p><strong>Material:<\/strong>\u00a0Pflanzlich Leder<\/p>\n<p><strong>H\u00f6he:<\/strong> Cm 3.5<\/p>\n<p><strong>Farbe:<\/strong> Leather<\/p>\n<p>Erh\u00e4ltlich in 7 Tagen + Lieferung<\/p>\n","protected":false},"featured_media":10223,"comment_status":"closed","ping_status":"closed","template":"","meta":[],"product_brand":[],"product_cat":[3674,3159],"product_tag":[],"class_list":{"0":"post-14790","1":"product","2":"type-product","3":"status-publish","4":"has-post-thumbnail","6":"product_cat-gurtel-aus-pflanzlichem-leder","7":"product_cat-gurtel-de","8":"pa_altezza-cintura-cm-3-5-3","9":"pa_colore-cinture-cuoio-green-de","10":"pa_colore-cinture-cuoio-leather-de","11":"pa_colore-cinture-cuoio-navy-blue-de","12":"pa_colore-cinture-cuoio-red-de","13":"pa_misura-110-2","14":"pa_misura-120-2","15":"pa_misura-130-2","17":"first","18":"instock","19":"taxable","20":"shipping-taxable","21":"purchasable","22":"product-type-variable"},"_links":{"self":[{"href":"https:\/\/www.mariodoni.it\/de\/wp-json\/wp\/v2\/product\/14790","targetHints":{"allow":["GET"]}}],"collection":[{"href":"https:\/\/www.mariodoni.it\/de\/wp-json\/wp\/v2\/product"}],"about":[{"href":"https:\/\/www.mariodoni.it\/de\/wp-json\/wp\/v2\/types\/product"}],"replies":[{"embeddable":true,"href":"https:\/\/www.mariodoni.it\/de\/wp-json\/wp\/v2\/comments?post=14790"}],"wp:featuredmedia":[{"embeddable":true,"href":"https:\/\/www.mariodoni.it\/de\/wp-json\/wp\/v2\/media\/10223"}],"wp:attachment":[{"href":"https:\/\/www.mariodoni.it\/de\/wp-json\/wp\/v2\/media?parent=14790"}],"wp:term":[{"taxonomy":"product_brand","embeddable":true,"href":"https:\/\/www.mariodoni.it\/de\/wp-json\/wp\/v2\/product_brand?post=14790"},{"taxonomy":"product_cat","embeddable":true,"href":"https:\/\/www.mariodoni.it\/de\/wp-json\/wp\/v2\/product_cat?post=14790"},{"taxonomy":"product_tag","embeddable":true,"href":"https:\/\/www.mariodoni.it\/de\/wp-json\/wp\/v2\/product_tag?post=14790"}],"curies":[{"name":"wp","href":"https:\/\/api.w.org\/{rel}","templated":true}]}}