{"id":14784,"date":"2020-12-01T16:37:25","date_gmt":"2020-12-01T15:37:25","guid":{"rendered":"https:\/\/www.mariodoni.it\/prodotto\/easy-up-fusbett\/"},"modified":"2025-10-15T10:43:57","modified_gmt":"2025-10-15T08:43:57","slug":"easy-up-fusbett","status":"publish","type":"product","link":"https:\/\/www.mariodoni.it\/de\/prodotto\/easy-up-fusbett\/","title":{"rendered":"Easy Up Fu\u00dfbett"},"content":{"rendered":"<h2 dir=\"ltr\" data-placeholder=\"Traduzione\">Easy Up Einlegesohle aus echtem Leder f\u00fcr nat\u00fcrlichen Komfort und handwerkliche Qualit\u00e4t<\/h2>\n<p dir=\"ltr\" data-placeholder=\"Traduzione\">Die Easy Up Einlegesohle wird in der Toskana gefertigt und vereint feines Leder mit leichtem Polyurethan. D\u00fcnn, flexibel und langlebig sorgt sie f\u00fcr nat\u00fcrlichen Tragekomfort und passt perfekt auch in moderne Sneaker.<\/p>\n<p id=\"tw-target-text\" class=\"tw-data-text tw-text-large XcVN5d tw-ta\" dir=\"ltr\" data-placeholder=\"Traduzione\"><span lang=\"de\">Es besteht aus echtem Leder und Polyurethan und ist ultrad\u00fcnn. Es eignet sich auch f\u00fcr moderne Turnschuhe. <\/span><span lang=\"de\">Einzeln verpackt in den Gr\u00f6\u00dfen 35 bis 47 erh\u00e4ltlich.<\/span><\/p>\n","protected":false},"excerpt":{"rendered":"<p><strong>Modell:<\/strong> Easy Up <span lang=\"de\">Fu\u00dfbett<\/span><\/p>\n<p>Erh\u00e4ltlich in 3\u00a0Tagen + Lieferung<\/p>\n","protected":false},"featured_media":10208,"comment_status":"closed","ping_status":"closed","template":"","meta":[],"product_brand":[],"product_cat":[2679],"product_tag":[],"class_list":{"0":"post-14784","1":"product","2":"type-product","3":"status-publish","4":"has-post-thumbnail","6":"product_cat-orthesen-und-einlegesohlen","7":"pa_taglia-solette-35-3","8":"pa_taglia-solette-36-4","9":"pa_taglia-solette-37-3","10":"pa_taglia-solette-38-4","11":"pa_taglia-solette-39-4","12":"pa_taglia-solette-40-4","13":"pa_taglia-solette-41-4","14":"pa_taglia-solette-42-3","15":"pa_taglia-solette-43-3","16":"pa_taglia-solette-44-4","17":"pa_taglia-solette-45-3","18":"pa_taglia-solette-46-3","19":"pa_taglia-solette-47-3","21":"first","22":"instock","23":"taxable","24":"shipping-taxable","25":"purchasable","26":"product-type-variable"},"_links":{"self":[{"href":"https:\/\/www.mariodoni.it\/de\/wp-json\/wp\/v2\/product\/14784","targetHints":{"allow":["GET"]}}],"collection":[{"href":"https:\/\/www.mariodoni.it\/de\/wp-json\/wp\/v2\/product"}],"about":[{"href":"https:\/\/www.mariodoni.it\/de\/wp-json\/wp\/v2\/types\/product"}],"replies":[{"embeddable":true,"href":"https:\/\/www.mariodoni.it\/de\/wp-json\/wp\/v2\/comments?post=14784"}],"wp:featuredmedia":[{"embeddable":true,"href":"https:\/\/www.mariodoni.it\/de\/wp-json\/wp\/v2\/media\/10208"}],"wp:attachment":[{"href":"https:\/\/www.mariodoni.it\/de\/wp-json\/wp\/v2\/media?parent=14784"}],"wp:term":[{"taxonomy":"product_brand","embeddable":true,"href":"https:\/\/www.mariodoni.it\/de\/wp-json\/wp\/v2\/product_brand?post=14784"},{"taxonomy":"product_cat","embeddable":true,"href":"https:\/\/www.mariodoni.it\/de\/wp-json\/wp\/v2\/product_cat?post=14784"},{"taxonomy":"product_tag","embeddable":true,"href":"https:\/\/www.mariodoni.it\/de\/wp-json\/wp\/v2\/product_tag?post=14784"}],"curies":[{"name":"wp","href":"https:\/\/api.w.org\/{rel}","templated":true}]}}