{"id":14778,"date":"2020-12-01T16:21:20","date_gmt":"2020-12-01T15:21:20","guid":{"rendered":"https:\/\/www.mariodoni.it\/prodotto\/antigliss-leder-und-latex\/"},"modified":"2025-11-05T22:56:24","modified_gmt":"2025-11-05T21:56:24","slug":"antigliss-leder-und-latex","status":"publish","type":"product","link":"https:\/\/www.mariodoni.it\/de\/prodotto\/antigliss-leder-und-latex\/","title":{"rendered":"Antigliss Leder und Latex"},"content":{"rendered":"<h2 dir=\"ltr\" data-placeholder=\"Traduzione\">Antigliss aus echtem Leder und Latex: handgefertigter Komfort und nat\u00fcrlicher Halt<\/h2>\n<p dir=\"ltr\" data-placeholder=\"Traduzione\">Der Antigliss-Einsatz aus echtem Leder und weichem Latex bietet sanfte Polsterung und verhindert das Vorrutschen des Fu\u00dfes. Ein handgefertigtes Detail aus Italien, das Tragekomfort und Eleganz vereint.<\/p>\n<p id=\"tw-target-text\" class=\"tw-data-text tw-text-large XcVN5d tw-ta\" dir=\"ltr\" data-placeholder=\"Traduzione\"><span lang=\"de\">Echte Naturledereinlage mit rutschfestem Latex. <\/span><span lang=\"de\">Das Polster muss an der Fu\u00dfsohle positioniert und mit dem bequemen Klebstoff fixiert werden. Es garantiert mehr Komfort f\u00fcr den Mittelfu\u00df und verhindert, dass der Fu\u00df nach vorne rutscht. <\/span><\/p>\n<p class=\"tw-data-text tw-text-large XcVN5d tw-ta\" dir=\"ltr\" data-placeholder=\"Traduzione\"><span lang=\"de\">Besonders geeignet f\u00fcr hochhackige Sandalen.<\/span><\/p>\n","protected":false},"excerpt":{"rendered":"<p><strong>Modell:<\/strong> Antigliss Einlegesohle<\/p>\n<p>Erh\u00e4ltlich in 3\u00a0Tagen + Lieferung<\/p>\n","protected":false},"featured_media":10196,"comment_status":"closed","ping_status":"closed","template":"","meta":[],"product_brand":[],"product_cat":[2679],"product_tag":[],"class_list":{"0":"post-14778","1":"product","2":"type-product","3":"status-publish","4":"has-post-thumbnail","6":"product_cat-orthesen-und-einlegesohlen","8":"first","9":"instock","10":"taxable","11":"shipping-taxable","12":"product-type-variable"},"_links":{"self":[{"href":"https:\/\/www.mariodoni.it\/de\/wp-json\/wp\/v2\/product\/14778","targetHints":{"allow":["GET"]}}],"collection":[{"href":"https:\/\/www.mariodoni.it\/de\/wp-json\/wp\/v2\/product"}],"about":[{"href":"https:\/\/www.mariodoni.it\/de\/wp-json\/wp\/v2\/types\/product"}],"replies":[{"embeddable":true,"href":"https:\/\/www.mariodoni.it\/de\/wp-json\/wp\/v2\/comments?post=14778"}],"wp:featuredmedia":[{"embeddable":true,"href":"https:\/\/www.mariodoni.it\/de\/wp-json\/wp\/v2\/media\/10196"}],"wp:attachment":[{"href":"https:\/\/www.mariodoni.it\/de\/wp-json\/wp\/v2\/media?parent=14778"}],"wp:term":[{"taxonomy":"product_brand","embeddable":true,"href":"https:\/\/www.mariodoni.it\/de\/wp-json\/wp\/v2\/product_brand?post=14778"},{"taxonomy":"product_cat","embeddable":true,"href":"https:\/\/www.mariodoni.it\/de\/wp-json\/wp\/v2\/product_cat?post=14778"},{"taxonomy":"product_tag","embeddable":true,"href":"https:\/\/www.mariodoni.it\/de\/wp-json\/wp\/v2\/product_tag?post=14778"}],"curies":[{"name":"wp","href":"https:\/\/api.w.org\/{rel}","templated":true}]}}