{"id":14772,"date":"2020-11-05T15:46:15","date_gmt":"2020-11-05T14:46:15","guid":{"rendered":"https:\/\/www.mariodoni.it\/prodotto\/sandale-poppi-fur-kinder-realisiert-fur-cris\/"},"modified":"2025-11-05T22:58:33","modified_gmt":"2025-11-05T21:58:33","slug":"kindersandale-aus-leder-mit-schnuersenkeln-mod-poppi","status":"publish","type":"product","link":"https:\/\/www.mariodoni.it\/de\/prodotto\/kindersandale-aus-leder-mit-schnuersenkeln-mod-poppi\/","title":{"rendered":"Poppi Baby-Sandale von Cris"},"content":{"rendered":"<h2>Kindersandale Poppi aus pflanzlich gegerbtem Leder \u2013 handgefertigt in der Toskana<\/h2>\n<p>Die Kindersandale Poppi wird in der Toskana aus echtem, pflanzlich gegerbtem Leder handgefertigt. Die Naturledersohle und das gepolsterte Fu\u00dfbett sorgen f\u00fcr h\u00f6chsten Tragekomfort, w\u00e4hrend die handgearbeitete Oberfl\u00e4che jedem Paar einen einzigartigen Charakter verleiht. Ein stilvolles, langlebiges St\u00fcck italienischer Handwerkskunst.<\/p>\n<p>Kindersandale aus Leder mit Spitze &#8211; Mod. Poppi. Ma\u00dfgeschneiderte Sandalen aus Leder und pflanzlich gegerbtem Leder.<\/p>\n<p>Jede Stufe der Sandelholzverarbeitung wird in unserer Werkstatt durchgef\u00fchrt, so dass wir das Produkt von der Auswahl der Rohstoffe \u00fcber jede einzelne Verarbeitungsstufe bis hin zur Veredelung, Verpackung und zum Versand an den Kunden begleiten.<\/p>\n<p>Die Verarbeitung der Sandale beginnt mit dem Zuschnitt von Leder f\u00fcr Sohle, Innensohle und Absatz und dem Zuschnitt von echtem pflanzlich gegerbtem Leder f\u00fcr das Obermaterial.<\/p>\n<p>Die Montage der Komponenten erfolgt f\u00fcr jeden einzelnen Kunden unter Ber\u00fccksichtigung der gew\u00fcnschten Varianten und Modifikationen.<\/p>\n<p>Auch bei der Kinder-Ledersandale mit Schn\u00fcrsenkeln &#8211; Mod. Poppi erfolgt die F\u00e4rbung von Hand, in Stoff, und auch deshalb ist jede Sandale ein Unikat.<\/p>\n<p>Die Endbearbeitung erfolgt mit nat\u00fcrlichen Wachsen, Cremes und \u00d6len, die ein seidiges Gef\u00fchl und einen antiken Effekt verleihen.<\/p>\n","protected":false},"excerpt":{"rendered":"<p><strong>Modell:<\/strong> Poppi<br \/>\n<strong>Innensohle:<\/strong> Gepolstert mit echtem pflanzlichen Leder<\/p>\n<p><strong>Sohle:<\/strong> Naturledersohle<br \/>\nAbsatz: 3 mm Leder<\/p>\n<p>Obermaterial<strong>:<\/strong> Echtes pflanzliches Leder<br \/>\n<strong>Farbe:<\/strong> Senfgelb<br \/>\n<em>Lieferbar in 7 Tagen + Lieferzeit<\/em><\/p>\n","protected":false},"featured_media":10175,"comment_status":"closed","ping_status":"closed","template":"","meta":[],"product_brand":[],"product_cat":[3628,3631,3522,3531,3151],"product_tag":[],"class_list":{"0":"post-14772","1":"product","2":"type-product","3":"status-publish","4":"has-post-thumbnail","6":"product_cat-100-b-basic-kind","7":"product_cat-mod-poppi-de","8":"product_cat-003-farbe","9":"product_cat-005-polsterung","10":"product_cat-kindersandalen-aus-leder-de","11":"pa_colore-amaranth-de","12":"pa_colore-antique-brown-de","13":"pa_colore-beige-de","14":"pa_colore-black-de","15":"pa_colore-blue-cobalt-de","16":"pa_colore-bottle-green-de","17":"pa_colore-cacao-de","18":"pa_colore-dark-brown-de","19":"pa_colore-gold-de","20":"pa_colore-leather-de","21":"pa_colore-lilac-de","22":"pa_colore-natural-de","23":"pa_colore-night-blue-de","24":"pa_colore-orange-de","25":"pa_colore-pink-de","26":"pa_colore-red-de","27":"pa_colore-silver-de","28":"pa_colore-stierkampf","29":"pa_colore-taupe-de","30":"pa_colore-turquoise-de","31":"pa_colore-turtledove","32":"pa_colore-violet-de","33":"pa_colore-white-de","34":"pa_colore-yellow-mustard-de","35":"pa_taglia-groesse-24","36":"pa_taglia-groesse-25","37":"pa_taglia-groesse-26","38":"pa_taglia-groesse-27","39":"pa_taglia-groesse-28","40":"pa_taglia-groesse-29","41":"pa_taglia-groesse-30","42":"pa_taglia-groesse-31","43":"pa_taglia-groesse-32","44":"pa_taglia-groesse-33","45":"pa_taglia-groesse-34","46":"pa_taglia-groesse-35","47":"pa_taglia-groesse-36","48":"pa_taglia-groesse-37","50":"first","51":"instock","52":"taxable","53":"shipping-taxable","54":"purchasable","55":"product-type-variable"},"_links":{"self":[{"href":"https:\/\/www.mariodoni.it\/de\/wp-json\/wp\/v2\/product\/14772","targetHints":{"allow":["GET"]}}],"collection":[{"href":"https:\/\/www.mariodoni.it\/de\/wp-json\/wp\/v2\/product"}],"about":[{"href":"https:\/\/www.mariodoni.it\/de\/wp-json\/wp\/v2\/types\/product"}],"replies":[{"embeddable":true,"href":"https:\/\/www.mariodoni.it\/de\/wp-json\/wp\/v2\/comments?post=14772"}],"wp:featuredmedia":[{"embeddable":true,"href":"https:\/\/www.mariodoni.it\/de\/wp-json\/wp\/v2\/media\/10175"}],"wp:attachment":[{"href":"https:\/\/www.mariodoni.it\/de\/wp-json\/wp\/v2\/media?parent=14772"}],"wp:term":[{"taxonomy":"product_brand","embeddable":true,"href":"https:\/\/www.mariodoni.it\/de\/wp-json\/wp\/v2\/product_brand?post=14772"},{"taxonomy":"product_cat","embeddable":true,"href":"https:\/\/www.mariodoni.it\/de\/wp-json\/wp\/v2\/product_cat?post=14772"},{"taxonomy":"product_tag","embeddable":true,"href":"https:\/\/www.mariodoni.it\/de\/wp-json\/wp\/v2\/product_tag?post=14772"}],"curies":[{"name":"wp","href":"https:\/\/api.w.org\/{rel}","templated":true}]}}