{"id":14550,"date":"2019-09-10T10:15:32","date_gmt":"2019-09-10T08:15:32","guid":{"rendered":"https:\/\/www.mariodoni.it\/prodotto\/leder-gurtel-mod-mimetikum-4-cm\/"},"modified":"2025-11-07T19:14:48","modified_gmt":"2025-11-07T18:14:48","slug":"lederguertel-fuer-herren-camouflage","status":"publish","type":"product","link":"https:\/\/www.mariodoni.it\/de\/prodotto\/lederguertel-fuer-herren-camouflage\/","title":{"rendered":"Leder G\u00fcrtel mod. Mimetikum 4 cm"},"content":{"rendered":"<h2>Lederg\u00fcrtel f\u00fcr Herren Camouflage H\u00f6he 4 cm<\/h2>\n<p>Mit einer manuellen Arbeit, fast vollst\u00e4ndig verschwunden, typisch f\u00fcr toskanische Handwerker, Mario Doni bietet eine Reihe von G\u00fcrteln komplett handgemacht.<\/p>\n<p>F\u00fcr ihre Realisierung verwenden wir pflanzliches Leder, charakteristisches Leder der toskanischen Gerbungsproduktion: die Ledereins\u00e4tze in verschiedenen Formen werden von Hand miteinander verflochten und schaffen einzigartige Geometrien mit raffinierter N\u00fcchternheit.<\/p>\n<p>Die Farbe wird komplett von Hand gefertigt und so dass bestimmte Farbt\u00f6ne und Nuance entstehen, die jedes G\u00fcrtel einzigartig machen.<\/p>\n<p>Wie alle G\u00fcrtel ist auch der Herren-Lederg\u00fcrtel Camouflage k\u00fcrzbar.<\/p>\n","protected":false},"excerpt":{"rendered":"<p><strong>Leder G\u00fcrtel \u00a0<\/strong><\/p>\n<p><strong>Model: <\/strong><span lang=\"de\">Mimetikum<\/span><\/p>\n<p><strong>Material:<\/strong>\u00a0Pflanzlich Leder<\/p>\n<p><strong>H\u00f6he:<\/strong> Cm 4<\/p>\n<p><strong>Farbe: <\/strong>Green<\/p>\n<p>Erh\u00e4ltlich in 7 Tagen + Lieferung<\/p>\n","protected":false},"featured_media":9615,"comment_status":"closed","ping_status":"closed","template":"","meta":[],"product_brand":[],"product_cat":[3674,3159],"product_tag":[],"class_list":{"0":"post-14550","1":"product","2":"type-product","3":"status-publish","4":"has-post-thumbnail","6":"product_cat-gurtel-aus-pflanzlichem-leder","7":"product_cat-gurtel-de","8":"pa_altezza-cintura-cm-4-2","9":"pa_colore-cinture-cuoio-airforce-blue-de","10":"pa_colore-cinture-cuoio-anthracite-de","11":"pa_colore-cinture-cuoio-azure-de","12":"pa_colore-cinture-cuoio-brick-red-de","13":"pa_colore-cinture-cuoio-desert-de","14":"pa_colore-cinture-cuoio-dove-grey-de","15":"pa_colore-cinture-cuoio-eggplant-de","16":"pa_colore-cinture-cuoio-gray-de","17":"pa_colore-cinture-cuoio-green-de","18":"pa_colore-cinture-cuoio-leather-de","19":"pa_colore-cinture-cuoio-red-de","20":"pa_colore-cinture-cuoio-sun-de","21":"pa_misura-110-2","22":"pa_misura-120-2","23":"pa_misura-130-2","25":"first","26":"instock","27":"taxable","28":"shipping-taxable","29":"product-type-variable"},"_links":{"self":[{"href":"https:\/\/www.mariodoni.it\/de\/wp-json\/wp\/v2\/product\/14550","targetHints":{"allow":["GET"]}}],"collection":[{"href":"https:\/\/www.mariodoni.it\/de\/wp-json\/wp\/v2\/product"}],"about":[{"href":"https:\/\/www.mariodoni.it\/de\/wp-json\/wp\/v2\/types\/product"}],"replies":[{"embeddable":true,"href":"https:\/\/www.mariodoni.it\/de\/wp-json\/wp\/v2\/comments?post=14550"}],"wp:featuredmedia":[{"embeddable":true,"href":"https:\/\/www.mariodoni.it\/de\/wp-json\/wp\/v2\/media\/9615"}],"wp:attachment":[{"href":"https:\/\/www.mariodoni.it\/de\/wp-json\/wp\/v2\/media?parent=14550"}],"wp:term":[{"taxonomy":"product_brand","embeddable":true,"href":"https:\/\/www.mariodoni.it\/de\/wp-json\/wp\/v2\/product_brand?post=14550"},{"taxonomy":"product_cat","embeddable":true,"href":"https:\/\/www.mariodoni.it\/de\/wp-json\/wp\/v2\/product_cat?post=14550"},{"taxonomy":"product_tag","embeddable":true,"href":"https:\/\/www.mariodoni.it\/de\/wp-json\/wp\/v2\/product_tag?post=14550"}],"curies":[{"name":"wp","href":"https:\/\/api.w.org\/{rel}","templated":true}]}}