{"id":14532,"date":"2019-08-30T16:39:52","date_gmt":"2019-08-30T14:39:52","guid":{"rendered":"https:\/\/www.mariodoni.it\/prodotto\/sandale-arno-fur-kinder-realisiert-von-thomas\/"},"modified":"2025-11-07T19:21:27","modified_gmt":"2025-11-07T18:21:27","slug":"geschlossene-ledersandale-fuer-kinder","status":"publish","type":"product","link":"https:\/\/www.mariodoni.it\/de\/prodotto\/geschlossene-ledersandale-fuer-kinder\/","title":{"rendered":"Arno Kindersandale f\u00fcr Thomas"},"content":{"rendered":"<h2>Sandale Arno aus pflanzlich gegerbtem Leder mit Ledersohle \u2013 toskanische Handwerkskunst f\u00fcr Kinder<\/h2>\n<p>Die Sandale Arno wird in der Toskana aus pflanzlich gegerbtem Leder und einer nat\u00fcrlichen Ledersohle gefertigt. Jede Farbe wird von Hand aufgetragen und mit Wachsen und \u00d6len veredelt \u2013 f\u00fcr Komfort, Langlebigkeit und zeitlosen Stil.<\/p>\n<p>Geschlossene Kindersandale aus Leder &#8211; Mod. Arno. Ma\u00dfgeschneiderte Sandalen aus Leder und pflanzlich gegerbtem Leder.<\/p>\n<p>Jede Stufe der Sandelholzverarbeitung wird in unserer Werkstatt durchgef\u00fchrt, so dass wir das Produkt von der Auswahl der Rohstoffe \u00fcber jede einzelne Verarbeitungsstufe bis hin zur Veredelung, Verpackung und zum Versand an den Kunden begleiten.<\/p>\n<p>Die Verarbeitung der Sandale beginnt mit dem Zuschnitt von Leder f\u00fcr Sohle, Innensohle und Absatz und dem Zuschnitt von echtem pflanzlich gegerbtem Leder f\u00fcr das Obermaterial.<\/p>\n<p>Die Montage der Komponenten erfolgt f\u00fcr jeden einzelnen Kunden unter Ber\u00fccksichtigung der gew\u00fcnschten Varianten und Modifikationen.<\/p>\n<p>Auch bei der geschlossenen Ledersandale &#8211; Mod. Arno wird die F\u00e4rbung von Hand, in Handarbeit, vorgenommen und auch deshalb ist jede Sandale ein Einzelst\u00fcck<\/p>\n<p>Die Endbearbeitung erfolgt mit nat\u00fcrlichen Wachsen, Cremes und \u00d6len, die ein seidiges Gef\u00fchl und einen antiken Effekt verleihen.<\/p>\n","protected":false},"excerpt":{"rendered":"<p><strong>Modell:<\/strong> Arno<br \/>\n<strong>Einlegesohle:<\/strong> Naturleder<\/p>\n<p>Laufsohle<strong>:<\/strong> Nat\u00fcrliche Ledersohle<br \/>\n<strong>Absatz:<\/strong> 10 mm aus Leder und Gummi<\/p>\n<p><strong>Obermaterial:<\/strong> Echtes pflanzlich gegerbtes Leder<br \/>\n<strong>Farbe :<\/strong> Antikes Braun<\/p>\n<p><em>Verf\u00fcgbar in 7 Tagen + Lieferfrist<\/em><\/p>\n","protected":false},"featured_media":9513,"comment_status":"closed","ping_status":"closed","template":"","meta":[],"product_brand":[],"product_cat":[3620,3621,3519,3522,3151],"product_tag":[],"class_list":{"0":"post-14532","1":"product","2":"type-product","3":"status-publish","4":"has-post-thumbnail","6":"product_cat-102-b-gold-kind","7":"product_cat-mod-arno-de-3","8":"product_cat-002-ferse","9":"product_cat-003-farbe","10":"product_cat-kindersandalen-aus-leder-de","11":"pa_colore-amaranth-de","12":"pa_colore-antique-brown-de","13":"pa_colore-beige-de","14":"pa_colore-black-de","15":"pa_colore-blue-cobalt-de","16":"pa_colore-bottle-green-de","17":"pa_colore-cacao-de","18":"pa_colore-dark-brown-de","19":"pa_colore-gold-de","20":"pa_colore-leather-de","21":"pa_colore-lilac-de","22":"pa_colore-natural-de","23":"pa_colore-night-blue-de","24":"pa_colore-orange-de","25":"pa_colore-pink-de","26":"pa_colore-red-de","27":"pa_colore-silver-de","28":"pa_colore-stierkampf","29":"pa_colore-taupe-de","30":"pa_colore-turquoise-de","31":"pa_colore-turtledove","32":"pa_colore-violet-de","33":"pa_colore-white-de","34":"pa_colore-yellow-mustard-de","35":"pa_taglia-groesse-24","36":"pa_taglia-groesse-25","37":"pa_taglia-groesse-26","38":"pa_taglia-groesse-27","39":"pa_taglia-groesse-28","40":"pa_taglia-groesse-29","41":"pa_taglia-groesse-30","42":"pa_taglia-groesse-31","43":"pa_taglia-groesse-32","44":"pa_taglia-groesse-33","45":"pa_taglia-groesse-34","46":"pa_taglia-groesse-35","47":"pa_taglia-groesse-36","48":"pa_taglia-groesse-37","50":"first","51":"instock","52":"taxable","53":"shipping-taxable","54":"purchasable","55":"product-type-variable"},"_links":{"self":[{"href":"https:\/\/www.mariodoni.it\/de\/wp-json\/wp\/v2\/product\/14532","targetHints":{"allow":["GET"]}}],"collection":[{"href":"https:\/\/www.mariodoni.it\/de\/wp-json\/wp\/v2\/product"}],"about":[{"href":"https:\/\/www.mariodoni.it\/de\/wp-json\/wp\/v2\/types\/product"}],"replies":[{"embeddable":true,"href":"https:\/\/www.mariodoni.it\/de\/wp-json\/wp\/v2\/comments?post=14532"}],"wp:featuredmedia":[{"embeddable":true,"href":"https:\/\/www.mariodoni.it\/de\/wp-json\/wp\/v2\/media\/9513"}],"wp:attachment":[{"href":"https:\/\/www.mariodoni.it\/de\/wp-json\/wp\/v2\/media?parent=14532"}],"wp:term":[{"taxonomy":"product_brand","embeddable":true,"href":"https:\/\/www.mariodoni.it\/de\/wp-json\/wp\/v2\/product_brand?post=14532"},{"taxonomy":"product_cat","embeddable":true,"href":"https:\/\/www.mariodoni.it\/de\/wp-json\/wp\/v2\/product_cat?post=14532"},{"taxonomy":"product_tag","embeddable":true,"href":"https:\/\/www.mariodoni.it\/de\/wp-json\/wp\/v2\/product_tag?post=14532"}],"curies":[{"name":"wp","href":"https:\/\/api.w.org\/{rel}","templated":true}]}}