{"id":14523,"date":"2019-08-30T14:27:09","date_gmt":"2019-08-30T12:27:09","guid":{"rendered":"https:\/\/www.mariodoni.it\/prodotto\/clogs-francesco-herr-realisiert-von-mater\/"},"modified":"2025-11-09T21:57:43","modified_gmt":"2025-11-09T20:57:43","slug":"herrenclog-aus-leder-und-holz-mod-francesco","status":"publish","type":"product","link":"https:\/\/www.mariodoni.it\/de\/prodotto\/herrenclog-aus-leder-und-holz-mod-francesco\/","title":{"rendered":"Clogs Francesco Herr realisiert von mater"},"content":{"rendered":"<h2>Herren-Holzclog aus pflanzlich gegerbtem Leder, handgefertigt in der Toskana<\/h2>\n<p>Der Herrenclog Francesco wird in toskanischer Handarbeit gefertigt und vereint edles Holz mit pflanzlich gegerbtem Leder. Mit nat\u00fcrlichen Wachsen veredelt, bietet er authentischen Komfort, Langlebigkeit und zeitlose Eleganz.<\/p>\n<p>Herrenclog aus Leder und Holz &#8211; Mod. Francesco, H\u00f6he 3 cm. Clogs aus Holz nach bester toskanischer handwerklicher Tradition hergestellt.<\/p>\n<p>Oberleder aus echtem pflanzlich gegerbtem Leder in einer breiten Auswahl an Farben, damit Sie Freude an Ihren Sommer schenken<\/p>\n<p>Jede Verarbeitungsstufe der Sandale wird in unserer Werkstatt durchgef\u00fchrt, um das Produkt von der Wahl der Rohstoffe, jedem Verarbeitungsschritt bis hin zu der Endbearbeitung, Verpackung und Lieferung an den Kunden zu folgen.<\/p>\n<p>Die Verarbeitung der Sandale beginnt mit dem Schneiden des Leders f\u00fcr die Sohle, Einlegesohle und Absatz und folgt mit dem Schnitt des pflanzlich gegerbten Leders f\u00fcr das Oberleder.<\/p>\n<p>Die Montage der Komponenten wird f\u00fcr jeden Kunden unter Ber\u00fccksichtigung der gew\u00fcnschten \u00c4nderungen durchgef\u00fchrt.<\/p>\n<p>Auch beim Herrenclog aus Leder und Holz &#8211; Mod. Francesco erfolgt die Farbgebung per Hand am St\u00fcck und auch aus diesem Grund ist jeder Clog ein Unikat.<\/p>\n<p>Die Fertigstellung wird mit Wachsen, Cremes und nat\u00fcrlichen \u00d6len durchgef\u00fchrt, die dem Leder einen seidigen und Antik-Effekt geben.<\/p>\n","protected":false},"excerpt":{"rendered":"<p><strong>Modell:<\/strong>\u00a0Francesco<br \/>\n<strong>Holzsandale Farbe:<\/strong> Dark Brown<br \/>\n<strong>Ferse:<\/strong> Clogs\u00a0 Holzkeil 3 cm<\/p>\n<p><strong>Obermaterial:<\/strong> Echtes pflanzlich gegerbtes Leder<br \/>\n<strong>Farbe: <\/strong>Leather<\/p>\n<p>Erh\u00e4ltlich in 7 Tagen + Lieferung<\/p>\n","protected":false},"featured_media":9459,"comment_status":"closed","ping_status":"closed","template":"","meta":[],"product_brand":[],"product_cat":[3651,3522,3534,3155],"product_tag":[],"class_list":{"0":"post-14523","1":"product","2":"type-product","3":"status-publish","4":"has-post-thumbnail","6":"product_cat-mod-francis","7":"product_cat-003-farbe","8":"product_cat-050-fersenclog-3","9":"product_cat-herr-clogs-de","10":"pa_colore-amaranth-de","11":"pa_colore-antique-brown-de","12":"pa_colore-beige-de","13":"pa_colore-black-de","14":"pa_colore-blue-cobalt-de","15":"pa_colore-bottle-green-de","16":"pa_colore-cacao-de","17":"pa_colore-dark-brown-de","18":"pa_colore-gold-de","19":"pa_colore-leather-de","20":"pa_colore-lilac-de","21":"pa_colore-natural-de","22":"pa_colore-night-blue-de","23":"pa_colore-orange-de","24":"pa_colore-pink-de","25":"pa_colore-red-de","26":"pa_colore-silver-de","27":"pa_colore-stierkampf","28":"pa_colore-taupe-de","29":"pa_colore-turquoise-de","30":"pa_colore-turtledove","31":"pa_colore-violet-de","32":"pa_colore-white-de","33":"pa_colore-yellow-mustard-de","34":"pa_colore-zoccolo-black-de","35":"pa_colore-zoccolo-blue-de","36":"pa_colore-zoccolo-dark-brown-de","37":"pa_colore-zoccolo-green-de","38":"pa_colore-zoccolo-leather-de","39":"pa_colore-zoccolo-lilac-de","40":"pa_colore-zoccolo-natural-de","41":"pa_colore-zoccolo-orange-de","42":"pa_colore-zoccolo-red-de","43":"pa_colore-zoccolo-yellow-de","44":"pa_taglia-groesse-40","45":"pa_taglia-groesse-41","46":"pa_taglia-groesse-42","47":"pa_taglia-groesse-43","48":"pa_taglia-groesse-44","49":"pa_taglia-groesse-45","50":"pa_taglia-groesse-46","52":"first","53":"instock","54":"taxable","55":"shipping-taxable","56":"purchasable","57":"product-type-variable"},"_links":{"self":[{"href":"https:\/\/www.mariodoni.it\/de\/wp-json\/wp\/v2\/product\/14523","targetHints":{"allow":["GET"]}}],"collection":[{"href":"https:\/\/www.mariodoni.it\/de\/wp-json\/wp\/v2\/product"}],"about":[{"href":"https:\/\/www.mariodoni.it\/de\/wp-json\/wp\/v2\/types\/product"}],"replies":[{"embeddable":true,"href":"https:\/\/www.mariodoni.it\/de\/wp-json\/wp\/v2\/comments?post=14523"}],"wp:featuredmedia":[{"embeddable":true,"href":"https:\/\/www.mariodoni.it\/de\/wp-json\/wp\/v2\/media\/9459"}],"wp:attachment":[{"href":"https:\/\/www.mariodoni.it\/de\/wp-json\/wp\/v2\/media?parent=14523"}],"wp:term":[{"taxonomy":"product_brand","embeddable":true,"href":"https:\/\/www.mariodoni.it\/de\/wp-json\/wp\/v2\/product_brand?post=14523"},{"taxonomy":"product_cat","embeddable":true,"href":"https:\/\/www.mariodoni.it\/de\/wp-json\/wp\/v2\/product_cat?post=14523"},{"taxonomy":"product_tag","embeddable":true,"href":"https:\/\/www.mariodoni.it\/de\/wp-json\/wp\/v2\/product_tag?post=14523"}],"curies":[{"name":"wp","href":"https:\/\/api.w.org\/{rel}","templated":true}]}}