{"id":14505,"date":"2019-08-29T14:47:05","date_gmt":"2019-08-29T12:47:05","guid":{"rendered":"https:\/\/www.mariodoni.it\/prodotto\/clogs-michela-frau-realisiert-fur-alessia\/"},"modified":"2025-11-09T22:23:06","modified_gmt":"2025-11-09T21:23:06","slug":"damen-clog-mit-niedrigem-absatz-aus-holz-und-leder","status":"publish","type":"product","link":"https:\/\/www.mariodoni.it\/de\/prodotto\/damen-clog-mit-niedrigem-absatz-aus-holz-und-leder\/","title":{"rendered":"Clogs Michela Frau realisiert fur Alessia"},"content":{"rendered":"<h2>Zoccolo Michela aus pflanzlich gegerbtem Leder und Holz \u2013 toskanische Handwerkskunst<\/h2>\n<p>Das Modell Michela wird in der Toskana aus nat\u00fcrlichem Holz und pflanzlich gegerbtem Echtleder handgefertigt. Der 3 cm hohe Absatz sorgt f\u00fcr angenehmen Tragekomfort, w\u00e4hrend die mit Wachsen und nat\u00fcrlichen \u00d6len veredelte Oberfl\u00e4che eine sanfte Haptik und zeitlose Eleganz verleiht. Jedes Paar ist ein Unikat italienischer Handwerkskunst.<\/p>\n<p>Damen-Clog mit niedrigem Absatz aus Holz und Leder &#8211; Mod. Michela, H\u00f6he 3 cm. Clogs aus Holz nach bester toskanischer handwerklicher Tradition hergestellt.<\/p>\n<p>Oberleder aus echtem pflanzlich gegerbtem Leder in einer breiten Auswahl an Farben, damit Sie Freude an Ihren Sommer schenken<\/p>\n<p>Jede Verarbeitungsstufe der Sandale wird in unserer Werkstatt durchgef\u00fchrt, um das Produkt von der Wahl der Rohstoffe, jedem Verarbeitungsschritt bis hin zu der Endbearbeitung, Verpackung und Lieferung an den Kunden zu folgen.<\/p>\n<p>Die Verarbeitung der Sandale beginnt mit dem Schneiden des Leders f\u00fcr die Sohle, Einlegesohle und Absatz und folgt mit dem Schnitt des pflanzlich gegerbten Leders f\u00fcr das Oberleder.<\/p>\n<p>Die Montage der Komponenten wird f\u00fcr jeden Kunden unter Ber\u00fccksichtigung der gew\u00fcnschten \u00c4nderungen durchgef\u00fchrt.<\/p>\n<p>Auch beim Damen-Clog mit niedrigem Absatz aus Holz und Leder &#8211; Mod. Michela wird die F\u00e4rbung von Hand am St\u00fcck vorgenommen und auch aus diesem Grund ist jeder Clog ein Unikat.<\/p>\n<p>Die Fertigstellung wird mit Wachsen, Cremes und nat\u00fcrlichen \u00d6len durchgef\u00fchrt, die dem Leder einen seidigen und Antik-Effekt geben.<\/p>\n","protected":false},"excerpt":{"rendered":"<p><strong>Modell:<\/strong>\u00a0Michela<br \/>\n<strong>Holzsandale Farbe:<\/strong>\u00a0Natural<br \/>\n<strong>Ferse:<\/strong>\u00a0Holzferse 3 cm<\/p>\n<p><strong>Obermaterial:<\/strong> Echtes pflanzlich gegerbtes Leder<br \/>\n<strong>Farbe:<\/strong> Yellow Mustard<\/p>\n<p>Erh\u00e4ltlich in 7 Tagen + Lieferung<\/p>\n","protected":false},"featured_media":9324,"comment_status":"closed","ping_status":"closed","template":"","meta":[],"product_brand":[],"product_cat":[3602,3640,3522,3534,3153],"product_tag":[],"class_list":{"0":"post-14505","1":"product","2":"type-product","3":"status-publish","4":"has-post-thumbnail","6":"product_cat-120-d-basic-clog-frau","7":"product_cat-mod-michela-de","8":"product_cat-003-farbe","9":"product_cat-050-fersenclog-3","10":"product_cat-clogs-fur-frauen-de","11":"pa_colore-amaranth-de","12":"pa_colore-antique-brown-de","13":"pa_colore-beige-de","14":"pa_colore-black-de","15":"pa_colore-blue-cobalt-de","16":"pa_colore-bottle-green-de","17":"pa_colore-cacao-de","18":"pa_colore-dark-brown-de","19":"pa_colore-gold-de","20":"pa_colore-leather-de","21":"pa_colore-lilac-de","22":"pa_colore-natural-de","23":"pa_colore-night-blue-de","24":"pa_colore-orange-de","25":"pa_colore-pink-de","26":"pa_colore-red-de","27":"pa_colore-silver-de","28":"pa_colore-stierkampf","29":"pa_colore-taupe-de","30":"pa_colore-turquoise-de","31":"pa_colore-violet-de","32":"pa_colore-white-de","33":"pa_colore-yellow-mustard-de","34":"pa_colore-zoccolo-black-de","35":"pa_colore-zoccolo-blue-de","36":"pa_colore-zoccolo-dark-brown-de","37":"pa_colore-zoccolo-green-de","38":"pa_colore-zoccolo-leather-de","39":"pa_colore-zoccolo-lilac-de","40":"pa_colore-zoccolo-natural-de","41":"pa_colore-zoccolo-orange-de","42":"pa_colore-zoccolo-red-de","43":"pa_colore-zoccolo-yellow-de","44":"pa_taglia-groesse-35","45":"pa_taglia-groesse-36","46":"pa_taglia-groesse-37","47":"pa_taglia-groesse-38","48":"pa_taglia-groesse-39","49":"pa_taglia-groesse-40","50":"pa_taglia-groesse-41","51":"pa_taglia-groesse-42","53":"first","54":"instock","55":"taxable","56":"shipping-taxable","57":"purchasable","58":"product-type-variable"},"_links":{"self":[{"href":"https:\/\/www.mariodoni.it\/de\/wp-json\/wp\/v2\/product\/14505","targetHints":{"allow":["GET"]}}],"collection":[{"href":"https:\/\/www.mariodoni.it\/de\/wp-json\/wp\/v2\/product"}],"about":[{"href":"https:\/\/www.mariodoni.it\/de\/wp-json\/wp\/v2\/types\/product"}],"replies":[{"embeddable":true,"href":"https:\/\/www.mariodoni.it\/de\/wp-json\/wp\/v2\/comments?post=14505"}],"wp:featuredmedia":[{"embeddable":true,"href":"https:\/\/www.mariodoni.it\/de\/wp-json\/wp\/v2\/media\/9324"}],"wp:attachment":[{"href":"https:\/\/www.mariodoni.it\/de\/wp-json\/wp\/v2\/media?parent=14505"}],"wp:term":[{"taxonomy":"product_brand","embeddable":true,"href":"https:\/\/www.mariodoni.it\/de\/wp-json\/wp\/v2\/product_brand?post=14505"},{"taxonomy":"product_cat","embeddable":true,"href":"https:\/\/www.mariodoni.it\/de\/wp-json\/wp\/v2\/product_cat?post=14505"},{"taxonomy":"product_tag","embeddable":true,"href":"https:\/\/www.mariodoni.it\/de\/wp-json\/wp\/v2\/product_tag?post=14505"}],"curies":[{"name":"wp","href":"https:\/\/api.w.org\/{rel}","templated":true}]}}