{"id":14419,"date":"2019-06-13T09:55:28","date_gmt":"2019-06-13T07:55:28","guid":{"rendered":"https:\/\/www.mariodoni.it\/prodotto\/clogs-camilla-frau-realisiert-von-mia\/"},"modified":"2025-11-07T12:36:20","modified_gmt":"2025-11-07T11:36:20","slug":"damenclog-mit-absatz-aus-leder-und-holz","status":"publish","type":"product","link":"https:\/\/www.mariodoni.it\/de\/prodotto\/damenclog-mit-absatz-aus-leder-und-holz\/","title":{"rendered":"Clogs Camilla Frau realisiert von Mia"},"content":{"rendered":"<h2>Damen Zoccolo Camilla aus naturbelassenem pflanzlich gegerbtem Leder, toskanische Handarbeit<\/h2>\n<p>Dieser Holzclog wird in traditioneller toskanischer Handarbeit gefertigt und mit einem Obermaterial aus pflanzlich gegerbtem Leder versehen. Mit nat\u00fcrlichen Wachsen und \u00d6len veredelt, bietet er leichten Tragekomfort und einen zeitlosen Sommerstil.<\/p>\n<p>Clogs aus Holz nach bester toskanischer handwerklicher Tradition hergestellt. Oberleder aus echtem pflanzlich gegerbtem Leder in einer breiten Auswahl an Farben, damit Sie Freude an Ihren Sommer schenken<\/p>\n<p>Jede Verarbeitungsstufe der Sandale wird in unserer Werkstatt durchgef\u00fchrt, um das Produkt von der Wahl der Rohstoffe, jedem Verarbeitungsschritt bis hin zu der Endbearbeitung, Verpackung und Lieferung an den Kunden zu folgen.<\/p>\n<p>Die Verarbeitung der Sandale beginnt mit dem Schneiden des Leders f\u00fcr die Sohle, Einlegesohle und Absatz und folgt mit dem Schnitt des pflanzlich gegerbten Leders f\u00fcr das Oberleder.<\/p>\n<p>Die Montage der Komponenten wird f\u00fcr jeden Kunden unter Ber\u00fccksichtigung der gew\u00fcnschten \u00c4nderungen durchgef\u00fchrt.<\/p>\n<p><span class=\"HwtZe\" lang=\"de\"><span class=\"jCAhz ChMk0b\"><span class=\"ryNqvb\">Auch beim Damenclog mit Absatz aus Leder und Holz Mod. Camilla wird die Farbgebung von Hand am St\u00fcck vorgenommen und auch aus diesem Grund ist jeder Clog ein Unikat.<\/span><\/span><\/span><\/p>\n<p>Die Fertigstellung wird mit Wachsen, Cremes und nat\u00fcrlichen \u00d6len durchgef\u00fchrt, die dem Leder einen seidigen und Antik-Effekt geben.<\/p>\n<p>&nbsp;<\/p>\n","protected":false},"excerpt":{"rendered":"<p><strong>Modell:<\/strong>\u00a0Camilla<br \/>\n<strong>Holzsandale Farbe:<\/strong> Natural<br \/>\n<strong>Ferse:<\/strong> Clogs\u00a0 Holzkeil 10\u00a0cm<\/p>\n<p><strong>Obermaterial:<\/strong> Echtes pflanzlich gegerbtes Leder<br \/>\n<strong>Farbe:\u00a0<\/strong>Natural<\/p>\n<p>Erh\u00e4ltlich in 7 Tagen + Lieferung<\/p>\n","protected":false},"featured_media":8807,"comment_status":"closed","ping_status":"closed","template":"","meta":[],"product_brand":[],"product_cat":[3622,3648,3522,3536,3153],"product_tag":[],"class_list":{"0":"post-14419","1":"product","2":"type-product","3":"status-publish","4":"has-post-thumbnail","6":"product_cat-122-d-gold-clog-damen","7":"product_cat-mod-camilla-de","8":"product_cat-003-farbe","9":"product_cat-053-absatz-10-clog","10":"product_cat-clogs-fur-frauen-de","11":"pa_altezza-tacco-wooden-clogs-heel-10-de","12":"pa_colore-amaranth-de","13":"pa_colore-antique-brown-de","14":"pa_colore-beige-de","15":"pa_colore-black-de","16":"pa_colore-blue-cobalt-de","17":"pa_colore-bottle-green-de","18":"pa_colore-cacao-de","19":"pa_colore-dark-brown-de","20":"pa_colore-gold-de","21":"pa_colore-leather-de","22":"pa_colore-lilac-de","23":"pa_colore-natural-de","24":"pa_colore-night-blue-de","25":"pa_colore-orange-de","26":"pa_colore-pink-de","27":"pa_colore-red-de","28":"pa_colore-silver-de","29":"pa_colore-taupe-de","30":"pa_colore-turquoise-de","31":"pa_colore-turtledove","32":"pa_colore-violet-de","33":"pa_colore-white-de","34":"pa_colore-yellow-mustard-de","35":"pa_colore-zoccolo-black-de","36":"pa_colore-zoccolo-blue-de","37":"pa_colore-zoccolo-dark-brown-de","38":"pa_colore-zoccolo-green-de","39":"pa_colore-zoccolo-leather-de","40":"pa_colore-zoccolo-lilac-de","41":"pa_colore-zoccolo-natural-de","42":"pa_colore-zoccolo-orange-de","43":"pa_colore-zoccolo-red-de","44":"pa_colore-zoccolo-yellow-de","45":"pa_taglia-groesse-35","46":"pa_taglia-groesse-36","47":"pa_taglia-groesse-37","48":"pa_taglia-groesse-38","49":"pa_taglia-groesse-39","50":"pa_taglia-groesse-40","51":"pa_taglia-groesse-41","52":"pa_taglia-groesse-42","54":"first","55":"instock","56":"taxable","57":"shipping-taxable","58":"purchasable","59":"product-type-variable"},"_links":{"self":[{"href":"https:\/\/www.mariodoni.it\/de\/wp-json\/wp\/v2\/product\/14419","targetHints":{"allow":["GET"]}}],"collection":[{"href":"https:\/\/www.mariodoni.it\/de\/wp-json\/wp\/v2\/product"}],"about":[{"href":"https:\/\/www.mariodoni.it\/de\/wp-json\/wp\/v2\/types\/product"}],"replies":[{"embeddable":true,"href":"https:\/\/www.mariodoni.it\/de\/wp-json\/wp\/v2\/comments?post=14419"}],"wp:featuredmedia":[{"embeddable":true,"href":"https:\/\/www.mariodoni.it\/de\/wp-json\/wp\/v2\/media\/8807"}],"wp:attachment":[{"href":"https:\/\/www.mariodoni.it\/de\/wp-json\/wp\/v2\/media?parent=14419"}],"wp:term":[{"taxonomy":"product_brand","embeddable":true,"href":"https:\/\/www.mariodoni.it\/de\/wp-json\/wp\/v2\/product_brand?post=14419"},{"taxonomy":"product_cat","embeddable":true,"href":"https:\/\/www.mariodoni.it\/de\/wp-json\/wp\/v2\/product_cat?post=14419"},{"taxonomy":"product_tag","embeddable":true,"href":"https:\/\/www.mariodoni.it\/de\/wp-json\/wp\/v2\/product_tag?post=14419"}],"curies":[{"name":"wp","href":"https:\/\/api.w.org\/{rel}","templated":true}]}}