{"id":14376,"date":"2019-03-17T10:37:46","date_gmt":"2019-03-17T09:37:46","guid":{"rendered":"https:\/\/www.mariodoni.it\/prodotto\/sandale-etruria-fur-kinder-realisiert-fur-noa-micael\/"},"modified":"2025-11-07T12:56:38","modified_gmt":"2025-11-07T11:56:38","slug":"kindersandale-aus-leder-mit-schnuersenkeln","status":"publish","type":"product","link":"https:\/\/www.mariodoni.it\/de\/prodotto\/kindersandale-aus-leder-mit-schnuersenkeln\/","title":{"rendered":"Sandale Etruria f\u00fcr Kinder realisiert f\u00fcr Noa-Micael"},"content":{"rendered":"<h2>Kinder Sandale Etruria aus pflanzlich gegerbtem Leder und Naturleder<\/h2>\n<p>Die Etruria Sandale wird in der Toskana handgefertigt, mit Oberleder aus pflanzlich gegerbtem Leder und Naturledersohlen. Jedes Paar wird von Hand gef\u00e4rbt und mit nat\u00fcrlichen Wachsen und \u00d6len veredelt, f\u00fcr dauerhaften Komfort und zeitlose Eleganz f\u00fcr Kinder.<\/p>\n<p><span class=\"VIiyi\" lang=\"de\"><span class=\"JLqJ4b ChMk0b\" data-language-for-alternatives=\"de\" data-language-to-translate-into=\"it\" data-phrase-index=\"1\" data-number-of-phrases=\"6\">Kindersandale aus Leder mit Schn\u00fcrsenkeln Franziskanerschn\u00fcrsenkeln Mod. Etrurien.<\/span><\/span>Ma\u00dfgeschneiderte Sandalen aus Leder und pflanzlich gegerbtem Leder.<\/p>\n<p>Jede Verarbeitungsstufe der Sandale wird in unserer Werkstatt durchgef\u00fchrt, um das Produkt von der Wahl der Rohstoffe, jedem Verarbeitungsschritt bis hin zu der Endbearbeitung, Verpackung und Lieferung an den Kunden zu folgen.<\/p>\n<p>Die Verarbeitung der Sandale beginnt mit dem Schneiden des Leders f\u00fcr die Sohle, Einlegesohle und Absatz und folgt mit dem Schnitt des pflanzlich gegerbten Leders f\u00fcr das Oberleder.<\/p>\n<p>Die Montage der Komponenten wird f\u00fcr jeden Kunden unter Ber\u00fccksichtigung der gew\u00fcnschten \u00c4nderungen durchgef\u00fchrt.<\/p>\n<p>Sogar f\u00fcr den Etruria Kindersandale aus Leder mit Schn\u00fcrsenkeln, die F\u00e4rbung erfolgt per Hand am St\u00fcck, auch deshalb ist jeder sandale ein Unikat.<\/p>\n<p>Die Fertigstellung wird mit Wachsen, Cremes und nat\u00fcrlichen \u00d6len durchgef\u00fchrt, die dem Leder einen seidigen und Antik-Effekt geben.<\/p>\n","protected":false},"excerpt":{"rendered":"<p><strong>Modell:<\/strong>\u00a0Etruria<br \/>\n<strong>Innensohle:<\/strong> Natur gegebertes Leder<br \/>\n<strong>Sohle:<\/strong> naturgegebertes leder<\/p>\n<p><strong>Ferse:<\/strong> Leder 3 mm<br \/>\n<strong>Obermaterial:<\/strong> naturgegebertes Leder<br \/>\n<strong>Farbe<\/strong>: Amaranth<\/p>\n<p><span id=\"result_box\" class=\"short_text\" lang=\"de\">Erh\u00e4ltlich in 7 Tagen + Lieferung<\/span><\/p>\n","protected":false},"featured_media":8627,"comment_status":"closed","ping_status":"closed","template":"","meta":[],"product_brand":[],"product_cat":[3628,3629,3522,3151],"product_tag":[],"class_list":{"0":"post-14376","1":"product","2":"type-product","3":"status-publish","4":"has-post-thumbnail","6":"product_cat-100-b-basic-kind","7":"product_cat-mod-etrurien-de-2","8":"product_cat-003-farbe","9":"product_cat-kindersandalen-aus-leder-de","10":"pa_colore-amaranth-de","11":"pa_colore-antique-brown-de","12":"pa_colore-beige-de","13":"pa_colore-black-de","14":"pa_colore-blue-cobalt-de","15":"pa_colore-bottle-green-de","16":"pa_colore-cacao-de","17":"pa_colore-dark-brown-de","18":"pa_colore-gold-de","19":"pa_colore-leather-de","20":"pa_colore-lilac-de","21":"pa_colore-natural-de","22":"pa_colore-night-blue-de","23":"pa_colore-orange-de","24":"pa_colore-pink-de","25":"pa_colore-red-de","26":"pa_colore-silver-de","27":"pa_colore-stierkampf","28":"pa_colore-taupe-de","29":"pa_colore-turquoise-de","30":"pa_colore-turtledove","31":"pa_colore-violet-de","32":"pa_colore-white-de","33":"pa_colore-yellow-mustard-de","34":"pa_taglia-groesse-24","35":"pa_taglia-groesse-25","36":"pa_taglia-groesse-26","37":"pa_taglia-groesse-27","38":"pa_taglia-groesse-28","39":"pa_taglia-groesse-29","40":"pa_taglia-groesse-30","41":"pa_taglia-groesse-31","42":"pa_taglia-groesse-32","43":"pa_taglia-groesse-33","44":"pa_taglia-groesse-34","45":"pa_taglia-groesse-35","46":"pa_taglia-groesse-36","47":"pa_taglia-groesse-37","49":"first","50":"instock","51":"taxable","52":"shipping-taxable","53":"purchasable","54":"product-type-variable"},"_links":{"self":[{"href":"https:\/\/www.mariodoni.it\/de\/wp-json\/wp\/v2\/product\/14376","targetHints":{"allow":["GET"]}}],"collection":[{"href":"https:\/\/www.mariodoni.it\/de\/wp-json\/wp\/v2\/product"}],"about":[{"href":"https:\/\/www.mariodoni.it\/de\/wp-json\/wp\/v2\/types\/product"}],"replies":[{"embeddable":true,"href":"https:\/\/www.mariodoni.it\/de\/wp-json\/wp\/v2\/comments?post=14376"}],"wp:featuredmedia":[{"embeddable":true,"href":"https:\/\/www.mariodoni.it\/de\/wp-json\/wp\/v2\/media\/8627"}],"wp:attachment":[{"href":"https:\/\/www.mariodoni.it\/de\/wp-json\/wp\/v2\/media?parent=14376"}],"wp:term":[{"taxonomy":"product_brand","embeddable":true,"href":"https:\/\/www.mariodoni.it\/de\/wp-json\/wp\/v2\/product_brand?post=14376"},{"taxonomy":"product_cat","embeddable":true,"href":"https:\/\/www.mariodoni.it\/de\/wp-json\/wp\/v2\/product_cat?post=14376"},{"taxonomy":"product_tag","embeddable":true,"href":"https:\/\/www.mariodoni.it\/de\/wp-json\/wp\/v2\/product_tag?post=14376"}],"curies":[{"name":"wp","href":"https:\/\/api.w.org\/{rel}","templated":true}]}}