{"id":14340,"date":"2018-09-28T13:36:54","date_gmt":"2018-09-28T11:36:54","guid":{"rendered":"https:\/\/www.mariodoni.it\/prodotto\/handgemacht-tasche-im-leder-tolfa-kleine\/"},"modified":"2025-11-07T18:58:05","modified_gmt":"2025-11-07T17:58:05","slug":"tolfa-kleine-ledertasche-fuer-damen","status":"publish","type":"product","link":"https:\/\/www.mariodoni.it\/de\/prodotto\/tolfa-kleine-ledertasche-fuer-damen\/","title":{"rendered":"Handgemacht Tasche im Leder &#8222;Tolfa&#8220; kleine"},"content":{"rendered":"<h2>Kleine handgefertigte Tolfa Tasche aus pflanzlich gegerbtem Leder \u2013 zeitlose toskanische Eleganz<\/h2>\n<p>Die kleine Tolfa Tasche wird in der Toskana von Hand aus pflanzlich gegerbtem Leder gefertigt. Sichtbare Handn\u00e4hte und sorgf\u00e4ltige Verarbeitung verleihen ihr authentischen Charakter, nat\u00fcrlichen Komfort und langlebigen Stil.<\/p>\n<p><span class=\"HwtZe\" lang=\"de\"><span class=\"jCAhz ChMk0b\"><span class=\"ryNqvb\">Alle Lederwaren von Mario Doni sind handgefertigte Produkte, die bewusst schlicht, aber einzigartig in ihrer Art, funktional und mit einem zeitlosen Design sind, wie unsere Damen-Ledertasche Tolfa. <\/span><\/span><\/span><\/p>\n<p><span class=\"HwtZe\" lang=\"de\"><span class=\"jCAhz ChMk0b\"><span class=\"ryNqvb\">Die Tolfa Damen-Ledertasche ist ein Must-have der 70er-Jahre und mittlerweile ein Evergreen der Mode. Sie ist ein Stildetail, das niemals verblasst.<\/span><\/span><\/span><\/p>\n<p>F\u00fcr seine Realisierung verwenden wir echtes pflanzliches Leder, charakteristisches Leder toskanischer Gerbungsproduktion. Die sichtbaren N\u00e4hte und vollst\u00e4ndig von Hand gemacht werden zu einem wertvollen Hauch von Stil.<br \/>\nErh\u00e4ltlich in drei Gr\u00f6\u00dfen: gro\u00df, mittel und klein.<br \/>\nJedes St\u00fcck wird von Hand zusammengebaut, gen\u00e4ht und gef\u00e4rbt, so dass jedes St\u00fcck anders ist als das andere und einzigartig in seinem Stil als Made in Italy Tradition. Wie immer kann jedes Produkt in einer Vielzahl von Farben angepasst werden.<\/p>\n","protected":false},"excerpt":{"rendered":"<p><strong>Modell Tasche<\/strong>: Tolfa kleine<br \/>\n<strong>Material<\/strong>: echtes pflanzliches Leder<br \/>\n<strong>Struktur<\/strong>: Einzigartige Tasche mit Schnallenverschluss und verstellbarem Schultergurt.<br \/>\n<strong>Ma\u00dfe<\/strong>:\u00a019 x 16 x 8 cm<br \/>\n<strong>Farbe<\/strong>: Black<\/p>\n<p>Verf\u00fcgbar in 12 Tage + Lieferzeit<\/p>\n","protected":false},"featured_media":8473,"comment_status":"closed","ping_status":"closed","template":"","meta":[],"product_brand":[],"product_cat":[3157,3955],"product_tag":[],"class_list":{"0":"post-14340","1":"product","2":"type-product","3":"status-publish","4":"has-post-thumbnail","6":"product_cat-geldborsen-und-schlusselanhanger-de","7":"product_cat-tolfa-de","8":"pa_colore-amaranth-de","9":"pa_colore-antique-brown-de","10":"pa_colore-beige-de","11":"pa_colore-black-de","12":"pa_colore-blue-cobalt-de","13":"pa_colore-bottle-green-de","14":"pa_colore-cacao-de","15":"pa_colore-dark-brown-de","16":"pa_colore-leather-de","17":"pa_colore-lilac-de","18":"pa_colore-natural-de","19":"pa_colore-night-blue-de","20":"pa_colore-orange-de","21":"pa_colore-pink-de","22":"pa_colore-red-de","23":"pa_colore-stierkampf","24":"pa_colore-taupe-de","25":"pa_colore-turquoise-de","26":"pa_colore-turtledove","27":"pa_colore-violet-de","28":"pa_colore-yellow-mustard-de","30":"first","31":"instock","32":"taxable","33":"shipping-taxable","34":"purchasable","35":"product-type-variable"},"_links":{"self":[{"href":"https:\/\/www.mariodoni.it\/de\/wp-json\/wp\/v2\/product\/14340","targetHints":{"allow":["GET"]}}],"collection":[{"href":"https:\/\/www.mariodoni.it\/de\/wp-json\/wp\/v2\/product"}],"about":[{"href":"https:\/\/www.mariodoni.it\/de\/wp-json\/wp\/v2\/types\/product"}],"replies":[{"embeddable":true,"href":"https:\/\/www.mariodoni.it\/de\/wp-json\/wp\/v2\/comments?post=14340"}],"wp:featuredmedia":[{"embeddable":true,"href":"https:\/\/www.mariodoni.it\/de\/wp-json\/wp\/v2\/media\/8473"}],"wp:attachment":[{"href":"https:\/\/www.mariodoni.it\/de\/wp-json\/wp\/v2\/media?parent=14340"}],"wp:term":[{"taxonomy":"product_brand","embeddable":true,"href":"https:\/\/www.mariodoni.it\/de\/wp-json\/wp\/v2\/product_brand?post=14340"},{"taxonomy":"product_cat","embeddable":true,"href":"https:\/\/www.mariodoni.it\/de\/wp-json\/wp\/v2\/product_cat?post=14340"},{"taxonomy":"product_tag","embeddable":true,"href":"https:\/\/www.mariodoni.it\/de\/wp-json\/wp\/v2\/product_tag?post=14340"}],"curies":[{"name":"wp","href":"https:\/\/api.w.org\/{rel}","templated":true}]}}