{"id":14328,"date":"2018-09-21T13:25:07","date_gmt":"2018-09-21T11:25:07","guid":{"rendered":"https:\/\/www.mariodoni.it\/prodotto\/damen-hosentraeger-leder-personalisiert-fuer-sie-von-mario-doni\/"},"modified":"2025-11-12T16:32:43","modified_gmt":"2025-11-12T15:32:43","slug":"damen-hosentraeger-leder-personalisiert-fuer-sie-von-mario-doni","status":"publish","type":"product","link":"https:\/\/www.mariodoni.it\/de\/prodotto\/damen-hosentraeger-leder-personalisiert-fuer-sie-von-mario-doni\/","title":{"rendered":"Damen-Hosentr\u00e4ger leder personalisiert f\u00fcr sie von Mario Doni"},"content":{"rendered":"<h2>Damen-Hosentr\u00e4ger aus handgefertigtem Echtleder<\/h2>\n<p><span class=\"HwtZe\" lang=\"de\"><span class=\"jCAhz ChMk0b\"><span class=\"ryNqvb\">Alle Lederwaren von Mario Doni, wie zum Beispiel Lederhosentr\u00e4ger f\u00fcr Damen, sind handgefertigte Produkte, die bewusst schlicht, aber einzigartig in ihrer Art, funktional und mit zeitlosem Design sind. <\/span><\/span><\/span><\/p>\n<p><span class=\"HwtZe\" lang=\"de\"><span class=\"jCAhz ChMk0b\"><span class=\"ryNqvb\">F\u00fcr die Herstellung von Leder-Hosentr\u00e4gern f\u00fcr Damen verwenden wir Vera Pelle al Vegetale, ein Leder, das typisch f\u00fcr die toskanische Gerberei ist.<\/span><\/span><\/span><\/p>\n<p>Zusammenbau und F\u00e4rben erfolgen von Hand, sodass sich jedes St\u00fcck vom anderen unterscheidet und in seinem Stil einzigartig ist.<\/p>\n<h3>Wie immer bieten wir die M\u00f6glichkeit zur Individualisierung mit einer gro\u00dfen Farbauswahl.<\/h3>\n<p><iframe title=\"Video lavorazione Bretelle artigianali, realizzate a mano in vera pelle al vegetale.\" width=\"1200\" height=\"675\" src=\"https:\/\/www.youtube.com\/embed\/cq-1-GepErA?feature=oembed\" frameborder=\"0\" allow=\"accelerometer; autoplay; clipboard-write; encrypted-media; gyroscope; picture-in-picture; web-share\" referrerpolicy=\"strict-origin-when-cross-origin\" allowfullscreen><\/iframe><\/p>\n<p>&nbsp;<\/p>\n","protected":false},"excerpt":{"rendered":"<p><strong>Leder-Hosentr\u00e4ger f\u00fcr Damen oder Herren<\/strong> verstellbare, in Ihrer Lieblingsfarbe.<\/p>\n<p><strong>Model:<\/strong>\u00a0Hosentr\u00e4ger<\/p>\n<p><strong>Material:<\/strong>\u00a0Pflanzlich Leder<\/p>\n<p><strong>Farbe:\u00a0<\/strong>Red<\/p>\n<p><strong>Verf\u00fcgbar in 7 Tage + Lieferzeit<\/strong><\/p>\n","protected":false},"featured_media":8422,"comment_status":"closed","ping_status":"closed","template":"","meta":[],"product_brand":[],"product_cat":[3933],"product_tag":[],"class_list":{"0":"post-14328","1":"product","2":"type-product","3":"status-publish","4":"has-post-thumbnail","6":"product_cat-hosentrager","7":"pa_colore-amaranth-de","8":"pa_colore-antique-brown-de","9":"pa_colore-beige-de","10":"pa_colore-black-de","11":"pa_colore-blue-cobalt-de","12":"pa_colore-bottle-green-de","13":"pa_colore-cacao-de","14":"pa_colore-dark-brown-de","15":"pa_colore-leather-de","16":"pa_colore-lilac-de","17":"pa_colore-natural-de","18":"pa_colore-night-blue-de","19":"pa_colore-orange-de","20":"pa_colore-pink-de","21":"pa_colore-red-de","22":"pa_colore-stierkampf","23":"pa_colore-taupe-de","24":"pa_colore-turquoise-de","25":"pa_colore-turtledove","26":"pa_colore-violet-de","27":"pa_colore-white-de","28":"pa_colore-yellow-mustard-de","30":"first","31":"instock","32":"taxable","33":"shipping-taxable","34":"purchasable","35":"product-type-variable"},"_links":{"self":[{"href":"https:\/\/www.mariodoni.it\/de\/wp-json\/wp\/v2\/product\/14328","targetHints":{"allow":["GET"]}}],"collection":[{"href":"https:\/\/www.mariodoni.it\/de\/wp-json\/wp\/v2\/product"}],"about":[{"href":"https:\/\/www.mariodoni.it\/de\/wp-json\/wp\/v2\/types\/product"}],"replies":[{"embeddable":true,"href":"https:\/\/www.mariodoni.it\/de\/wp-json\/wp\/v2\/comments?post=14328"}],"wp:featuredmedia":[{"embeddable":true,"href":"https:\/\/www.mariodoni.it\/de\/wp-json\/wp\/v2\/media\/8422"}],"wp:attachment":[{"href":"https:\/\/www.mariodoni.it\/de\/wp-json\/wp\/v2\/media?parent=14328"}],"wp:term":[{"taxonomy":"product_brand","embeddable":true,"href":"https:\/\/www.mariodoni.it\/de\/wp-json\/wp\/v2\/product_brand?post=14328"},{"taxonomy":"product_cat","embeddable":true,"href":"https:\/\/www.mariodoni.it\/de\/wp-json\/wp\/v2\/product_cat?post=14328"},{"taxonomy":"product_tag","embeddable":true,"href":"https:\/\/www.mariodoni.it\/de\/wp-json\/wp\/v2\/product_tag?post=14328"}],"curies":[{"name":"wp","href":"https:\/\/api.w.org\/{rel}","templated":true}]}}