{"id":14265,"date":"2018-07-06T07:50:28","date_gmt":"2018-07-06T05:50:28","guid":{"rendered":"https:\/\/www.mariodoni.it\/prodotto\/tabakhalter-petrarca-2\/"},"modified":"2025-11-12T16:37:24","modified_gmt":"2025-11-12T15:37:24","slug":"tabakhalter-petrarca-2","status":"publish","type":"product","link":"https:\/\/www.mariodoni.it\/de\/prodotto\/tabakhalter-petrarca-2\/","title":{"rendered":"Tabakhalter &#8222;Petrarca&#8220;"},"content":{"rendered":"<h2>Handgefertigte Tabaktasche aus pflanzlich gegerbtem Leder \u2013 Modell Petrarca<\/h2>\n<p><span class=\"HwtZe\" lang=\"de\"><span class=\"jCAhz ChMk0b\"><span class=\"ryNqvb\">Petrarca-Tabakhalter aus Leder. <\/span><\/span><\/span>Bei allen Lederwaren von Mario Doni handelt es sich um handgefertigte Produkte, die bewusst schlicht, aber einzigartig in ihrer Art, funktional und mit zeitlosem Design sind.<\/p>\n<p><span class=\"HwtZe\" lang=\"de\"><span class=\"jCAhz ChMk0b\"><span class=\"ryNqvb\">F\u00fcr die Herstellung des Petrarca-Tabakhalters aus Leder verwenden wir Vera Pelle al Vegetale, ein Leder, das f\u00fcr die toskanische Gerberei charakteristisch ist. <\/span><\/span><\/span><\/p>\n<p><span class=\"HwtZe\" lang=\"de\"><span class=\"jCAhz ChMk0b\"><span class=\"ryNqvb\">Die deutlich sichtbaren, vollst\u00e4ndig von Hand gefertigten N\u00e4hte werden zu einem wertvollen Stilmittel.<\/span><\/span><\/span><\/p>\n<p>In ihrem Namen klingt die ganze Liebe f\u00fcr dieses Land. Tats\u00e4chlich bringen sie die Namen der ber\u00fchmtesten literarischen K\u00fcnstler unseres Landes zur\u00fcck. Im Inneren gibt es ein Fach f\u00fcr Tabak und zwei kleinere.<\/p>\n<h3>&#8222;Petrarca&#8220; ist der Tabakhalter aus echtem pflanzlichen Leder mit handgearbeiteter Naht.<\/h3>\n","protected":false},"excerpt":{"rendered":"<p><strong>Modell:<\/strong>\u00a0Tabakhalter &#8222;Petrarca&#8220;<\/p>\n<p><strong>Strucktur:\u00a0<\/strong>ein Fach f\u00fcr Tabak und zwei kleinere<\/p>\n<p><strong>Ma\u00dfnahmen : <\/strong>geschlossen<strong>\u00a0<\/strong>16.5 x 10 cm<\/p>\n<p><strong>Material:<\/strong>\u00a0Pflanzlich Leder<\/p>\n<p><strong>Farbe: <\/strong>Leder<\/p>\n<p><span id=\"result_box\" class=\"short_text\" lang=\"de\">Erh\u00e4ltlich in 10 Tagen + Lieferung<\/span><\/p>\n","protected":false},"featured_media":8264,"comment_status":"closed","ping_status":"closed","template":"","meta":[],"product_brand":[],"product_cat":[3157,3953],"product_tag":[],"class_list":{"0":"post-14265","1":"product","2":"type-product","3":"status-publish","4":"has-post-thumbnail","6":"product_cat-geldborsen-und-schlusselanhanger-de","7":"product_cat-mod-petrarca-de","8":"pa_colore-amaranth-de","9":"pa_colore-antique-brown-de","10":"pa_colore-beige-de","11":"pa_colore-black-de","12":"pa_colore-blue-cobalt-de","13":"pa_colore-bottle-green-de","14":"pa_colore-cacao-de","15":"pa_colore-dark-brown-de","16":"pa_colore-gold-de","17":"pa_colore-leather-de","18":"pa_colore-lilac-de","19":"pa_colore-natural-de","20":"pa_colore-night-blue-de","21":"pa_colore-orange-de","22":"pa_colore-pink-de","23":"pa_colore-red-de","24":"pa_colore-silver-de","25":"pa_colore-stierkampf","26":"pa_colore-taupe-de","27":"pa_colore-turquoise-de","28":"pa_colore-turtledove","29":"pa_colore-violet-de","30":"pa_colore-white-de","31":"pa_colore-yellow-mustard-de","33":"first","34":"instock","35":"taxable","36":"shipping-taxable","37":"purchasable","38":"product-type-variable"},"_links":{"self":[{"href":"https:\/\/www.mariodoni.it\/de\/wp-json\/wp\/v2\/product\/14265","targetHints":{"allow":["GET"]}}],"collection":[{"href":"https:\/\/www.mariodoni.it\/de\/wp-json\/wp\/v2\/product"}],"about":[{"href":"https:\/\/www.mariodoni.it\/de\/wp-json\/wp\/v2\/types\/product"}],"replies":[{"embeddable":true,"href":"https:\/\/www.mariodoni.it\/de\/wp-json\/wp\/v2\/comments?post=14265"}],"wp:featuredmedia":[{"embeddable":true,"href":"https:\/\/www.mariodoni.it\/de\/wp-json\/wp\/v2\/media\/8264"}],"wp:attachment":[{"href":"https:\/\/www.mariodoni.it\/de\/wp-json\/wp\/v2\/media?parent=14265"}],"wp:term":[{"taxonomy":"product_brand","embeddable":true,"href":"https:\/\/www.mariodoni.it\/de\/wp-json\/wp\/v2\/product_brand?post=14265"},{"taxonomy":"product_cat","embeddable":true,"href":"https:\/\/www.mariodoni.it\/de\/wp-json\/wp\/v2\/product_cat?post=14265"},{"taxonomy":"product_tag","embeddable":true,"href":"https:\/\/www.mariodoni.it\/de\/wp-json\/wp\/v2\/product_tag?post=14265"}],"curies":[{"name":"wp","href":"https:\/\/api.w.org\/{rel}","templated":true}]}}