{"id":14229,"date":"2018-06-22T13:54:31","date_gmt":"2018-06-22T11:54:31","guid":{"rendered":"https:\/\/www.mariodoni.it\/prodotto\/kartenhalter-im-leder-machiavelli\/"},"modified":"2025-11-12T16:40:21","modified_gmt":"2025-11-12T15:40:21","slug":"kartenhalter-im-leder-machiavelli","status":"publish","type":"product","link":"https:\/\/www.mariodoni.it\/de\/prodotto\/kartenhalter-im-leder-machiavelli\/","title":{"rendered":"Kartenhalter im Leder &#8222;Machiavelli&#8220;"},"content":{"rendered":"<h2>Kartenetui Machiavelli aus Leder: Italienische Handwerkskunst und Stil<\/h2>\n<p>Das Kartenetui Machiavelli wird in toskanischer Handarbeit aus pflanzlich gegerbtem Leder gefertigt. Klare Linien, sichtbare N\u00e4hte und ein nat\u00fcrlicher Griff verleihen ihm zeitlose Eleganz und authentische Qualit\u00e4t Made in Italy.<\/p>\n<p><span class=\"HwtZe\" lang=\"de\"><span class=\"jCAhz ChMk0b\"><span class=\"ryNqvb\">Alle Lederwarenprodukte von Mario Doni wie das Kartenetui aus Machiavelli-Leder sind handgefertigte Produkte, die bewusst schlicht, aber einzigartig in ihrer Art, funktional und mit zeitlosem Design sind.<\/span><\/span><\/span><\/p>\n<p><span class=\"HwtZe\" lang=\"de\"><span class=\"jCAhz ChMk0b\"><span class=\"ryNqvb\">Zusammenbau, F\u00e4rben und N\u00e4hen erfolgen von Hand, sodass sich jedes St\u00fcck vom anderen unterscheidet und in seinem Stil einzigartig ist.<\/span><\/span> <span class=\"jCAhz ChMk0b\"><span class=\"ryNqvb\">Wie immer bieten wir die M\u00f6glichkeit zur Individualisierung mit einer gro\u00dfen Auswahl an Farben. <\/span><\/span><\/span><\/p>\n<p><span class=\"HwtZe\" lang=\"de\"><span class=\"jCAhz ChMk0b\"><span class=\"ryNqvb\">In der Wahl der Namen zur Identifizierung unserer Lederwaren schwingt die ganze Liebe zu diesem Land mit, in der Tat werden die Namen der ber\u00fchmtesten literarischen K\u00fcnstler unseres Landes genannt. <\/span><\/span><\/span><\/p>\n<p><span class=\"HwtZe\" lang=\"de\"><span class=\"jCAhz ChMk0b\"><span class=\"ryNqvb\">Das Kartenetui aus Machiavelli-Leder aus echtem Pflanzenleder.<\/span><\/span> <span class=\"jCAhz ChMk0b\"><span class=\"ryNqvb\">Sein minimalistisches Design zeichnet sich durch eine Au\u00dfentasche auf beiden Seiten und ein Innenfach aus.<\/span><\/span><\/span><\/p>\n","protected":false},"excerpt":{"rendered":"<p><strong>Model:<\/strong>\u00a0Kartenhalter Machiavelli<\/p>\n<p><strong>Struktur: <\/strong>Zwei Seitenf\u00e4cher und ein zentrales<\/p>\n<p><strong>Ma\u00dfnahmen: <\/strong>10 x 7 cm<\/p>\n<p><strong>Material:<\/strong>\u00a0Pflanzlich Leder<\/p>\n<p><strong>Farbe:\u00a0<\/strong>Dark brown<\/p>\n<p>Verf\u00fcgbar in 7 Tage + Lieferzeit<\/p>\n","protected":false},"featured_media":8144,"comment_status":"closed","ping_status":"closed","template":"","meta":[],"product_brand":[],"product_cat":[3157,3951],"product_tag":[],"class_list":{"0":"post-14229","1":"product","2":"type-product","3":"status-publish","4":"has-post-thumbnail","6":"product_cat-geldborsen-und-schlusselanhanger-de","7":"product_cat-mod-macchiavelli-de","8":"pa_colore-amaranth-de","9":"pa_colore-antique-brown-de","10":"pa_colore-beige-de","11":"pa_colore-black-de","12":"pa_colore-blue-cobalt-de","13":"pa_colore-bottle-green-de","14":"pa_colore-cacao-de","15":"pa_colore-dark-brown-de","16":"pa_colore-gold-de","17":"pa_colore-leather-de","18":"pa_colore-lilac-de","19":"pa_colore-natural-de","20":"pa_colore-night-blue-de","21":"pa_colore-orange-de","22":"pa_colore-pink-de","23":"pa_colore-red-de","24":"pa_colore-silver-de","25":"pa_colore-stierkampf","26":"pa_colore-taupe-de","27":"pa_colore-turquoise-de","28":"pa_colore-turtledove","29":"pa_colore-violet-de","30":"pa_colore-white-de","31":"pa_colore-yellow-mustard-de","33":"first","34":"instock","35":"taxable","36":"shipping-taxable","37":"purchasable","38":"product-type-variable"},"_links":{"self":[{"href":"https:\/\/www.mariodoni.it\/de\/wp-json\/wp\/v2\/product\/14229","targetHints":{"allow":["GET"]}}],"collection":[{"href":"https:\/\/www.mariodoni.it\/de\/wp-json\/wp\/v2\/product"}],"about":[{"href":"https:\/\/www.mariodoni.it\/de\/wp-json\/wp\/v2\/types\/product"}],"replies":[{"embeddable":true,"href":"https:\/\/www.mariodoni.it\/de\/wp-json\/wp\/v2\/comments?post=14229"}],"wp:featuredmedia":[{"embeddable":true,"href":"https:\/\/www.mariodoni.it\/de\/wp-json\/wp\/v2\/media\/8144"}],"wp:attachment":[{"href":"https:\/\/www.mariodoni.it\/de\/wp-json\/wp\/v2\/media?parent=14229"}],"wp:term":[{"taxonomy":"product_brand","embeddable":true,"href":"https:\/\/www.mariodoni.it\/de\/wp-json\/wp\/v2\/product_brand?post=14229"},{"taxonomy":"product_cat","embeddable":true,"href":"https:\/\/www.mariodoni.it\/de\/wp-json\/wp\/v2\/product_cat?post=14229"},{"taxonomy":"product_tag","embeddable":true,"href":"https:\/\/www.mariodoni.it\/de\/wp-json\/wp\/v2\/product_tag?post=14229"}],"curies":[{"name":"wp","href":"https:\/\/api.w.org\/{rel}","templated":true}]}}