{"id":14223,"date":"2018-06-15T14:14:51","date_gmt":"2018-06-15T12:14:51","guid":{"rendered":"https:\/\/www.mariodoni.it\/prodotto\/kartenhalter-mit-einem-knopf-in-leder-dante\/"},"modified":"2025-11-12T16:42:27","modified_gmt":"2025-11-12T15:42:27","slug":"dante-kartenetui-aus-leder","status":"publish","type":"product","link":"https:\/\/www.mariodoni.it\/de\/prodotto\/dante-kartenetui-aus-leder\/","title":{"rendered":"Kartenhalter mit einem Knopf in Leder &#8222;Dante&#8220;"},"content":{"rendered":"<div class=\"lRu31\" dir=\"ltr\">\n<h2>Kartenetui &#8222;Dante&#8220; aus pflanzlich gegerbtem Leder: toskanisches Handwerk mit Stil<\/h2>\n<p>Das Kartenetui &#8222;Dante&#8220; wird in der Toskana aus pflanzlich gegerbtem Leder von Hand gefertigt und vereint authentisches Design mit traditioneller Handwerkskunst. Sichtbare N\u00e4hte, manuelle F\u00e4rbung und ein klassischer Knopfverschluss verleihen jedem St\u00fcck einen einzigartigen Charakter und langlebigen Komfort.<\/p>\n<p>Alle Lederwarenprodukte von Mario Doni, wie zum Beispiel das Dante-Kartenetui aus Leder, sind handgefertigte Produkte, die bewusst schlicht, aber einzigartig in ihrer Art, funktional und mit zeitlosem Design sind.<\/p>\n<p>F\u00fcr ihre Herstellung verwenden wir Vera Pelle al Vegetale, ein Leder, das f\u00fcr die toskanische Gerberei charakteristisch ist. Die deutlich sichtbaren, vollst\u00e4ndig von Hand gefertigten N\u00e4hte werden zu einem wertvollen Stilmittel.<\/p>\n<p>Zusammenbau, F\u00e4rben und N\u00e4hen erfolgen von Hand, sodass sich jedes St\u00fcck vom anderen unterscheidet und in seinem Stil einzigartig ist. Wie immer bieten wir die M\u00f6glichkeit zur Individualisierung mit einer gro\u00dfen Auswahl an Farben.<\/p>\n<p>In der Wahl der Namen zur Identifizierung unserer Lederwaren schwingt die ganze Liebe zu diesem Land mit, in der Tat werden die Namen der ber\u00fchmtesten literarischen K\u00fcnstler unseres Landes genannt.<\/p>\n<p>Das Dante-Kartenetui aus Leder mit Knopf besteht aus echtem pflanzlich gegerbtem Leder, im Inneren befinden sich zwei F\u00e4cher f\u00fcr Karten und Visitenkarten.<\/p>\n<div class=\"OvtS8d\"><\/div>\n<div id=\"ow49\"><\/div>\n<\/div>\n<div class=\"UdTY9 WdefRb\" aria-hidden=\"true\" data-location=\"2\">\n<div class=\"kO6q6e\"><\/div>\n<\/div>\n","protected":false},"excerpt":{"rendered":"<p><strong>Model:<\/strong>\u00a0Kartenhalter\u00a0mit einem Knopf Dante<\/p>\n<p><strong>Material:<\/strong>\u00a0Pflanzlich Leder<\/p>\n<p><strong>Struktur:<\/strong> Zzwei F\u00e4cher f\u00fcr Karten und Visitenkarten<\/p>\n<p><strong>Ma\u00dfnahmen: <\/strong>geschlossen 10 x 7.5 cm \/ offen 20.5 cm<\/p>\n<p><strong>Farbe: <\/strong>Leder<\/p>\n<p>Verf\u00fcgbar in 7 Tage + Lieferzeit<\/p>\n","protected":false},"featured_media":8120,"comment_status":"closed","ping_status":"closed","template":"","meta":[],"product_brand":[],"product_cat":[3157,3949],"product_tag":[],"class_list":{"0":"post-14223","1":"product","2":"type-product","3":"status-publish","4":"has-post-thumbnail","6":"product_cat-geldborsen-und-schlusselanhanger-de","7":"product_cat-mod-dante-de","8":"pa_colore-amaranth-de","9":"pa_colore-antique-brown-de","10":"pa_colore-beige-de","11":"pa_colore-black-de","12":"pa_colore-blue-cobalt-de","13":"pa_colore-bottle-green-de","14":"pa_colore-cacao-de","15":"pa_colore-dark-brown-de","16":"pa_colore-gold-de","17":"pa_colore-leather-de","18":"pa_colore-lilac-de","19":"pa_colore-natural-de","20":"pa_colore-night-blue-de","21":"pa_colore-orange-de","22":"pa_colore-pink-de","23":"pa_colore-red-de","24":"pa_colore-silver-de","25":"pa_colore-stierkampf","26":"pa_colore-taupe-de","27":"pa_colore-turquoise-de","28":"pa_colore-turtledove","29":"pa_colore-violet-de","30":"pa_colore-white-de","31":"pa_colore-yellow-mustard-de","33":"first","34":"instock","35":"taxable","36":"shipping-taxable","37":"purchasable","38":"product-type-variable"},"_links":{"self":[{"href":"https:\/\/www.mariodoni.it\/de\/wp-json\/wp\/v2\/product\/14223","targetHints":{"allow":["GET"]}}],"collection":[{"href":"https:\/\/www.mariodoni.it\/de\/wp-json\/wp\/v2\/product"}],"about":[{"href":"https:\/\/www.mariodoni.it\/de\/wp-json\/wp\/v2\/types\/product"}],"replies":[{"embeddable":true,"href":"https:\/\/www.mariodoni.it\/de\/wp-json\/wp\/v2\/comments?post=14223"}],"wp:featuredmedia":[{"embeddable":true,"href":"https:\/\/www.mariodoni.it\/de\/wp-json\/wp\/v2\/media\/8120"}],"wp:attachment":[{"href":"https:\/\/www.mariodoni.it\/de\/wp-json\/wp\/v2\/media?parent=14223"}],"wp:term":[{"taxonomy":"product_brand","embeddable":true,"href":"https:\/\/www.mariodoni.it\/de\/wp-json\/wp\/v2\/product_brand?post=14223"},{"taxonomy":"product_cat","embeddable":true,"href":"https:\/\/www.mariodoni.it\/de\/wp-json\/wp\/v2\/product_cat?post=14223"},{"taxonomy":"product_tag","embeddable":true,"href":"https:\/\/www.mariodoni.it\/de\/wp-json\/wp\/v2\/product_tag?post=14223"}],"curies":[{"name":"wp","href":"https:\/\/api.w.org\/{rel}","templated":true}]}}