{"id":14211,"date":"2018-06-15T13:16:43","date_gmt":"2018-06-15T11:16:43","guid":{"rendered":"https:\/\/www.mariodoni.it\/prodotto\/clogs-michela-frau-realisiert-fur-anna\/"},"modified":"2025-11-07T19:28:52","modified_gmt":"2025-11-07T18:28:52","slug":"clog-mit-niedrigem-absatz-aus-holz-und-leder-mod-michela","status":"publish","type":"product","link":"https:\/\/www.mariodoni.it\/de\/prodotto\/clog-mit-niedrigem-absatz-aus-holz-und-leder-mod-michela\/","title":{"rendered":"Clogs Michela Frau realisiert fur Anna"},"content":{"rendered":"<h2>Zoccolo Michela aus pflanzlich gegerbtem Leder und Holz \u2013 toskanische Handwerkskunst<\/h2>\n<p>Die Michela-Sandale wird in der Toskana aus nat\u00fcrlichem Holz und pflanzlich gegerbtem Leder in warmem Cognacton handgefertigt. Mit viel Liebe zum Detail entsteht ein einzigartiges Paar mit weichem Tragegef\u00fchl und nat\u00fcrlicher Eleganz. Veredelt mit Wachsen und \u00d6len, steht es f\u00fcr echtes italienisches Kunsthandwerk.<\/p>\n<p>Clog mit niedrigem Absatz aus Holz und Leder &#8211; Mod. Michela, H\u00f6he 3 cm. Clogs aus Holz nach bester toskanischer handwerklicher Tradition hergestellt.<\/p>\n<p>Oberleder aus echtem pflanzlich gegerbtem Leder in einer breiten Auswahl an Farben, damit Sie Freude an Ihren Sommer schenken<\/p>\n<p>Jede Verarbeitungsstufe der Sandale wird in unserer Werkstatt durchgef\u00fchrt, um das Produkt von der Wahl der Rohstoffe, jedem Verarbeitungsschritt bis hin zu der Endbearbeitung, Verpackung und Lieferung an den Kunden zu folgen.<\/p>\n<p>Die Verarbeitung der Sandale beginnt mit dem Schneiden des Leders f\u00fcr die Sohle, Einlegesohle und Absatz und folgt mit dem Schnitt des pflanzlich gegerbten Leders f\u00fcr das Oberleder.<\/p>\n<p>Die Montage der Komponenten wird f\u00fcr jeden Kunden unter Ber\u00fccksichtigung der gew\u00fcnschten \u00c4nderungen durchgef\u00fchrt.<\/p>\n<p>Auch beim Clog mit niedrigem Absatz aus Holz und Leder &#8211; Mod. Michela wird die F\u00e4rbung von Hand am St\u00fcck vorgenommen und auch aus diesem Grund ist jeder Clog ein Unikat.<\/p>\n<p>Die Fertigstellung wird mit Wachsen, Cremes und nat\u00fcrlichen \u00d6len durchgef\u00fchrt, die dem Leder einen seidigen und Antik-Effekt geben.<\/p>\n","protected":false},"excerpt":{"rendered":"<p><strong>Modell:<\/strong>\u00a0Michela<br \/>\n<strong>Holzsandale Farbe:<\/strong>\u00a0Natural<br \/>\n<strong>Ferse:<\/strong>\u00a0Holzferse 3 cm<\/p>\n<p><strong>Obermaterial:<\/strong> Echtes pflanzlich gegerbtes Leder<br \/>\n<strong>Farbe:<\/strong>\u00a0Leder<\/p>\n<p>Erh\u00e4ltlich in 7 Tagen + Lieferung<\/p>\n","protected":false},"featured_media":8087,"comment_status":"closed","ping_status":"closed","template":"","meta":[],"product_brand":[],"product_cat":[3602,3640,3522,3534,3153],"product_tag":[],"class_list":{"0":"post-14211","1":"product","2":"type-product","3":"status-publish","4":"has-post-thumbnail","6":"product_cat-120-d-basic-clog-frau","7":"product_cat-mod-michela-de","8":"product_cat-003-farbe","9":"product_cat-050-fersenclog-3","10":"product_cat-clogs-fur-frauen-de","11":"pa_colore-amaranth-de","12":"pa_colore-antique-brown-de","13":"pa_colore-beige-de","14":"pa_colore-black-de","15":"pa_colore-blue-cobalt-de","16":"pa_colore-bottle-green-de","17":"pa_colore-cacao-de","18":"pa_colore-dark-brown-de","19":"pa_colore-gold-de","20":"pa_colore-leather-de","21":"pa_colore-lilac-de","22":"pa_colore-natural-de","23":"pa_colore-night-blue-de","24":"pa_colore-orange-de","25":"pa_colore-pink-de","26":"pa_colore-red-de","27":"pa_colore-silver-de","28":"pa_colore-stierkampf","29":"pa_colore-taupe-de","30":"pa_colore-turquoise-de","31":"pa_colore-turtledove","32":"pa_colore-violet-de","33":"pa_colore-white-de","34":"pa_colore-yellow-mustard-de","35":"pa_colore-zoccolo-black-de","36":"pa_colore-zoccolo-blue-de","37":"pa_colore-zoccolo-dark-brown-de","38":"pa_colore-zoccolo-green-de","39":"pa_colore-zoccolo-leather-de","40":"pa_colore-zoccolo-lilac-de","41":"pa_colore-zoccolo-natural-de","42":"pa_colore-zoccolo-orange-de","43":"pa_colore-zoccolo-red-de","44":"pa_colore-zoccolo-yellow-de","45":"pa_taglia-groesse-35","46":"pa_taglia-groesse-36","47":"pa_taglia-groesse-37","48":"pa_taglia-groesse-38","49":"pa_taglia-groesse-39","50":"pa_taglia-groesse-40","51":"pa_taglia-groesse-41","52":"pa_taglia-groesse-42","54":"first","55":"instock","56":"taxable","57":"shipping-taxable","58":"purchasable","59":"product-type-variable"},"_links":{"self":[{"href":"https:\/\/www.mariodoni.it\/de\/wp-json\/wp\/v2\/product\/14211","targetHints":{"allow":["GET"]}}],"collection":[{"href":"https:\/\/www.mariodoni.it\/de\/wp-json\/wp\/v2\/product"}],"about":[{"href":"https:\/\/www.mariodoni.it\/de\/wp-json\/wp\/v2\/types\/product"}],"replies":[{"embeddable":true,"href":"https:\/\/www.mariodoni.it\/de\/wp-json\/wp\/v2\/comments?post=14211"}],"wp:featuredmedia":[{"embeddable":true,"href":"https:\/\/www.mariodoni.it\/de\/wp-json\/wp\/v2\/media\/8087"}],"wp:attachment":[{"href":"https:\/\/www.mariodoni.it\/de\/wp-json\/wp\/v2\/media?parent=14211"}],"wp:term":[{"taxonomy":"product_brand","embeddable":true,"href":"https:\/\/www.mariodoni.it\/de\/wp-json\/wp\/v2\/product_brand?post=14211"},{"taxonomy":"product_cat","embeddable":true,"href":"https:\/\/www.mariodoni.it\/de\/wp-json\/wp\/v2\/product_cat?post=14211"},{"taxonomy":"product_tag","embeddable":true,"href":"https:\/\/www.mariodoni.it\/de\/wp-json\/wp\/v2\/product_tag?post=14211"}],"curies":[{"name":"wp","href":"https:\/\/api.w.org\/{rel}","templated":true}]}}