{"id":14205,"date":"2018-05-28T08:33:14","date_gmt":"2018-05-28T06:33:14","guid":{"rendered":"https:\/\/www.mariodoni.it\/prodotto\/brieftasche-boccaccio\/"},"modified":"2025-11-07T19:28:45","modified_gmt":"2025-11-07T18:28:45","slug":"geldboerse-aus-boccaccio-leder-2","status":"publish","type":"product","link":"https:\/\/www.mariodoni.it\/de\/prodotto\/geldboerse-aus-boccaccio-leder-2\/","title":{"rendered":"Brieftasche &#8222;Boccaccio&#8220;"},"content":{"rendered":"<h2>Boccaccio-Portemonnaie aus pflanzlich gegerbtem Leder mit toskanischer Handwerkskunst<\/h2>\n<p>In der Toskana handgefertigt, entsteht dieses Portemonnaie aus pflanzlich gegerbtem Leder \u2013 einem Symbol echter italienischer Ledertradition. Sichtbare Handn\u00e4hte und ein klares Design verleihen jedem St\u00fcck eine unverwechselbare Note und zeitlose Eleganz.<\/p>\n<p>Bei allen Lederwarenprodukten von Mario Doni wie beispielsweise dem Geldb\u00f6rse aus Boccaccio-Leder handelt es sich um handgefertigte Produkte, die bewusst schlicht, aber einzigartig in ihrer Art, funktional und mit zeitlosem Design sind.<\/p>\n<p>F\u00fcr ihre Herstellung verwenden wir Vera Pelle al Vegetale, ein Leder, das f\u00fcr die toskanische Gerberei charakteristisch ist. Die deutlich sichtbaren, vollst\u00e4ndig von Hand gefertigten N\u00e4hte werden zu einem wertvollen Stilmittel.<\/p>\n<p>Zusammenbau, F\u00e4rben und N\u00e4hen erfolgen von Hand, so dass sich jedes St\u00fcck vom anderen unterscheidet und in seinem Stil einzigartig ist. Wie immer bieten wir die M\u00f6glichkeit zur Individualisierung mit einer gro\u00dfen Auswahl an Farben.<\/p>\n<p>Das Geldb\u00f6rse aus Boccaccio-Leder ist aus echtem Pflanzenleder gefertigt, im Inneren befinden sich sechs F\u00e4cher f\u00fcr Karten und ein Innenfach f\u00fcr Geldscheine.<\/p>\n","protected":false},"excerpt":{"rendered":"<p><strong>Model:<\/strong>\u00a0Brieftasche Boccaccio<\/p>\n<p><strong>Material:<\/strong>\u00a0Pflanzlich Leder<\/p>\n<p><strong>Struktur:<\/strong>\u00a0Sechs F\u00e4cher f\u00fcr Karten und eine Innentasche f\u00fcr Banknoten<\/p>\n<p><strong>Ma\u00dfnahmen: geschlossen 8.5 x 10 cm \/ offen 16.5 cm<\/strong><\/p>\n<p><strong>Farbe: <\/strong>Amaranth<\/p>\n<p>Verf\u00fcgbar in 7 Tage + Lieferzeit<\/p>\n","protected":false},"featured_media":8066,"comment_status":"closed","ping_status":"closed","template":"","meta":[],"product_brand":[],"product_cat":[3157,3935],"product_tag":[],"class_list":{"0":"post-14205","1":"product","2":"type-product","3":"status-publish","4":"has-post-thumbnail","6":"product_cat-geldborsen-und-schlusselanhanger-de","7":"product_cat-mod-boccaccio-de","8":"pa_colore-amaranth-de","9":"pa_colore-antique-brown-de","10":"pa_colore-beige-de","11":"pa_colore-black-de","12":"pa_colore-blue-cobalt-de","13":"pa_colore-bottle-green-de","14":"pa_colore-cacao-de","15":"pa_colore-dark-brown-de","16":"pa_colore-gold-de","17":"pa_colore-leather-de","18":"pa_colore-lilac-de","19":"pa_colore-natural-de","20":"pa_colore-night-blue-de","21":"pa_colore-orange-de","22":"pa_colore-pink-de","23":"pa_colore-red-de","24":"pa_colore-silver-de","25":"pa_colore-stierkampf","26":"pa_colore-taupe-de","27":"pa_colore-turquoise-de","28":"pa_colore-turtledove","29":"pa_colore-violet-de","30":"pa_colore-white-de","31":"pa_colore-yellow-mustard-de","33":"first","34":"instock","35":"taxable","36":"shipping-taxable","37":"purchasable","38":"product-type-variable"},"_links":{"self":[{"href":"https:\/\/www.mariodoni.it\/de\/wp-json\/wp\/v2\/product\/14205","targetHints":{"allow":["GET"]}}],"collection":[{"href":"https:\/\/www.mariodoni.it\/de\/wp-json\/wp\/v2\/product"}],"about":[{"href":"https:\/\/www.mariodoni.it\/de\/wp-json\/wp\/v2\/types\/product"}],"replies":[{"embeddable":true,"href":"https:\/\/www.mariodoni.it\/de\/wp-json\/wp\/v2\/comments?post=14205"}],"wp:featuredmedia":[{"embeddable":true,"href":"https:\/\/www.mariodoni.it\/de\/wp-json\/wp\/v2\/media\/8066"}],"wp:attachment":[{"href":"https:\/\/www.mariodoni.it\/de\/wp-json\/wp\/v2\/media?parent=14205"}],"wp:term":[{"taxonomy":"product_brand","embeddable":true,"href":"https:\/\/www.mariodoni.it\/de\/wp-json\/wp\/v2\/product_brand?post=14205"},{"taxonomy":"product_cat","embeddable":true,"href":"https:\/\/www.mariodoni.it\/de\/wp-json\/wp\/v2\/product_cat?post=14205"},{"taxonomy":"product_tag","embeddable":true,"href":"https:\/\/www.mariodoni.it\/de\/wp-json\/wp\/v2\/product_tag?post=14205"}],"curies":[{"name":"wp","href":"https:\/\/api.w.org\/{rel}","templated":true}]}}