{"id":14199,"date":"2018-05-28T08:06:23","date_gmt":"2018-05-28T06:06:23","guid":{"rendered":"https:\/\/www.mariodoni.it\/prodotto\/kartenhalter-mit-einem-knopf-dante\/"},"modified":"2025-11-07T19:28:35","modified_gmt":"2025-11-07T18:28:35","slug":"dante-kartenetui-aus-leder-2","status":"publish","type":"product","link":"https:\/\/www.mariodoni.it\/de\/prodotto\/dante-kartenetui-aus-leder-2\/","title":{"rendered":"Kartenhalter mit einem Knopf &#8222;Dante&#8220;"},"content":{"rendered":"<h2>Portemonnaie \u201eDante\u201c mit Knopf aus pflanzlich gegerbtem Leder, toskanische Handwerkskunst<\/h2>\n<p>Dieses Kartenetui wird in der Toskana aus pflanzlich gegerbtem Leder handgefertigt und vereint klare Linien mit zeitloser Eleganz. Sichtbare N\u00e4hte und sorgf\u00e4ltige Verarbeitung machen jedes St\u00fcck zu einem Unikat.<\/p>\n<p>Alle Lederwarenprodukte von Mario Doni, wie zum Beispiel das Dante-Kartenetui aus Leder, sind handgefertigte Produkte, die bewusst schlicht, aber einzigartig in ihrer Art, funktional und mit zeitlosem Design sind.<\/p>\n<p>F\u00fcr ihre Herstellung verwenden wir Vera Pelle al Vegetale, ein Leder, das f\u00fcr die toskanische Gerberei charakteristisch ist. Die deutlich sichtbaren, vollst\u00e4ndig von Hand gefertigten N\u00e4hte werden zu einem wertvollen Stilmittel.<\/p>\n<p>Zusammenbau, F\u00e4rben und N\u00e4hen erfolgen von Hand, sodass sich jedes St\u00fcck vom anderen unterscheidet und in seinem Stil einzigartig ist. Wie immer bieten wir die M\u00f6glichkeit zur Individualisierung mit einer gro\u00dfen Auswahl an Farben.<\/p>\n<p>In der Wahl der Namen zur Identifizierung unserer Lederwaren schwingt die ganze Liebe zu diesem Land mit, in der Tat werden die Namen der ber\u00fchmtesten literarischen K\u00fcnstler unseres Landes genannt.<\/p>\n<p>Das Dante-Kartenetui aus Leder mit Knopf besteht aus echtem pflanzlich gegerbtem Leder, im Inneren befinden sich zwei F\u00e4cher f\u00fcr Karten und Visitenkarten.<\/p>\n","protected":false},"excerpt":{"rendered":"<p><strong>Model:<\/strong>\u00a0Kartenhalter\u00a0mit einem Knopf Dante<\/p>\n<p><strong>Material:<\/strong>\u00a0Pflanzlich Leder<\/p>\n<p><strong>Struktur:<\/strong> Zzwei F\u00e4cher f\u00fcr Karten und Visitenkarten<\/p>\n<p><strong>Ma\u00dfnahmen: <\/strong>geschlossen 10 x 7.5 cm \/ offen 20.5 cm<\/p>\n<p><strong>Farbe: <\/strong>Taupe<\/p>\n<p>Verf\u00fcgbar in 7 Tage + Lieferzeit<\/p>\n","protected":false},"featured_media":8045,"comment_status":"closed","ping_status":"closed","template":"","meta":[],"product_brand":[],"product_cat":[3157,3949],"product_tag":[],"class_list":{"0":"post-14199","1":"product","2":"type-product","3":"status-publish","4":"has-post-thumbnail","6":"product_cat-geldborsen-und-schlusselanhanger-de","7":"product_cat-mod-dante-de","8":"pa_colore-amaranth-de","9":"pa_colore-antique-brown-de","10":"pa_colore-beige-de","11":"pa_colore-black-de","12":"pa_colore-blue-cobalt-de","13":"pa_colore-bottle-green-de","14":"pa_colore-cacao-de","15":"pa_colore-dark-brown-de","16":"pa_colore-gold-de","17":"pa_colore-leather-de","18":"pa_colore-lilac-de","19":"pa_colore-natural-de","20":"pa_colore-night-blue-de","21":"pa_colore-orange-de","22":"pa_colore-pink-de","23":"pa_colore-red-de","24":"pa_colore-silver-de","25":"pa_colore-stierkampf","26":"pa_colore-taupe-de","27":"pa_colore-turquoise-de","28":"pa_colore-turtledove","29":"pa_colore-violet-de","30":"pa_colore-white-de","31":"pa_colore-yellow-mustard-de","33":"first","34":"instock","35":"taxable","36":"shipping-taxable","37":"purchasable","38":"product-type-variable"},"_links":{"self":[{"href":"https:\/\/www.mariodoni.it\/de\/wp-json\/wp\/v2\/product\/14199","targetHints":{"allow":["GET"]}}],"collection":[{"href":"https:\/\/www.mariodoni.it\/de\/wp-json\/wp\/v2\/product"}],"about":[{"href":"https:\/\/www.mariodoni.it\/de\/wp-json\/wp\/v2\/types\/product"}],"replies":[{"embeddable":true,"href":"https:\/\/www.mariodoni.it\/de\/wp-json\/wp\/v2\/comments?post=14199"}],"wp:featuredmedia":[{"embeddable":true,"href":"https:\/\/www.mariodoni.it\/de\/wp-json\/wp\/v2\/media\/8045"}],"wp:attachment":[{"href":"https:\/\/www.mariodoni.it\/de\/wp-json\/wp\/v2\/media?parent=14199"}],"wp:term":[{"taxonomy":"product_brand","embeddable":true,"href":"https:\/\/www.mariodoni.it\/de\/wp-json\/wp\/v2\/product_brand?post=14199"},{"taxonomy":"product_cat","embeddable":true,"href":"https:\/\/www.mariodoni.it\/de\/wp-json\/wp\/v2\/product_cat?post=14199"},{"taxonomy":"product_tag","embeddable":true,"href":"https:\/\/www.mariodoni.it\/de\/wp-json\/wp\/v2\/product_tag?post=14199"}],"curies":[{"name":"wp","href":"https:\/\/api.w.org\/{rel}","templated":true}]}}