{"id":14187,"date":"2018-05-18T15:41:06","date_gmt":"2018-05-18T13:41:06","guid":{"rendered":"https:\/\/www.mariodoni.it\/prodotto\/soft-memory-einlegesohle\/"},"modified":"2025-11-07T19:28:18","modified_gmt":"2025-11-07T18:28:18","slug":"soft-memory-einlegesohle","status":"publish","type":"product","link":"https:\/\/www.mariodoni.it\/de\/prodotto\/soft-memory-einlegesohle\/","title":{"rendered":"Soft Memory Einlegesohle"},"content":{"rendered":"<div>\n<h2>Soft Memory Einlegesohle aus echtem Leder und ergonomischem Schaum<\/h2>\n<p>Die Soft Memory Einlegesohle vereint echtes Naturleder mit anpassungsf\u00e4higem Memoryschaum f\u00fcr h\u00f6chsten Tragekomfort. In der Toskana handgefertigt, sorgt sie f\u00fcr Atmungsaktivit\u00e4t, Weichheit und eine nat\u00fcrliche Passform.<\/p>\n<p>Die neue Soft Memory Einlegesohle ist aus echtem Naturleder mit Memory-Schaum hergestellt. Der Memory ist ein atmungsaktives und elastisches antibakterielles Material, das aufgrund seiner selbst modellierenden und thermosensitiven Eigenschaften perfekt ergonomisch ist.<br \/>\nDas weiche und seidige Finish von Echtem Leder verbessert die Komforteigenschaften des Memory und absorbiert Schwei\u00df und sorgt gleichzeitig f\u00fcr Frische.<br \/>\nDie Dicke von 6 mm macht es unglaublich weich und passt sich jedem Schuhtyp an, ohne die Passform zu reduzieren.<\/p>\n<\/div>\n","protected":false},"excerpt":{"rendered":"<p><strong>Modell:<\/strong>\u00a0Soft Memory Einlegesohle<\/p>\n<p>Erh\u00e4ltlich in 3\u00a0Tagen + Lieferung<\/p>\n","protected":false},"featured_media":8009,"comment_status":"closed","ping_status":"closed","template":"","meta":[],"product_brand":[],"product_cat":[2679],"product_tag":[],"class_list":{"0":"post-14187","1":"product","2":"type-product","3":"status-publish","4":"has-post-thumbnail","6":"product_cat-orthesen-und-einlegesohlen","7":"pa_taglia-solette-35-3","8":"pa_taglia-solette-36-4","9":"pa_taglia-solette-37-3","10":"pa_taglia-solette-38-4","11":"pa_taglia-solette-39-4","12":"pa_taglia-solette-40-4","13":"pa_taglia-solette-41-4","14":"pa_taglia-solette-42-3","15":"pa_taglia-solette-43-3","16":"pa_taglia-solette-44-4","17":"pa_taglia-solette-45-3","18":"pa_taglia-solette-46-3","20":"first","21":"instock","22":"taxable","23":"shipping-taxable","24":"product-type-variable"},"_links":{"self":[{"href":"https:\/\/www.mariodoni.it\/de\/wp-json\/wp\/v2\/product\/14187","targetHints":{"allow":["GET"]}}],"collection":[{"href":"https:\/\/www.mariodoni.it\/de\/wp-json\/wp\/v2\/product"}],"about":[{"href":"https:\/\/www.mariodoni.it\/de\/wp-json\/wp\/v2\/types\/product"}],"replies":[{"embeddable":true,"href":"https:\/\/www.mariodoni.it\/de\/wp-json\/wp\/v2\/comments?post=14187"}],"wp:featuredmedia":[{"embeddable":true,"href":"https:\/\/www.mariodoni.it\/de\/wp-json\/wp\/v2\/media\/8009"}],"wp:attachment":[{"href":"https:\/\/www.mariodoni.it\/de\/wp-json\/wp\/v2\/media?parent=14187"}],"wp:term":[{"taxonomy":"product_brand","embeddable":true,"href":"https:\/\/www.mariodoni.it\/de\/wp-json\/wp\/v2\/product_brand?post=14187"},{"taxonomy":"product_cat","embeddable":true,"href":"https:\/\/www.mariodoni.it\/de\/wp-json\/wp\/v2\/product_cat?post=14187"},{"taxonomy":"product_tag","embeddable":true,"href":"https:\/\/www.mariodoni.it\/de\/wp-json\/wp\/v2\/product_tag?post=14187"}],"curies":[{"name":"wp","href":"https:\/\/api.w.org\/{rel}","templated":true}]}}