{"id":14181,"date":"2018-05-18T13:57:00","date_gmt":"2018-05-18T11:57:00","guid":{"rendered":"https:\/\/www.mariodoni.it\/prodotto\/air-memory-einlegesohle\/"},"modified":"2025-11-07T19:28:09","modified_gmt":"2025-11-07T18:28:09","slug":"air-memory-einlegesohle","status":"publish","type":"product","link":"https:\/\/www.mariodoni.it\/de\/prodotto\/air-memory-einlegesohle\/","title":{"rendered":"Air Memory Einlegesohle"},"content":{"rendered":"<h2>Air Memory Einlegesohle aus atmungsaktivem und antibakteriellem Material Made in Italy<\/h2>\n<div>Die Air Memory Einlegesohle bietet nat\u00fcrlichen Komfort und Wohlbefinden dank offenporigem Memory-Schaum und technischem Gewebe. Sie passt sich der Fu\u00dfform perfekt an, absorbiert St\u00f6\u00dfe und reguliert das Klima im Schuh. Leicht, atmungsaktiv und antibakteriell \u2013 f\u00fcr trockene und entspannte F\u00fc\u00dfe.<\/div>\n<div>Die Air Memory bietet eine innovative L\u00f6sung, um dem wachsenden Bed\u00fcrfnis nach Komfort und Wohlbefinden in Schuhen gerecht zu werden.<\/div>\n<div>Sie wurde aus Stoff und Memory, antibakterielle und atmungsaktive Materialien, die die Bildung von Mykosen verhindern den Fu\u00df trocken.<\/div>\n<div>Das Ged\u00e4chtnis ist ein offenzelliges Material, das sich perfekt an die anatomische Form des Fu\u00dfes anpasst, einen Kisseneffekt erzeugt und eine Sto\u00dfd\u00e4mpfung garantiert.<\/div>\n<div>Die letzte Schicht wird mit einer speziellen mehrschichtigen Kanaltextilstruktur hergestellt, die eine W\u00e4rmeisolierung innerhalb des Schuhs bereitstellt.<\/div>\n<div>Sein besonderes Design beg\u00fcnstigt auch eine wesentliche Wiederverwertung der Luft, die das thermische Gleichgewicht und den trockenen Fu\u00df beibeh\u00e4l.<\/div>\n","protected":false},"excerpt":{"rendered":"<p><strong>Modell:<\/strong>\u00a0Air Memory Einlegesohle<\/p>\n<p>Erh\u00e4ltlich in 3\u00a0Tagen + Lieferung<\/p>\n","protected":false},"featured_media":7994,"comment_status":"closed","ping_status":"closed","template":"","meta":[],"product_brand":[],"product_cat":[2679],"product_tag":[],"class_list":{"0":"post-14181","1":"product","2":"type-product","3":"status-publish","4":"has-post-thumbnail","6":"product_cat-orthesen-und-einlegesohlen","7":"pa_taglia-solette-35-3","8":"pa_taglia-solette-36-4","9":"pa_taglia-solette-37-3","10":"pa_taglia-solette-38-4","11":"pa_taglia-solette-39-4","12":"pa_taglia-solette-40-4","13":"pa_taglia-solette-41-4","14":"pa_taglia-solette-42-3","15":"pa_taglia-solette-43-3","16":"pa_taglia-solette-44-4","17":"pa_taglia-solette-45-3","18":"pa_taglia-solette-46-3","20":"first","21":"instock","22":"taxable","23":"shipping-taxable","24":"purchasable","25":"product-type-variable"},"_links":{"self":[{"href":"https:\/\/www.mariodoni.it\/de\/wp-json\/wp\/v2\/product\/14181","targetHints":{"allow":["GET"]}}],"collection":[{"href":"https:\/\/www.mariodoni.it\/de\/wp-json\/wp\/v2\/product"}],"about":[{"href":"https:\/\/www.mariodoni.it\/de\/wp-json\/wp\/v2\/types\/product"}],"replies":[{"embeddable":true,"href":"https:\/\/www.mariodoni.it\/de\/wp-json\/wp\/v2\/comments?post=14181"}],"wp:featuredmedia":[{"embeddable":true,"href":"https:\/\/www.mariodoni.it\/de\/wp-json\/wp\/v2\/media\/7994"}],"wp:attachment":[{"href":"https:\/\/www.mariodoni.it\/de\/wp-json\/wp\/v2\/media?parent=14181"}],"wp:term":[{"taxonomy":"product_brand","embeddable":true,"href":"https:\/\/www.mariodoni.it\/de\/wp-json\/wp\/v2\/product_brand?post=14181"},{"taxonomy":"product_cat","embeddable":true,"href":"https:\/\/www.mariodoni.it\/de\/wp-json\/wp\/v2\/product_cat?post=14181"},{"taxonomy":"product_tag","embeddable":true,"href":"https:\/\/www.mariodoni.it\/de\/wp-json\/wp\/v2\/product_tag?post=14181"}],"curies":[{"name":"wp","href":"https:\/\/api.w.org\/{rel}","templated":true}]}}