{"id":14175,"date":"2018-05-11T16:18:16","date_gmt":"2018-05-11T14:18:16","guid":{"rendered":"https:\/\/www.mariodoni.it\/prodotto\/clogs-marta-frau-realisiert-fur-amelia\/"},"modified":"2025-11-10T19:31:54","modified_gmt":"2025-11-10T18:31:54","slug":"handgefertigter-damenclog-aus-leder-und-holz-mod-marta","status":"publish","type":"product","link":"https:\/\/www.mariodoni.it\/de\/prodotto\/handgefertigter-damenclog-aus-leder-und-holz-mod-marta\/","title":{"rendered":"Clogs Marta Frau realisiert fur Amelia"},"content":{"rendered":"<h2>Handgefertigter Clog Marta aus pflanzlich gegerbtem Leder \u2013 toskanische Eleganz<\/h2>\n<p>Der Clog Marta wird in der Toskana von Hand gefertigt und vereint Naturholz mit pflanzlich gegerbtem Leder. Mit nat\u00fcrlichen Wachsen und \u00d6len veredelt, bietet er sanften Komfort und den authentischen Charakter italienischer Handwerkskunst.<\/p>\n<p>Handgefertigter Damenclog aus Leder und Holz &#8211; Mod. Marta, H\u00f6he 7 cm. Clogs aus Holz nach bester toskanischer handwerklicher Tradition hergestellt.<\/p>\n<p>Oberleder aus echtem pflanzlich gegerbtem Leder in einer breiten Auswahl an Farben, damit Sie Freude an Ihren Sommer schenken<\/p>\n<p>Jede Verarbeitungsstufe der Sandale wird in unserer Werkstatt durchgef\u00fchrt, um das Produkt von der Wahl der Rohstoffe, jedem Verarbeitungsschritt bis hin zu der Endbearbeitung, Verpackung und Lieferung an den Kunden zu folgen.<\/p>\n<p>Die Verarbeitung der Sandale beginnt mit dem Schneiden des Leders f\u00fcr die Sohle, Einlegesohle und Absatz und folgt mit dem Schnitt des pflanzlich gegerbten Leders f\u00fcr das Oberleder.<\/p>\n<p>Die Montage der Komponenten wird f\u00fcr jeden Kunden unter Ber\u00fccksichtigung der gew\u00fcnschten \u00c4nderungen durchgef\u00fchrt.<\/p>\n<p>Auch beim Handgefertigter Damenclog aus Leder und Holz &#8211; Mod. Marta erfolgt die Farbgebung per Hand am St\u00fcck und auch aus diesem Grund ist jeder Clog ein Unikat.<\/p>\n<p>Die Fertigstellung wird mit Wachsen, Cremes und nat\u00fcrlichen \u00d6len durchgef\u00fchrt, die dem Leder einen seidigen und Antik-Effekt geben.<\/p>\n","protected":false},"excerpt":{"rendered":"<p><strong>Modell:<\/strong>\u00a0Marta<br \/>\n<strong>Holzsandale Farbe:<\/strong>\u00a0Natural<br \/>\n<strong>Ferse:<\/strong>\u00a0Holzferse 7 cm<\/p>\n<p><strong>Obermaterial:<\/strong> Echtes pflanzlich gegerbtes Leder<br \/>\n<strong>Farbe:<\/strong>\u00a0Natural<\/p>\n<p>Erh\u00e4ltlich in 7 Tagen + Lieferung<\/p>\n","protected":false},"featured_media":7976,"comment_status":"closed","ping_status":"closed","template":"","meta":[],"product_brand":[],"product_cat":[3624,3639,3522,3535,3153],"product_tag":[],"class_list":{"0":"post-14175","1":"product","2":"type-product","3":"status-publish","4":"has-post-thumbnail","6":"product_cat-121-d-dinamic-clog-frau","7":"product_cat-mod-marta-de","8":"product_cat-003-farbe","9":"product_cat-052-fersenverstopfung-7","10":"product_cat-clogs-fur-frauen-de","11":"pa_altezza-tacco-platform-shoes-heel-10-de","12":"pa_colore-amaranth-de","13":"pa_colore-antique-brown-de","14":"pa_colore-beige-de","15":"pa_colore-black-de","16":"pa_colore-blue-cobalt-de","17":"pa_colore-bottle-green-de","18":"pa_colore-cacao-de","19":"pa_colore-dark-brown-de","20":"pa_colore-gold-de","21":"pa_colore-leather-de","22":"pa_colore-lilac-de","23":"pa_colore-natural-de","24":"pa_colore-night-blue-de","25":"pa_colore-orange-de","26":"pa_colore-pink-de","27":"pa_colore-red-de","28":"pa_colore-silver-de","29":"pa_colore-stierkampf","30":"pa_colore-taupe-de","31":"pa_colore-turquoise-de","32":"pa_colore-turtledove","33":"pa_colore-violet-de","34":"pa_colore-white-de","35":"pa_colore-yellow-mustard-de","36":"pa_colore-zoccolo-black-de","37":"pa_colore-zoccolo-blue-de","38":"pa_colore-zoccolo-dark-brown-de","39":"pa_colore-zoccolo-green-de","40":"pa_colore-zoccolo-leather-de","41":"pa_colore-zoccolo-lilac-de","42":"pa_colore-zoccolo-natural-de","43":"pa_colore-zoccolo-orange-de","44":"pa_colore-zoccolo-red-de","45":"pa_colore-zoccolo-yellow-de","46":"pa_taglia-groesse-35","47":"pa_taglia-groesse-36","48":"pa_taglia-groesse-37","49":"pa_taglia-groesse-38","50":"pa_taglia-groesse-39","51":"pa_taglia-groesse-40","52":"pa_taglia-groesse-41","53":"pa_taglia-groesse-42","55":"first","56":"instock","57":"taxable","58":"shipping-taxable","59":"purchasable","60":"product-type-variable"},"_links":{"self":[{"href":"https:\/\/www.mariodoni.it\/de\/wp-json\/wp\/v2\/product\/14175","targetHints":{"allow":["GET"]}}],"collection":[{"href":"https:\/\/www.mariodoni.it\/de\/wp-json\/wp\/v2\/product"}],"about":[{"href":"https:\/\/www.mariodoni.it\/de\/wp-json\/wp\/v2\/types\/product"}],"replies":[{"embeddable":true,"href":"https:\/\/www.mariodoni.it\/de\/wp-json\/wp\/v2\/comments?post=14175"}],"wp:featuredmedia":[{"embeddable":true,"href":"https:\/\/www.mariodoni.it\/de\/wp-json\/wp\/v2\/media\/7976"}],"wp:attachment":[{"href":"https:\/\/www.mariodoni.it\/de\/wp-json\/wp\/v2\/media?parent=14175"}],"wp:term":[{"taxonomy":"product_brand","embeddable":true,"href":"https:\/\/www.mariodoni.it\/de\/wp-json\/wp\/v2\/product_brand?post=14175"},{"taxonomy":"product_cat","embeddable":true,"href":"https:\/\/www.mariodoni.it\/de\/wp-json\/wp\/v2\/product_cat?post=14175"},{"taxonomy":"product_tag","embeddable":true,"href":"https:\/\/www.mariodoni.it\/de\/wp-json\/wp\/v2\/product_tag?post=14175"}],"curies":[{"name":"wp","href":"https:\/\/api.w.org\/{rel}","templated":true}]}}