{"id":14025,"date":"2018-01-30T14:03:13","date_gmt":"2018-01-30T13:03:13","guid":{"rendered":"https:\/\/www.mariodoni.it\/prodotto\/geflochtene-gurtel-art-tondino-medio\/"},"modified":"2025-11-12T17:21:28","modified_gmt":"2025-11-12T16:21:28","slug":"handgefertigter-geflochtener-lederguertel-tondino-medio","status":"publish","type":"product","link":"https:\/\/www.mariodoni.it\/de\/prodotto\/handgefertigter-geflochtener-lederguertel-tondino-medio\/","title":{"rendered":"Geflochtene G\u00fcrtel art. Tondino Medio"},"content":{"rendered":"<h2>Handgemachter geflochtener Lederg\u00fcrtel Tondino medio Mittlere Stabh\u00f6he 3,5 cm.<\/h2>\n<p>Mit einer manuellen Arbeit, fast vollst\u00e4ndig verschwunden, typisch f\u00fcr toskanische Handwerker, Mario Doni bietet eine Reihe von G\u00fcrteln komplett handgemacht.<\/p>\n<p>F\u00fcr ihre Realisierung verwenden wir pflanzliches Leder, charakteristisches Leder der toskanischen Gerbungsproduktion: die Ledereins\u00e4tze in verschiedenen Formen werden von Hand miteinander verflochten und schaffen einzigartige Geometrien mit raffinierter N\u00fcchternheit.<\/p>\n<p>Die Farbe wird komplett von Hand gefertigt und so dass bestimmte Farbt\u00f6ne und Nuance entstehen, die jedes G\u00fcrtel einzigartig machen.<\/p>\n<p>Wie alle unsere G\u00fcrtel ist auch der Handgemachter geflochtener Lederg\u00fcrtel Tondino medio kann gek\u00fcrzt werden.<\/p>\n","protected":false},"excerpt":{"rendered":"<p><strong>Geflochtene G\u00fcrtel \u00a0<\/strong><\/p>\n<p><strong>Model:<\/strong>\u00a0Tondino Medio<\/p>\n<p><strong>Material:<\/strong>\u00a0Pflanzlich Leder<\/p>\n<p><strong>H\u00f6he:<\/strong>\u00a0Cm 3.5<\/p>\n<p><strong>Farbe: <\/strong>Cacao<\/p>\n<p>Erh\u00e4ltlich in 7 Tagen + Lieferung<\/p>\n","protected":false},"featured_media":7656,"comment_status":"closed","ping_status":"closed","template":"","meta":[],"product_brand":[],"product_cat":[3647,3159],"product_tag":[],"class_list":{"0":"post-14025","1":"product","2":"type-product","3":"status-publish","4":"has-post-thumbnail","6":"product_cat-gurtel-aus-gewebtem-pflanzenleder","7":"product_cat-gurtel-de","8":"pa_colore-amaranth-de","9":"pa_colore-antique-brown-de","10":"pa_colore-beige-de","11":"pa_colore-black-de","12":"pa_colore-blue-cobalt-de","13":"pa_colore-bottle-green-de","14":"pa_colore-cacao-de","15":"pa_colore-dark-brown-de","16":"pa_colore-leather-de","17":"pa_colore-lilac-de","18":"pa_colore-natural-de","19":"pa_colore-night-blue-de","20":"pa_colore-orange-de","21":"pa_colore-pink-de","22":"pa_colore-red-de","23":"pa_colore-stierkampf","24":"pa_colore-taupe-de","25":"pa_colore-turquoise-de","26":"pa_colore-turtledove","27":"pa_colore-violet-de","28":"pa_colore-white-de","29":"pa_colore-yellow-mustard-de","30":"pa_misura-110-2","31":"pa_misura-120-2","32":"pa_misura-130-2","34":"first","35":"instock","36":"taxable","37":"shipping-taxable","38":"purchasable","39":"product-type-variable"},"_links":{"self":[{"href":"https:\/\/www.mariodoni.it\/de\/wp-json\/wp\/v2\/product\/14025","targetHints":{"allow":["GET"]}}],"collection":[{"href":"https:\/\/www.mariodoni.it\/de\/wp-json\/wp\/v2\/product"}],"about":[{"href":"https:\/\/www.mariodoni.it\/de\/wp-json\/wp\/v2\/types\/product"}],"replies":[{"embeddable":true,"href":"https:\/\/www.mariodoni.it\/de\/wp-json\/wp\/v2\/comments?post=14025"}],"wp:featuredmedia":[{"embeddable":true,"href":"https:\/\/www.mariodoni.it\/de\/wp-json\/wp\/v2\/media\/7656"}],"wp:attachment":[{"href":"https:\/\/www.mariodoni.it\/de\/wp-json\/wp\/v2\/media?parent=14025"}],"wp:term":[{"taxonomy":"product_brand","embeddable":true,"href":"https:\/\/www.mariodoni.it\/de\/wp-json\/wp\/v2\/product_brand?post=14025"},{"taxonomy":"product_cat","embeddable":true,"href":"https:\/\/www.mariodoni.it\/de\/wp-json\/wp\/v2\/product_cat?post=14025"},{"taxonomy":"product_tag","embeddable":true,"href":"https:\/\/www.mariodoni.it\/de\/wp-json\/wp\/v2\/product_tag?post=14025"}],"curies":[{"name":"wp","href":"https:\/\/api.w.org\/{rel}","templated":true}]}}