{"id":13536,"date":"2017-09-04T09:49:19","date_gmt":"2017-09-04T07:49:19","guid":{"rendered":"https:\/\/www.mariodoni.it\/prodotto\/sandale-barfoot-von-man-mod-04-realisiert-fur-fercast\/"},"modified":"2025-11-10T19:44:55","modified_gmt":"2025-11-10T18:44:55","slug":"handgefertigte-barfuss-ledersandale-fuer-herren","status":"publish","type":"product","link":"https:\/\/www.mariodoni.it\/de\/prodotto\/handgefertigte-barfuss-ledersandale-fuer-herren\/","title":{"rendered":"Sandale Barfoot von Man Mod. 04 realisiert f\u00fcr fercast"},"content":{"rendered":"<h2>Herren-Barefoot-Sandale aus pflanzlich gegerbtem Leder \u2013 Handgefertigte Nat\u00fcrlichkeit aus der Toskana<\/h2>\n<p>Die Herren-Barefoot-Sandale Mod. 04 wird in der Toskana handgefertigt, aus pflanzlich gegerbtem Leder und einer nat\u00fcrlichen Ledersohle. Sie verbindet Komfort, Nachhaltigkeit und die Authentizit\u00e4t italienischer Handwerkskunst.<\/p>\n<p>Handgefertigte Barfu\u00df-Ledersandale f\u00fcr Herren, um den Kontakt zum Boden und zur Natur wiederherzustellen.<\/p>\n<p>Jede Verarbeitungsstufe der Sandale wird in unserer Werkstatt durchgef\u00fchrt, um das Produkt von der Wahl der Rohstoffe, jedem Verarbeitungsschritt bis hin zu der Endbearbeitung, Verpackung und Lieferung an den Kunden zu folgen.<\/p>\n<p>Die Verarbeitung der Sandale beginnt mit dem Schneiden des Leders f\u00fcr die Sohle, Einlegesohle und Absatz und folgt mit dem Schnitt des pflanzlich gegerbten Leders f\u00fcr das Oberleder.<\/p>\n<p>Die Montage der Komponenten wird f\u00fcr jeden Kunden unter Ber\u00fccksichtigung der gew\u00fcnschten \u00c4nderungen durchgef\u00fchrt.<\/p>\n<p>Auch f\u00fcr die Handgefertigte Barfu\u00df-Ledersandale f\u00fcr Herren Mod. 04 erfolgt die F\u00e4rbung von Hand direkt am St\u00fcck und auch aus diesem Grund ist jede Sandale ein Unikat.<\/p>\n<p>Die Fertigstellung wird mit Wachsen, Cremes und nat\u00fcrlichen \u00d6len durchgef\u00fchrt, die dem Leder einen seidigen und Antik-Effekt geben.<\/p>\n","protected":false},"excerpt":{"rendered":"<p><strong>Modell:<\/strong>\u00a0Barfeoot 04<br \/>\n<strong>Innensohle:<\/strong> Naturgegebertes Leder<br \/>\n<strong>Sohle:<\/strong> naturgegebertes leder<\/p>\n<p><strong>Obermaterial:<\/strong> naturgegebertes Leder<br \/>\n<strong>Farbe<\/strong>: Bottle Green<\/p>\n<p><span id=\"result_box\" class=\"short_text\" lang=\"de\">Erh\u00e4ltlich in 7 Tagen + Lieferung<\/span><\/p>\n","protected":false},"featured_media":7114,"comment_status":"closed","ping_status":"closed","template":"","meta":[],"product_brand":[],"product_cat":[3599,3522,3149,3147],"product_tag":[],"class_list":{"0":"post-13536","1":"product","2":"type-product","3":"status-publish","4":"has-post-thumbnail","6":"product_cat-103-u-platin-manner","7":"product_cat-003-farbe","8":"product_cat-handgefertigte-barefussandalen-de","9":"product_cat-ledersandalen-fur-manner-de","10":"pa_colore-amaranth-de","11":"pa_colore-antique-brown-de","12":"pa_colore-beige-de","13":"pa_colore-black-de","14":"pa_colore-blue-cobalt-de","15":"pa_colore-bottle-green-de","16":"pa_colore-cacao-de","17":"pa_colore-dark-brown-de","18":"pa_colore-gold-de","19":"pa_colore-leather-de","20":"pa_colore-lilac-de","21":"pa_colore-natural-de","22":"pa_colore-night-blue-de","23":"pa_colore-orange-de","24":"pa_colore-pink-de","25":"pa_colore-red-de","26":"pa_colore-silver-de","27":"pa_colore-stierkampf","28":"pa_colore-taupe-de","29":"pa_colore-turquoise-de","30":"pa_colore-turtledove","31":"pa_colore-violet-de","32":"pa_colore-white-de","33":"pa_colore-yellow-mustard-de","34":"pa_taglia-groesse-38","35":"pa_taglia-groesse-39","36":"pa_taglia-groesse-40","37":"pa_taglia-groesse-41","38":"pa_taglia-groesse-42","39":"pa_taglia-groesse-43","40":"pa_taglia-groesse-44","41":"pa_taglia-groesse-45","42":"pa_taglia-groesse-46","43":"pa_taglia-groesse-47","44":"pa_taglia-groesse-48","46":"first","47":"instock","48":"taxable","49":"shipping-taxable","50":"purchasable","51":"product-type-variable"},"_links":{"self":[{"href":"https:\/\/www.mariodoni.it\/de\/wp-json\/wp\/v2\/product\/13536","targetHints":{"allow":["GET"]}}],"collection":[{"href":"https:\/\/www.mariodoni.it\/de\/wp-json\/wp\/v2\/product"}],"about":[{"href":"https:\/\/www.mariodoni.it\/de\/wp-json\/wp\/v2\/types\/product"}],"replies":[{"embeddable":true,"href":"https:\/\/www.mariodoni.it\/de\/wp-json\/wp\/v2\/comments?post=13536"}],"wp:featuredmedia":[{"embeddable":true,"href":"https:\/\/www.mariodoni.it\/de\/wp-json\/wp\/v2\/media\/7114"}],"wp:attachment":[{"href":"https:\/\/www.mariodoni.it\/de\/wp-json\/wp\/v2\/media?parent=13536"}],"wp:term":[{"taxonomy":"product_brand","embeddable":true,"href":"https:\/\/www.mariodoni.it\/de\/wp-json\/wp\/v2\/product_brand?post=13536"},{"taxonomy":"product_cat","embeddable":true,"href":"https:\/\/www.mariodoni.it\/de\/wp-json\/wp\/v2\/product_cat?post=13536"},{"taxonomy":"product_tag","embeddable":true,"href":"https:\/\/www.mariodoni.it\/de\/wp-json\/wp\/v2\/product_tag?post=13536"}],"curies":[{"name":"wp","href":"https:\/\/api.w.org\/{rel}","templated":true}]}}