{"id":13497,"date":"2017-08-26T15:11:53","date_gmt":"2017-08-26T13:11:53","guid":{"rendered":"https:\/\/www.mariodoni.it\/prodotto\/sandale-cutigliano-von-man-mod-flip-flops-in-leder-flex-realisiert-fur-ghila\/"},"modified":"2025-11-11T19:28:28","modified_gmt":"2025-11-11T18:28:28","slug":"sandale-cutigliano-von-man-mod-flip-flops-in-leder-flex-realisiert-fur-ghila","status":"publish","type":"product","link":"https:\/\/www.mariodoni.it\/de\/prodotto\/sandale-cutigliano-von-man-mod-flip-flops-in-leder-flex-realisiert-fur-ghila\/","title":{"rendered":"Sandale Cutigliano von Man mod. Flip-Flops in Leder Flex realisiert f\u00fcr ghila"},"content":{"rendered":"<h2>Herren-Zehentrenner aus Leder \u2013 Modell Cutigliano<\/h2>\n<p><span class=\"VIiyi\" lang=\"de\"><span class=\"JLqJ4b ChMk0b\" data-language-for-alternatives=\"de\" data-language-to-translate-into=\"it\" data-phrase-index=\"1\" data-number-of-phrases=\"6\">Sandale flip flop f\u00fcr Herren mod. Cutigliano. <\/span><\/span>Ma\u00dfgeschneiderte Sandalen aus flexiblem Leder und pflanzlich gegerbtem Leder.<\/p>\n<p>M\u00e4nner handgemacht Sandalen aus flexiblem Leder, die Sohle und die Einlegesohle sind aus in Lauf gefettetem Leder hergestellt und mit speziellen Techniken verarbeitet, die sie langlebig, aber flexibel machen und sich f\u00fcr einen \u00e4u\u00dferst komfortablen Gebrauch eignen.<\/p>\n<p>Das Leder, das wir verwenden, werden in der Toskana und haupts\u00e4chlich in der Provinz Pisa hergestellt, die in der Verarbeitung von Pflanzenledern eine lange Tradition hat.<br \/>\nWie alle unsere Produkte wird die Verarbeitung vollst\u00e4ndig von uns in unserem Labor durchgef\u00fchrt, um jede einzelne Phase direkt von der Materialauswahl aus zu steuern.<\/p>\n<p>Jede Verarbeitung wird auf die speziellen W\u00fcnsche des Kunden hin durchgef\u00fchrt, vom Schnitt \u00fcber die Naht, die Montage des gew\u00fcnschten Modells, die von Hand gefertigte Farbe und das Finish mit Wachsen, Cremes und nat\u00fcrlichen \u00d6len, die sich seidig anf\u00fchlen und einen Effekt erzielen Antike Ledersandale, um sie einzigartig und handgemacht zu machen.<\/p>\n<h3>Jede Sandale hat das Garantiezertifikat des Consorzio Vera Pelle al Vegetale.<\/h3>\n","protected":false},"excerpt":{"rendered":"<p><strong>Modell:<\/strong>\u00a0Cutigliano<br \/>\n<strong>Innensohle:<\/strong> Naturgegebertes Leder<br \/>\n<strong>Sohle:<\/strong> naturgegebertes leder Flex<\/p>\n<p><strong>Ferse:<\/strong> Naturegeberten leder\u00a0 und gummi 10 mm<br \/>\n<strong>Obermaterial:<\/strong> naturgegebertes Leder<br \/>\n<strong>Farbe<\/strong>:\u00a0Cacao<\/p>\n<p><span id=\"result_box\" class=\"short_text\" lang=\"de\">Erh\u00e4ltlich in 7 Tagen + Lieferung<\/span><\/p>\n","protected":false},"featured_media":6894,"comment_status":"closed","ping_status":"closed","template":"","meta":[],"product_brand":[],"product_cat":[3519,3522,3531,3532,3941,3137,3147,4081],"product_tag":[],"class_list":{"0":"post-13497","1":"product","2":"type-product","3":"status-publish","4":"has-post-thumbnail","6":"product_cat-002-ferse","7":"product_cat-003-farbe","8":"product_cat-005-polsterung","9":"product_cat-006-flex-leder","10":"product_cat-100-u-basic-uomo-de","11":"product_cat-flip-flops-de-2","12":"product_cat-ledersandalen-fur-manner-de","13":"product_cat-mod-cutigliano-sandali-uomo-artigianali-in-pelle-e-cuoio-realizzati-da-mario-doni-de","14":"pa_colore-amaranth-de","15":"pa_colore-antique-brown-de","16":"pa_colore-beige-de","17":"pa_colore-black-de","18":"pa_colore-blue-cobalt-de","19":"pa_colore-bottle-green-de","20":"pa_colore-cacao-de","21":"pa_colore-dark-brown-de","22":"pa_colore-gold-de","23":"pa_colore-leather-de","24":"pa_colore-lilac-de","25":"pa_colore-natural-de","26":"pa_colore-night-blue-de","27":"pa_colore-orange-de","28":"pa_colore-pink-de","29":"pa_colore-red-de","30":"pa_colore-silver-de","31":"pa_colore-stierkampf","32":"pa_colore-taupe-de","33":"pa_colore-turquoise-de","34":"pa_colore-turtledove","35":"pa_colore-violet-de","36":"pa_colore-white-de","37":"pa_colore-yellow-mustard-de","38":"pa_imbottitura-padding-de","39":"pa_taglia-groesse-38","40":"pa_taglia-groesse-39","41":"pa_taglia-groesse-40","42":"pa_taglia-groesse-41","43":"pa_taglia-groesse-42","44":"pa_taglia-groesse-43","45":"pa_taglia-groesse-44","46":"pa_taglia-groesse-45","47":"pa_taglia-groesse-46","48":"pa_taglia-groesse-47","49":"pa_taglia-groesse-48","51":"first","52":"instock","53":"taxable","54":"shipping-taxable","55":"purchasable","56":"product-type-variable"},"_links":{"self":[{"href":"https:\/\/www.mariodoni.it\/de\/wp-json\/wp\/v2\/product\/13497","targetHints":{"allow":["GET"]}}],"collection":[{"href":"https:\/\/www.mariodoni.it\/de\/wp-json\/wp\/v2\/product"}],"about":[{"href":"https:\/\/www.mariodoni.it\/de\/wp-json\/wp\/v2\/types\/product"}],"replies":[{"embeddable":true,"href":"https:\/\/www.mariodoni.it\/de\/wp-json\/wp\/v2\/comments?post=13497"}],"wp:featuredmedia":[{"embeddable":true,"href":"https:\/\/www.mariodoni.it\/de\/wp-json\/wp\/v2\/media\/6894"}],"wp:attachment":[{"href":"https:\/\/www.mariodoni.it\/de\/wp-json\/wp\/v2\/media?parent=13497"}],"wp:term":[{"taxonomy":"product_brand","embeddable":true,"href":"https:\/\/www.mariodoni.it\/de\/wp-json\/wp\/v2\/product_brand?post=13497"},{"taxonomy":"product_cat","embeddable":true,"href":"https:\/\/www.mariodoni.it\/de\/wp-json\/wp\/v2\/product_cat?post=13497"},{"taxonomy":"product_tag","embeddable":true,"href":"https:\/\/www.mariodoni.it\/de\/wp-json\/wp\/v2\/product_tag?post=13497"}],"curies":[{"name":"wp","href":"https:\/\/api.w.org\/{rel}","templated":true}]}}