{"id":13476,"date":"2017-07-08T09:06:25","date_gmt":"2017-07-08T07:06:25","guid":{"rendered":"https:\/\/www.mariodoni.it\/prodotto\/sandale-cortona-fur-kinder-realisiert-fur-roby\/"},"modified":"2025-11-11T19:42:12","modified_gmt":"2025-11-11T18:42:12","slug":"flip-flop-sandale-aus-leder-fuer-kinder","status":"publish","type":"product","link":"https:\/\/www.mariodoni.it\/de\/prodotto\/flip-flop-sandale-aus-leder-fuer-kinder\/","title":{"rendered":"Sandale Cortona f\u00fcr Kinder realisiert f\u00fcr Roby"},"content":{"rendered":"<h2>Kindersandale Cortona aus pflanzlich gegerbtem Leder: handgefertigter Komfort und Stil<\/h2>\n<p>Die Kindersandale Cortona wird in der Toskana von Hand aus pflanzlich gegerbtem Leder gefertigt. Weich, flexibel und mit nat\u00fcrlichen Wachsen veredelt, vereint sie Qualit\u00e4t und zeitlose Handwerkskunst.<\/p>\n<p><span class=\"VIiyi\" lang=\"de\"><span class=\"JLqJ4b ChMk0b\" data-language-for-alternatives=\"de\" data-language-to-translate-into=\"it\" data-phrase-index=\"4\" data-number-of-phrases=\"6\">Flip Flops f\u00fcr Kinder Mod.<\/span> <span class=\"JLqJ4b ChMk0b\" data-language-for-alternatives=\"de\" data-language-to-translate-into=\"it\" data-phrase-index=\"5\" data-number-of-phrases=\"6\">Cortona. <\/span><\/span>Ma\u00dfgeschneiderte Sandalen aus flexiblem Leder und pflanzlich gegerbtem Leder.<\/p>\n<p>Jede Verarbeitungsstufe der Sandale wird in unserer Werkstatt durchgef\u00fchrt, um das Produkt von der Wahl der Rohstoffe, jedem Verarbeitungsschritt bis hin zu der Endbearbeitung, Verpackung und Lieferung an den Kunden zu folgen.<\/p>\n<p>Die Verarbeitung der Sandale beginnt mit dem Schneiden des Leders f\u00fcr die Sohle, Einlegesohle und Absatz und folgt mit dem Schnitt des pflanzlich gegerbten Leders f\u00fcr das Oberleder.<\/p>\n<p>Die Montage der Komponenten wird f\u00fcr jeden Kunden unter Ber\u00fccksichtigung der gew\u00fcnschten \u00c4nderungen durchgef\u00fchrt.<\/p>\n<p>Auch f\u00fcr die Flip-Flop-Sandale aus Leder f\u00fcr Kinder \u2013 Mod. Cortona, die F\u00e4rbung erfolgt per Hand am St\u00fcck und auch aus diesem Grund ist jede Sandale ein Unikat.<\/p>\n<p>Die Fertigstellung wird mit Wachsen, Cremes und nat\u00fcrlichen \u00d6len durchgef\u00fchrt, die dem Leder einen seidigen und Antik-Effekt geben.<\/p>\n","protected":false},"excerpt":{"rendered":"<p><strong>Modell:<\/strong>\u00a0Cortona<br \/>\n<strong>Innensohle:<\/strong> naturgegebertes leder und N\u00e4hen<br \/>\n<strong>Sohle:<\/strong> naturgegebertes leder<\/p>\n<p><strong>Ferse:<\/strong> Leder 3 mm<br \/>\n<strong>Obermaterial:<\/strong>\u00a0Leder<br \/>\n<strong>Farbe<\/strong>: White<\/p>\n<p><span id=\"result_box\" class=\"short_text\" lang=\"de\">Erh\u00e4ltlich in 7 Tagen + Lieferung<\/span><\/p>\n","protected":false},"featured_media":6777,"comment_status":"closed","ping_status":"closed","template":"","meta":[],"product_brand":[],"product_cat":[3644,3645,3518,3522,3151],"product_tag":[],"class_list":{"0":"post-13476","1":"product","2":"type-product","3":"status-publish","4":"has-post-thumbnail","6":"product_cat-101-b-dynamisch-kind","7":"product_cat-mod-cortona-de-3","8":"product_cat-001-nahen","9":"product_cat-003-farbe","10":"product_cat-kindersandalen-aus-leder-de","11":"pa_colore-amaranth-de","12":"pa_colore-antique-brown-de","13":"pa_colore-beige-de","14":"pa_colore-black-de","15":"pa_colore-blue-cobalt-de","16":"pa_colore-bottle-green-de","17":"pa_colore-cacao-de","18":"pa_colore-dark-brown-de","19":"pa_colore-gold-de","20":"pa_colore-leather-de","21":"pa_colore-lilac-de","22":"pa_colore-natural-de","23":"pa_colore-night-blue-de","24":"pa_colore-orange-de","25":"pa_colore-pink-de","26":"pa_colore-red-de","27":"pa_colore-silver-de","28":"pa_colore-stierkampf","29":"pa_colore-taupe-de","30":"pa_colore-turquoise-de","31":"pa_colore-turtledove","32":"pa_colore-violet-de","33":"pa_colore-white-de","34":"pa_colore-yellow-mustard-de","35":"pa_taglia-groesse-24","36":"pa_taglia-groesse-25","37":"pa_taglia-groesse-26","38":"pa_taglia-groesse-27","39":"pa_taglia-groesse-28","40":"pa_taglia-groesse-29","41":"pa_taglia-groesse-30","42":"pa_taglia-groesse-31","43":"pa_taglia-groesse-32","44":"pa_taglia-groesse-33","45":"pa_taglia-groesse-34","46":"pa_taglia-groesse-35","47":"pa_taglia-groesse-36","48":"pa_taglia-groesse-37","50":"first","51":"instock","52":"taxable","53":"shipping-taxable","54":"purchasable","55":"product-type-variable"},"_links":{"self":[{"href":"https:\/\/www.mariodoni.it\/de\/wp-json\/wp\/v2\/product\/13476","targetHints":{"allow":["GET"]}}],"collection":[{"href":"https:\/\/www.mariodoni.it\/de\/wp-json\/wp\/v2\/product"}],"about":[{"href":"https:\/\/www.mariodoni.it\/de\/wp-json\/wp\/v2\/types\/product"}],"replies":[{"embeddable":true,"href":"https:\/\/www.mariodoni.it\/de\/wp-json\/wp\/v2\/comments?post=13476"}],"wp:featuredmedia":[{"embeddable":true,"href":"https:\/\/www.mariodoni.it\/de\/wp-json\/wp\/v2\/media\/6777"}],"wp:attachment":[{"href":"https:\/\/www.mariodoni.it\/de\/wp-json\/wp\/v2\/media?parent=13476"}],"wp:term":[{"taxonomy":"product_brand","embeddable":true,"href":"https:\/\/www.mariodoni.it\/de\/wp-json\/wp\/v2\/product_brand?post=13476"},{"taxonomy":"product_cat","embeddable":true,"href":"https:\/\/www.mariodoni.it\/de\/wp-json\/wp\/v2\/product_cat?post=13476"},{"taxonomy":"product_tag","embeddable":true,"href":"https:\/\/www.mariodoni.it\/de\/wp-json\/wp\/v2\/product_tag?post=13476"}],"curies":[{"name":"wp","href":"https:\/\/api.w.org\/{rel}","templated":true}]}}