{"id":13378,"date":"2017-03-31T09:44:09","date_gmt":"2017-03-31T07:44:09","guid":{"rendered":"https:\/\/www.mariodoni.it\/prodotto\/clogs-francesca-frau-realisiert-fur-el83\/"},"modified":"2025-11-12T19:45:15","modified_gmt":"2025-11-12T18:45:15","slug":"handgefertigte-damenclogs-aus-leder-und-holz-mod-francesca","status":"publish","type":"product","link":"https:\/\/www.mariodoni.it\/de\/prodotto\/handgefertigte-damenclogs-aus-leder-und-holz-mod-francesca\/","title":{"rendered":"Clogs Francesca Frau realisiert f\u00fcr el83"},"content":{"rendered":"<h2>Damen Clog Francesca aus vegetabil gegerbtem Leder: handwerkliche Eleganz und nat\u00fcrlicher Komfort<\/h2>\n<p>Dieser in der Toskana gefertigte Clog vereint robustes Holz mit weichem vegetabil gegerbtem Leder. Der geformte Absatz und das von Hand gef\u00e4rbte Obermaterial verbinden Komfort und Stil zu einem authentischen St\u00fcck italienischer Handwerkskunst.<\/p>\n<p><span class=\"HwtZe\" lang=\"de\"><span class=\"jCAhz ChMk0b\"><span class=\"ryNqvb\">Handgefertigte Damenclogs aus Leder und Holz \u2013 Mod. Francesca, H\u00f6he 7 cm. <\/span><\/span><\/span>Clogs aus Holz nach bester toskanischer handwerklicher Tradition hergestellt.<\/p>\n<p>Oberleder aus echtem pflanzlich gegerbtem Leder in einer breiten Auswahl an Farben, damit Sie Freude an Ihren Sommer schenken<\/p>\n<p>Jede Verarbeitungsstufe der Sandale wird in unserer Werkstatt durchgef\u00fchrt, um das Produkt von der Wahl der Rohstoffe, jedem Verarbeitungsschritt bis hin zu der Endbearbeitung, Verpackung und Lieferung an den Kunden zu folgen.<\/p>\n<p>Die Verarbeitung der Sandale beginnt mit dem Schneiden des Leders f\u00fcr die Sohle, Einlegesohle und Absatz und folgt mit dem Schnitt des pflanzlich gegerbten Leders f\u00fcr das Oberleder.<\/p>\n<p>Die Montage der Komponenten wird f\u00fcr jeden Kunden unter Ber\u00fccksichtigung der gew\u00fcnschten \u00c4nderungen durchgef\u00fchrt.<\/p>\n<p>Auch bei den Handgefertigte Damenclogs aus Leder und Holz erfolgt die Farbgebung von Hand am St\u00fcck und auch aus diesem Grund ist jeder Clog ein Unikat.<\/p>\n<p>Die Fertigstellung wird mit Wachsen, Cremes und nat\u00fcrlichen \u00d6len durchgef\u00fchrt, die dem Leder einen seidigen und Antik-Effekt geben.<\/p>\n","protected":false},"excerpt":{"rendered":"<p><strong>Modell:<\/strong>\u00a0Francesca<br \/>\n<strong>Holzsandale Farbe:<\/strong> Leather<br \/>\n<strong>Ferse:<\/strong> Clogs\u00a0 Holzkeil 7 cm<\/p>\n<p><strong>Obermaterial:<\/strong> Echtes pflanzlich gegerbtes Leder<br \/>\n<strong>Farbe:<\/strong> Red<\/p>\n<p>Erh\u00e4ltlich in 7 Tagen + Lieferung<\/p>\n","protected":false},"featured_media":6177,"comment_status":"closed","ping_status":"closed","template":"","meta":[],"product_brand":[],"product_cat":[3602,3635,3522,3535,3153],"product_tag":[],"class_list":{"0":"post-13378","1":"product","2":"type-product","3":"status-publish","4":"has-post-thumbnail","6":"product_cat-120-d-basic-clog-frau","7":"product_cat-mod-francesca-de","8":"product_cat-003-farbe","9":"product_cat-052-fersenverstopfung-7","10":"product_cat-clogs-fur-frauen-de","11":"pa_altezza-tacco-wooden-clogs-heel-7-de","12":"pa_colore-amaranth-de","13":"pa_colore-antique-brown-de","14":"pa_colore-beige-de","15":"pa_colore-black-de","16":"pa_colore-blue-cobalt-de","17":"pa_colore-bottle-green-de","18":"pa_colore-cacao-de","19":"pa_colore-dark-brown-de","20":"pa_colore-gold-de","21":"pa_colore-leather-de","22":"pa_colore-lilac-de","23":"pa_colore-natural-de","24":"pa_colore-night-blue-de","25":"pa_colore-orange-de","26":"pa_colore-pink-de","27":"pa_colore-red-de","28":"pa_colore-silver-de","29":"pa_colore-stierkampf","30":"pa_colore-taupe-de","31":"pa_colore-turquoise-de","32":"pa_colore-turtledove","33":"pa_colore-violet-de","34":"pa_colore-white-de","35":"pa_colore-yellow-mustard-de","36":"pa_colore-zoccolo-black-de","37":"pa_colore-zoccolo-blue-de","38":"pa_colore-zoccolo-dark-brown-de","39":"pa_colore-zoccolo-green-de","40":"pa_colore-zoccolo-leather-de","41":"pa_colore-zoccolo-lilac-de","42":"pa_colore-zoccolo-natural-de","43":"pa_colore-zoccolo-orange-de","44":"pa_colore-zoccolo-red-de","45":"pa_colore-zoccolo-yellow-de","46":"pa_taglia-groesse-35","47":"pa_taglia-groesse-36","48":"pa_taglia-groesse-37","49":"pa_taglia-groesse-38","50":"pa_taglia-groesse-39","51":"pa_taglia-groesse-40","52":"pa_taglia-groesse-41","54":"first","55":"instock","56":"taxable","57":"shipping-taxable","58":"purchasable","59":"product-type-variable"},"_links":{"self":[{"href":"https:\/\/www.mariodoni.it\/de\/wp-json\/wp\/v2\/product\/13378","targetHints":{"allow":["GET"]}}],"collection":[{"href":"https:\/\/www.mariodoni.it\/de\/wp-json\/wp\/v2\/product"}],"about":[{"href":"https:\/\/www.mariodoni.it\/de\/wp-json\/wp\/v2\/types\/product"}],"replies":[{"embeddable":true,"href":"https:\/\/www.mariodoni.it\/de\/wp-json\/wp\/v2\/comments?post=13378"}],"wp:featuredmedia":[{"embeddable":true,"href":"https:\/\/www.mariodoni.it\/de\/wp-json\/wp\/v2\/media\/6177"}],"wp:attachment":[{"href":"https:\/\/www.mariodoni.it\/de\/wp-json\/wp\/v2\/media?parent=13378"}],"wp:term":[{"taxonomy":"product_brand","embeddable":true,"href":"https:\/\/www.mariodoni.it\/de\/wp-json\/wp\/v2\/product_brand?post=13378"},{"taxonomy":"product_cat","embeddable":true,"href":"https:\/\/www.mariodoni.it\/de\/wp-json\/wp\/v2\/product_cat?post=13378"},{"taxonomy":"product_tag","embeddable":true,"href":"https:\/\/www.mariodoni.it\/de\/wp-json\/wp\/v2\/product_tag?post=13378"}],"curies":[{"name":"wp","href":"https:\/\/api.w.org\/{rel}","templated":true}]}}