{"id":13375,"date":"2017-03-31T05:54:15","date_gmt":"2017-03-31T03:54:15","guid":{"rendered":"https:\/\/www.mariodoni.it\/prodotto\/clogs-franca-frau-realisiert-von-p-v\/"},"modified":"2025-11-13T11:59:49","modified_gmt":"2025-11-13T10:59:49","slug":"lederclog-mit-hohem-absatz-damen-mod-franca","status":"publish","type":"product","link":"https:\/\/www.mariodoni.it\/de\/prodotto\/lederclog-mit-hohem-absatz-damen-mod-franca\/","title":{"rendered":"Clogs Franca Frau realisiert von P.V."},"content":{"rendered":"<h2>Damen-Zoccolo Franca aus pflanzlich gegerbtem Leder in Flaschengr\u00fcn mit Holzabsatz<\/h2>\n<p>Der Damen-Zoccolo Franca wird in toskanischer Handarbeit gefertigt \u2013 mit einem 10 cm hohen Holzabsatz und einem Schaft aus pflanzlich gegerbtem Leder. Durch die Veredelung mit nat\u00fcrlichen Wachsen und \u00d6len entsteht ein weiches Finish und jedes Paar wird zu einem echten Unikat.<\/p>\n<p><span class=\"HwtZe\" lang=\"de\"><span class=\"jCAhz ChMk0b\"><span class=\"ryNqvb\">Lederclog mit hohem Absatz \u2013 Damen, Mod. Franca, H\u00f6he 10 cm. <\/span><\/span><\/span>Clogs aus Holz nach bester toskanischer handwerklicher Tradition hergestellt. Oberleder aus echtem pflanzlich gegerbtem Leder in einer breiten Auswahl an Farben, damit Sie Freude an Ihren Sommer schenken<\/p>\n<p>Jede Verarbeitungsstufe der Sandale wird in unserer Werkstatt durchgef\u00fchrt, um das Produkt von der Wahl der Rohstoffe, jedem Verarbeitungsschritt bis hin zu der Endbearbeitung, Verpackung und Lieferung an den Kunden zu folgen.<\/p>\n<p>Die Verarbeitung der Sandale beginnt mit dem Schneiden des Leders f\u00fcr die Sohle, Einlegesohle und Absatz und folgt mit dem Schnitt des pflanzlich gegerbten Leders f\u00fcr das Oberleder.<\/p>\n<p>Die Montage der Komponenten wird f\u00fcr jeden Kunden unter Ber\u00fccksichtigung der gew\u00fcnschten \u00c4nderungen durchgef\u00fchrt.<\/p>\n<p>Auch beim Lederclog mit hohem Absatz &#8211; Damen Mod. Franca wird die F\u00e4rbung von Hand am Kleidungsst\u00fcck vorgenommen, und auch aus diesem Grund ist jeder Clog ein Unikat<\/p>\n<p>Die Fertigstellung wird mit Wachsen, Cremes und nat\u00fcrlichen \u00d6len durchgef\u00fchrt, die dem Leder einen seidigen und Antik-Effekt geben.<\/p>\n","protected":false},"excerpt":{"rendered":"<p><strong>Modell:<\/strong>\u00a0Franca<br \/>\n<strong>Holzsandale Farbe:<\/strong>\u00a0Red<br \/>\n<strong>Ferse:<\/strong> Clogs\u00a0 Holzkeil 10 cm<\/p>\n<p><strong>Obermaterial:<\/strong> Echtes pflanzlich gegerbtes Leder<br \/>\n<strong>Farbe:<\/strong> Bottle Green<\/p>\n<p><strong>Bl\u00fctenfarbe:<\/strong>\u00a0Red<\/p>\n<p>Erh\u00e4ltlich in 7 Tagen + Lieferung<\/p>\n","protected":false},"featured_media":6156,"comment_status":"closed","ping_status":"closed","template":"","meta":[],"product_brand":[],"product_cat":[3622,3634,3522,3536,3153],"product_tag":[],"class_list":{"0":"post-13375","1":"product","2":"type-product","3":"status-publish","4":"has-post-thumbnail","6":"product_cat-122-d-gold-clog-damen","7":"product_cat-mod-franca-de","8":"product_cat-003-farbe","9":"product_cat-053-absatz-10-clog","10":"product_cat-clogs-fur-frauen-de","11":"pa_altezza-tacco-wooden-clogs-heel-10-de","12":"pa_colore-amaranth-de","13":"pa_colore-antique-brown-de","14":"pa_colore-beige-de","15":"pa_colore-black-de","16":"pa_colore-blue-cobalt-de","17":"pa_colore-bottle-green-de","18":"pa_colore-cacao-de","19":"pa_colore-dark-brown-de","20":"pa_colore-gold-de","21":"pa_colore-leather-de","22":"pa_colore-lilac-de","23":"pa_colore-natural-de","24":"pa_colore-night-blue-de","25":"pa_colore-orange-de","26":"pa_colore-pink-de","27":"pa_colore-red-de","28":"pa_colore-silver-de","29":"pa_colore-stierkampf","30":"pa_colore-taupe-de","31":"pa_colore-turquoise-de","32":"pa_colore-turtledove","33":"pa_colore-violet-de","34":"pa_colore-white-de","35":"pa_colore-yellow-mustard-de","36":"pa_colore-fiore-amaranth-de","37":"pa_colore-fiore-antique-brown-de","38":"pa_colore-fiore-black-de","39":"pa_colore-fiore-blue-cobalt-de","40":"pa_colore-fiore-bottle-green-de","41":"pa_colore-fiore-cacao-de","42":"pa_colore-fiore-dark-brown-de","43":"pa_colore-fiore-leather-de","44":"pa_colore-fiore-lilac-de","45":"pa_colore-fiore-natural-de","46":"pa_colore-fiore-night-blue-de","47":"pa_colore-fiore-orange-de","48":"pa_colore-fiore-pink-de","49":"pa_colore-fiore-red-de","50":"pa_colore-fiore-taupe-de","51":"pa_colore-fiore-turquoise-de","52":"pa_colore-fiore-violet-de","53":"pa_colore-fiore-white-de","54":"pa_colore-fiore-yellow-mustard-de","55":"pa_colore-zoccolo-black-de","56":"pa_colore-zoccolo-blue-de","57":"pa_colore-zoccolo-dark-brown-de","58":"pa_colore-zoccolo-green-de","59":"pa_colore-zoccolo-leather-de","60":"pa_colore-zoccolo-lilac-de","61":"pa_colore-zoccolo-natural-de","62":"pa_colore-zoccolo-orange-de","63":"pa_colore-zoccolo-red-de","64":"pa_colore-zoccolo-yellow-de","65":"pa_taglia-groesse-35","66":"pa_taglia-groesse-36","67":"pa_taglia-groesse-37","68":"pa_taglia-groesse-38","69":"pa_taglia-groesse-39","70":"pa_taglia-groesse-40","71":"pa_taglia-groesse-41","72":"pa_taglia-groesse-42","74":"first","75":"instock","76":"taxable","77":"shipping-taxable","78":"purchasable","79":"product-type-variable"},"_links":{"self":[{"href":"https:\/\/www.mariodoni.it\/de\/wp-json\/wp\/v2\/product\/13375","targetHints":{"allow":["GET"]}}],"collection":[{"href":"https:\/\/www.mariodoni.it\/de\/wp-json\/wp\/v2\/product"}],"about":[{"href":"https:\/\/www.mariodoni.it\/de\/wp-json\/wp\/v2\/types\/product"}],"replies":[{"embeddable":true,"href":"https:\/\/www.mariodoni.it\/de\/wp-json\/wp\/v2\/comments?post=13375"}],"wp:featuredmedia":[{"embeddable":true,"href":"https:\/\/www.mariodoni.it\/de\/wp-json\/wp\/v2\/media\/6156"}],"wp:attachment":[{"href":"https:\/\/www.mariodoni.it\/de\/wp-json\/wp\/v2\/media?parent=13375"}],"wp:term":[{"taxonomy":"product_brand","embeddable":true,"href":"https:\/\/www.mariodoni.it\/de\/wp-json\/wp\/v2\/product_brand?post=13375"},{"taxonomy":"product_cat","embeddable":true,"href":"https:\/\/www.mariodoni.it\/de\/wp-json\/wp\/v2\/product_cat?post=13375"},{"taxonomy":"product_tag","embeddable":true,"href":"https:\/\/www.mariodoni.it\/de\/wp-json\/wp\/v2\/product_tag?post=13375"}],"curies":[{"name":"wp","href":"https:\/\/api.w.org\/{rel}","templated":true}]}}