{"id":13360,"date":"2017-03-20T17:09:15","date_gmt":"2017-03-20T16:09:15","guid":{"rendered":"https:\/\/www.mariodoni.it\/prodotto\/die-antishock-leder-einlegesohle\/"},"modified":"2025-11-13T12:12:49","modified_gmt":"2025-11-13T11:12:49","slug":"die-antishock-leder-einlegesohle","status":"publish","type":"product","link":"https:\/\/www.mariodoni.it\/de\/prodotto\/die-antishock-leder-einlegesohle\/","title":{"rendered":"Die Antishock Leder Einlegesohle"},"content":{"rendered":"<h2>Antishock-Einlegesohle aus echtem Leder f\u00fcr nat\u00fcrlichen Komfort und handwerkliche Qualit\u00e4t<\/h2>\n<p>Die Antishock-Einlegesohle aus echtem Leder vereint toskanische Handwerkskunst mit modernem Tragekomfort. Pflanzlich gegerbtes Leder und weicher Latex d\u00e4mpfen Ersch\u00fctterungen und f\u00f6rdern eine angenehme Bel\u00fcftung des Fu\u00dfes. Ideal f\u00fcr alle, die lange stehen und Wert auf Qualit\u00e4t Made in Italy legen.<\/p>\n<p>Die Leder Einlegesohle von eine bessere Eigenschaft gibt eine naturliche Ausdunstung von dem Fuss um trocken\u00a0 zu erhalten und sie einschrankt Schwitzen und schlechte Geruche.<\/p>\n<p>Die Mikrocapseln, dass sur die Einlegesohle sind, haben eine Massage kombiniert mit dem speziellen Bohren fur bessere Beluftung und hohere Atmungsaktivitat zu ermoglichen<\/p>\n","protected":false},"excerpt":{"rendered":"<p><strong>Modell:\u00a0<\/strong> Die Antishock Leder Einlegesohle<\/p>\n<p>Erh\u00e4ltlich in 3\u00a0Tagen + Lieferung<\/p>\n","protected":false},"featured_media":6075,"comment_status":"closed","ping_status":"closed","template":"","meta":[],"product_brand":[],"product_cat":[2679],"product_tag":[],"class_list":{"0":"post-13360","1":"product","2":"type-product","3":"status-publish","4":"has-post-thumbnail","6":"product_cat-orthesen-und-einlegesohlen","7":"pa_taglia-solette-36-39-2","8":"pa_taglia-solette-40-43-3","9":"pa_taglia-solette-44-47-2","11":"first","12":"instock","13":"taxable","14":"shipping-taxable","15":"purchasable","16":"product-type-variable"},"_links":{"self":[{"href":"https:\/\/www.mariodoni.it\/de\/wp-json\/wp\/v2\/product\/13360","targetHints":{"allow":["GET"]}}],"collection":[{"href":"https:\/\/www.mariodoni.it\/de\/wp-json\/wp\/v2\/product"}],"about":[{"href":"https:\/\/www.mariodoni.it\/de\/wp-json\/wp\/v2\/types\/product"}],"replies":[{"embeddable":true,"href":"https:\/\/www.mariodoni.it\/de\/wp-json\/wp\/v2\/comments?post=13360"}],"wp:featuredmedia":[{"embeddable":true,"href":"https:\/\/www.mariodoni.it\/de\/wp-json\/wp\/v2\/media\/6075"}],"wp:attachment":[{"href":"https:\/\/www.mariodoni.it\/de\/wp-json\/wp\/v2\/media?parent=13360"}],"wp:term":[{"taxonomy":"product_brand","embeddable":true,"href":"https:\/\/www.mariodoni.it\/de\/wp-json\/wp\/v2\/product_brand?post=13360"},{"taxonomy":"product_cat","embeddable":true,"href":"https:\/\/www.mariodoni.it\/de\/wp-json\/wp\/v2\/product_cat?post=13360"},{"taxonomy":"product_tag","embeddable":true,"href":"https:\/\/www.mariodoni.it\/de\/wp-json\/wp\/v2\/product_tag?post=13360"}],"curies":[{"name":"wp","href":"https:\/\/api.w.org\/{rel}","templated":true}]}}