{"id":13357,"date":"2017-03-19T08:37:08","date_gmt":"2017-03-19T07:37:08","guid":{"rendered":"https:\/\/www.mariodoni.it\/prodotto\/relax-fusbett-in-leder\/"},"modified":"2025-11-13T12:13:03","modified_gmt":"2025-11-13T11:13:03","slug":"relax-fusbett-in-leder","status":"publish","type":"product","link":"https:\/\/www.mariodoni.it\/de\/prodotto\/relax-fusbett-in-leder\/","title":{"rendered":"Relax Fu\u00dfbett in Leder"},"content":{"rendered":"<h2>Relax-Einlage aus echtem Leder: handgefertigter Komfort und nat\u00fcrliche Unterst\u00fctzung<\/h2>\n<p>Die Relax-Einlage aus echtem Leder wird in der Toskana handgefertigt und passt sich dank Visco-Latex perfekt der Fu\u00dfform an. Sie bietet sanfte Unterst\u00fctzung und sp\u00fcrbaren Komfort mit authentischer italienischer Qualit\u00e4t.<\/p>\n<p>Die anatomische Relax <span lang=\"de\">Fu\u00dfbett <\/span>abwickelt eine physilogische Aktionen mehr vergnungt ohne die naturliche Form des Fusses verbessern. Die Egenschaften des Innovative Visco-latex Einlagen ermoglichen Entspannung von Schimmel basierend auf Fussabdruck, garantiert mehr Komfort und ein wahres Wohlbefinden. Harte naturlich unterstutz den Bogen, und fugen Sie dem Support unter der Ferse spielt eine vorbeugende Wirkung um chronische Wunden zu heilen. Die Wahre Naturleder Schweiss absorbiert und halt ein Gehful der frische an den Fuss<\/p>\n","protected":false},"excerpt":{"rendered":"<p><strong>Modell:<\/strong> Relax <span lang=\"de\">Fu\u00dfbett in <\/span>Leder<\/p>\n<p>Erh\u00e4ltlich in 3\u00a0Tagen + Lieferung<\/p>\n","protected":false},"featured_media":6059,"comment_status":"closed","ping_status":"closed","template":"","meta":[],"product_brand":[],"product_cat":[2679],"product_tag":[],"class_list":{"0":"post-13357","1":"product","2":"type-product","3":"status-publish","4":"has-post-thumbnail","6":"product_cat-orthesen-und-einlegesohlen","7":"pa_taglia-groesse-35","8":"pa_taglia-groesse-36","9":"pa_taglia-groesse-37","10":"pa_taglia-groesse-38","11":"pa_taglia-groesse-39","12":"pa_taglia-groesse-40","13":"pa_taglia-groesse-41","14":"pa_taglia-groesse-42","15":"pa_taglia-groesse-43","16":"pa_taglia-groesse-44","17":"pa_taglia-groesse-45","18":"pa_taglia-groesse-46","20":"first","21":"instock","22":"taxable","23":"shipping-taxable","24":"purchasable","25":"product-type-variable"},"_links":{"self":[{"href":"https:\/\/www.mariodoni.it\/de\/wp-json\/wp\/v2\/product\/13357","targetHints":{"allow":["GET"]}}],"collection":[{"href":"https:\/\/www.mariodoni.it\/de\/wp-json\/wp\/v2\/product"}],"about":[{"href":"https:\/\/www.mariodoni.it\/de\/wp-json\/wp\/v2\/types\/product"}],"replies":[{"embeddable":true,"href":"https:\/\/www.mariodoni.it\/de\/wp-json\/wp\/v2\/comments?post=13357"}],"wp:featuredmedia":[{"embeddable":true,"href":"https:\/\/www.mariodoni.it\/de\/wp-json\/wp\/v2\/media\/6059"}],"wp:attachment":[{"href":"https:\/\/www.mariodoni.it\/de\/wp-json\/wp\/v2\/media?parent=13357"}],"wp:term":[{"taxonomy":"product_brand","embeddable":true,"href":"https:\/\/www.mariodoni.it\/de\/wp-json\/wp\/v2\/product_brand?post=13357"},{"taxonomy":"product_cat","embeddable":true,"href":"https:\/\/www.mariodoni.it\/de\/wp-json\/wp\/v2\/product_cat?post=13357"},{"taxonomy":"product_tag","embeddable":true,"href":"https:\/\/www.mariodoni.it\/de\/wp-json\/wp\/v2\/product_tag?post=13357"}],"curies":[{"name":"wp","href":"https:\/\/api.w.org\/{rel}","templated":true}]}}