{"id":13345,"date":"2017-03-18T16:35:25","date_gmt":"2017-03-18T15:35:25","guid":{"rendered":"https:\/\/www.mariodoni.it\/prodotto\/sandale-poppi-fur-kinder-realisiert-fur-betty\/"},"modified":"2025-11-13T12:13:36","modified_gmt":"2025-11-13T11:13:36","slug":"handgefertigte-ledersandale-fuer-maedchen","status":"publish","type":"product","link":"https:\/\/www.mariodoni.it\/de\/prodotto\/handgefertigte-ledersandale-fuer-maedchen\/","title":{"rendered":"Sandale Poppi f\u00fcr Kinder realisiert f\u00fcr Betty"},"content":{"rendered":"<h2>Poppi Sandale f\u00fcr M\u00e4dchen aus pflanzlich gegerbtem Leder, handgefertigter Komfort aus der Toskana<\/h2>\n<p>Die Poppi Sandale f\u00fcr M\u00e4dchen wird in der Toskana aus pflanzlich gegerbtem Leder handgefertigt und verbindet feine Materialien mit traditioneller Verarbeitung. Die Ledersohle und das weich gepolsterte Fu\u00dfbett sorgen f\u00fcr nat\u00fcrlichen Komfort und einen eleganten Look mit italienischem Charakter.<\/p>\n<p>Ma\u00dfgeschneiderte Sandalen aus Leder und pflanzlich gegerbtem Leder. Jede Verarbeitungsstufe der Sandale wird in unserer Werkstatt durchgef\u00fchrt, um das Produkt von der Wahl der Rohstoffe, jedem Verarbeitungsschritt bis hin zu der Endbearbeitung, Verpackung und Lieferung an den Kunden zu folgen.<\/p>\n<p>Die Verarbeitung der Sandale beginnt mit dem Schneiden des Leders f\u00fcr die Sohle, Einlegesohle und Absatz und folgt mit dem Schnitt des pflanzlich gegerbten Leders f\u00fcr das Oberleder.<\/p>\n<p>Die Montage der Komponenten wird f\u00fcr jeden Kunden unter Ber\u00fccksichtigung der gew\u00fcnschten \u00c4nderungen durchgef\u00fchrt.<\/p>\n<p>Auch f\u00fcr die Handgefertigte Ledersandale f\u00fcr M\u00e4dchen &#8211; Mod. Poppi, die F\u00e4rbung erfolgt per Hand am St\u00fcck und auch aus diesem Grund ist jede Sandale ein Unikat.<\/p>\n<p>Die Fertigstellung wird mit Wachsen, Cremes und nat\u00fcrlichen \u00d6len durchgef\u00fchrt, die dem Leder einen seidigen und Antik-Effekt geben.<\/p>\n","protected":false},"excerpt":{"rendered":"<p><strong>Modell:<\/strong>\u00a0Poppi<br \/>\n<strong>Innensohle:<\/strong> Naturgegerbtes Leder<br \/>\n<strong>Sohle:<\/strong> naturgegebertes leder<\/p>\n<p><strong>Ferse:<\/strong> Leder 3 mm<br \/>\n<strong>Obermaterial:<\/strong> naturgegebertes Leder<br \/>\n<strong>Farbe<\/strong>: Pink<\/p>\n<p><span id=\"result_box\" class=\"short_text\" lang=\"de\">Erh\u00e4ltlich in 7 Tagen + Lieferung<\/span><\/p>\n","protected":false},"featured_media":6005,"comment_status":"closed","ping_status":"closed","template":"","meta":[],"product_brand":[],"product_cat":[3628,3631,3522,3531,3151],"product_tag":[],"class_list":{"0":"post-13345","1":"product","2":"type-product","3":"status-publish","4":"has-post-thumbnail","6":"product_cat-100-b-basic-kind","7":"product_cat-mod-poppi-de","8":"product_cat-003-farbe","9":"product_cat-005-polsterung","10":"product_cat-kindersandalen-aus-leder-de","11":"pa_colore-amaranth-de","12":"pa_colore-antique-brown-de","13":"pa_colore-beige-de","14":"pa_colore-black-de","15":"pa_colore-blue-cobalt-de","16":"pa_colore-bottle-green-de","17":"pa_colore-cacao-de","18":"pa_colore-dark-brown-de","19":"pa_colore-gold-de","20":"pa_colore-leather-de","21":"pa_colore-lilac-de","22":"pa_colore-natural-de","23":"pa_colore-night-blue-de","24":"pa_colore-orange-de","25":"pa_colore-pink-de","26":"pa_colore-red-de","27":"pa_colore-silver-de","28":"pa_colore-stierkampf","29":"pa_colore-taupe-de","30":"pa_colore-turquoise-de","31":"pa_colore-turtledove","32":"pa_colore-violet-de","33":"pa_colore-white-de","34":"pa_colore-yellow-mustard-de","35":"pa_taglia-groesse-24","36":"pa_taglia-groesse-25","37":"pa_taglia-groesse-26","38":"pa_taglia-groesse-27","39":"pa_taglia-groesse-28","40":"pa_taglia-groesse-29","41":"pa_taglia-groesse-30","42":"pa_taglia-groesse-31","43":"pa_taglia-groesse-32","44":"pa_taglia-groesse-33","45":"pa_taglia-groesse-34","46":"pa_taglia-groesse-35","47":"pa_taglia-groesse-36","48":"pa_taglia-groesse-37","50":"first","51":"instock","52":"taxable","53":"shipping-taxable","54":"purchasable","55":"product-type-variable"},"_links":{"self":[{"href":"https:\/\/www.mariodoni.it\/de\/wp-json\/wp\/v2\/product\/13345","targetHints":{"allow":["GET"]}}],"collection":[{"href":"https:\/\/www.mariodoni.it\/de\/wp-json\/wp\/v2\/product"}],"about":[{"href":"https:\/\/www.mariodoni.it\/de\/wp-json\/wp\/v2\/types\/product"}],"replies":[{"embeddable":true,"href":"https:\/\/www.mariodoni.it\/de\/wp-json\/wp\/v2\/comments?post=13345"}],"wp:featuredmedia":[{"embeddable":true,"href":"https:\/\/www.mariodoni.it\/de\/wp-json\/wp\/v2\/media\/6005"}],"wp:attachment":[{"href":"https:\/\/www.mariodoni.it\/de\/wp-json\/wp\/v2\/media?parent=13345"}],"wp:term":[{"taxonomy":"product_brand","embeddable":true,"href":"https:\/\/www.mariodoni.it\/de\/wp-json\/wp\/v2\/product_brand?post=13345"},{"taxonomy":"product_cat","embeddable":true,"href":"https:\/\/www.mariodoni.it\/de\/wp-json\/wp\/v2\/product_cat?post=13345"},{"taxonomy":"product_tag","embeddable":true,"href":"https:\/\/www.mariodoni.it\/de\/wp-json\/wp\/v2\/product_tag?post=13345"}],"curies":[{"name":"wp","href":"https:\/\/api.w.org\/{rel}","templated":true}]}}