{"id":13342,"date":"2017-03-18T14:16:53","date_gmt":"2017-03-18T13:16:53","guid":{"rendered":"https:\/\/www.mariodoni.it\/prodotto\/sandale-pianosa-fur-kinder-realisiert-fur-edy\/"},"modified":"2025-11-13T18:58:00","modified_gmt":"2025-11-13T17:58:00","slug":"flip-flop-sandale-aus-leder-fuer-kinder-2","status":"publish","type":"product","link":"https:\/\/www.mariodoni.it\/de\/prodotto\/flip-flop-sandale-aus-leder-fuer-kinder-2\/","title":{"rendered":"Sandale Pianosa f\u00fcr Kinder realisiert f\u00fcr edy"},"content":{"rendered":"<h2>Pianosa Kindersandale aus vegetabil gegerbtem Leder: Leichtigkeit und handwerklicher Komfort<\/h2>\n<p>Diese in der Toskana handgefertigte Sandale bietet nat\u00fcrlichen Halt und weiches Tragegef\u00fchl f\u00fcr Kinderf\u00fc\u00dfe. Vegetabil gegerbtes Leder und eine flexible Ledersohle sorgen f\u00fcr Komfort und Langlebigkeit, w\u00e4hrend nat\u00fcrliche Wachse und \u00d6le jedem Paar einen einzigartigen Charakter verleihen.<\/p>\n<p>Ma\u00dfgeschneiderte Sandalen aus flexiblem Leder und pflanzlich gegerbtem Leder. Jede Verarbeitungsstufe der Sandale wird in unserer Werkstatt durchgef\u00fchrt, um das Produkt von der Wahl der Rohstoffe, jedem Verarbeitungsschritt bis hin zu der Endbearbeitung, Verpackung und Lieferung an den Kunden zu folgen.<\/p>\n<p>Die Verarbeitung der Sandale beginnt mit dem Schneiden des Leders f\u00fcr die Sohle, Einlegesohle und Absatz und folgt mit dem Schnitt des pflanzlich gegerbten Leders f\u00fcr das Oberleder.<\/p>\n<p>Die Montage der Komponenten wird f\u00fcr jeden Kunden unter Ber\u00fccksichtigung der gew\u00fcnschten \u00c4nderungen durchgef\u00fchrt.<\/p>\n<p>Auch f\u00fcr die Flip-Flop-Sandale aus Leder f\u00fcr Kinder \u2013 Mod. Pianosa. Die F\u00e4rbung erfolgt von Hand direkt am St\u00fcck und auch aus diesem Grund ist jede Sandale ein Unikat.<\/p>\n<p>Die Fertigstellung wird mit Wachsen, Cremes und nat\u00fcrlichen \u00d6len durchgef\u00fchrt, die dem Leder einen seidigen und Antik-Effekt geben.<\/p>\n","protected":false},"excerpt":{"rendered":"<p><strong>Modell:<\/strong>\u00a0Pianosa<br \/>\n<strong>Innensohle:<\/strong> Gef\u00fcttert mit echtem Leder Gem\u00fcse und N\u00e4hen<br \/>\n<strong>Sohle:<\/strong> naturgegebertes leder<\/p>\n<p><strong>Ferse:<\/strong> Naturegeberten leder\u00a0 und gummi 10 mm<br \/>\n<strong>Obermaterial:<\/strong> naturgegebertes Leder<br \/>\n<strong>Farbe<\/strong>:\u00a0Leather<\/p>\n<p><span id=\"result_box\" class=\"short_text\" lang=\"de\">Erh\u00e4ltlich in 7 Tagen + Lieferung<\/span><\/p>\n","protected":false},"featured_media":5990,"comment_status":"closed","ping_status":"closed","template":"","meta":[],"product_brand":[],"product_cat":[3628,3630,3518,3519,3522,3531,3151],"product_tag":[],"class_list":{"0":"post-13342","1":"product","2":"type-product","3":"status-publish","4":"has-post-thumbnail","6":"product_cat-100-b-basic-kind","7":"product_cat-mod-pianosa-de-2","8":"product_cat-001-nahen","9":"product_cat-002-ferse","10":"product_cat-003-farbe","11":"product_cat-005-polsterung","12":"product_cat-kindersandalen-aus-leder-de","13":"pa_colore-amaranth-de","14":"pa_colore-antique-brown-de","15":"pa_colore-beige-de","16":"pa_colore-black-de","17":"pa_colore-blue-cobalt-de","18":"pa_colore-bottle-green-de","19":"pa_colore-cacao-de","20":"pa_colore-dark-brown-de","21":"pa_colore-gold-de","22":"pa_colore-leather-de","23":"pa_colore-lilac-de","24":"pa_colore-natural-de","25":"pa_colore-night-blue-de","26":"pa_colore-orange-de","27":"pa_colore-pink-de","28":"pa_colore-red-de","29":"pa_colore-silver-de","30":"pa_colore-stierkampf","31":"pa_colore-taupe-de","32":"pa_colore-turquoise-de","33":"pa_colore-turtledove","34":"pa_colore-violet-de","35":"pa_colore-white-de","36":"pa_colore-yellow-mustard-de","37":"pa_cucitura-seam-de","38":"pa_imbottitura-padding-de","39":"pa_taglia-groesse-24","40":"pa_taglia-groesse-25","41":"pa_taglia-groesse-26","42":"pa_taglia-groesse-27","43":"pa_taglia-groesse-28","44":"pa_taglia-groesse-29","45":"pa_taglia-groesse-30","46":"pa_taglia-groesse-31","47":"pa_taglia-groesse-32","48":"pa_taglia-groesse-33","49":"pa_taglia-groesse-34","50":"pa_taglia-groesse-35","51":"pa_taglia-groesse-36","52":"pa_taglia-groesse-37","54":"first","55":"instock","56":"taxable","57":"shipping-taxable","58":"purchasable","59":"product-type-variable"},"_links":{"self":[{"href":"https:\/\/www.mariodoni.it\/de\/wp-json\/wp\/v2\/product\/13342","targetHints":{"allow":["GET"]}}],"collection":[{"href":"https:\/\/www.mariodoni.it\/de\/wp-json\/wp\/v2\/product"}],"about":[{"href":"https:\/\/www.mariodoni.it\/de\/wp-json\/wp\/v2\/types\/product"}],"replies":[{"embeddable":true,"href":"https:\/\/www.mariodoni.it\/de\/wp-json\/wp\/v2\/comments?post=13342"}],"wp:featuredmedia":[{"embeddable":true,"href":"https:\/\/www.mariodoni.it\/de\/wp-json\/wp\/v2\/media\/5990"}],"wp:attachment":[{"href":"https:\/\/www.mariodoni.it\/de\/wp-json\/wp\/v2\/media?parent=13342"}],"wp:term":[{"taxonomy":"product_brand","embeddable":true,"href":"https:\/\/www.mariodoni.it\/de\/wp-json\/wp\/v2\/product_brand?post=13342"},{"taxonomy":"product_cat","embeddable":true,"href":"https:\/\/www.mariodoni.it\/de\/wp-json\/wp\/v2\/product_cat?post=13342"},{"taxonomy":"product_tag","embeddable":true,"href":"https:\/\/www.mariodoni.it\/de\/wp-json\/wp\/v2\/product_tag?post=13342"}],"curies":[{"name":"wp","href":"https:\/\/api.w.org\/{rel}","templated":true}]}}